{"id":6630,"date":"2024-03-11T15:11:51","date_gmt":"2024-03-11T15:11:51","guid":{"rendered":"https:\/\/www.ivh44.si\/Ponudbe\/cuciprehod\/splosni-pogoji-poslovanja-copy\/"},"modified":"2024-03-11T15:21:03","modified_gmt":"2024-03-11T15:21:03","slug":"politika-zasebnosti","status":"publish","type":"page","link":"https:\/\/www.mojcuci.si\/en\/politika-zasebnosti\/","title":{"rendered":"Privacy Policy"},"content":{"rendered":"<div data-elementor-type=\"wp-page\" data-elementor-id=\"6630\" class=\"elementor elementor-6630\" data-elementor-settings=\"{&quot;scroll_snap&quot;:&quot;yes&quot;}\" data-elementor-post-type=\"page\">\n\t\t\t\t\t\t<section class=\"elementor-section elementor-top-section elementor-element elementor-element-265bc696 ct-section-stretched elementor-section-boxed elementor-section-height-default elementor-section-height-default\" data-id=\"265bc696\" data-element_type=\"section\" data-settings=\"{&quot;jet_parallax_layout_list&quot;:[]}\">\n\t\t\t\t\t\t\t<div class=\"elementor-background-overlay\"><\/div>\n\t\t\t\t\t\t\t<div class=\"elementor-container elementor-column-gap-no\">\n\t\t\t\t\t<div class=\"elementor-column elementor-col-100 elementor-top-column elementor-element elementor-element-310d75b8\" data-id=\"310d75b8\" data-element_type=\"column\">\n\t\t\t<div class=\"elementor-widget-wrap elementor-element-populated\">\n\t\t\t\t\t\t<div class=\"elementor-element elementor-element-d0ec48f elementor-widget elementor-widget-text-editor\" data-id=\"d0ec48f\" data-element_type=\"widget\" data-widget_type=\"text-editor.default\">\n\t\t\t\t<div class=\"elementor-widget-container\">\n\t\t\t\t\t\t\t\t\tPrivacy Policy\t\t\t\t\t\t\t\t<\/div>\n\t\t\t\t<\/div>\n\t\t\t\t<div class=\"elementor-element elementor-element-7e53a90f elementor-widget-divider--view-line elementor-widget elementor-widget-divider\" data-id=\"7e53a90f\" data-element_type=\"widget\" data-widget_type=\"divider.default\">\n\t\t\t\t<div class=\"elementor-widget-container\">\n\t\t\t\t\t\t\t<div class=\"elementor-divider\">\n\t\t\t<span class=\"elementor-divider-separator\">\n\t\t\t\t\t\t<\/span>\n\t\t<\/div>\n\t\t\t\t\t\t<\/div>\n\t\t\t\t<\/div>\n\t\t\t\t<div class=\"elementor-element elementor-element-13e9869 elementor-widget elementor-widget-text-editor\" data-id=\"13e9869\" data-element_type=\"widget\" data-widget_type=\"text-editor.default\">\n\t\t\t\t<div class=\"elementor-widget-container\">\n\t\t\t\t\t\t\t\t\t<p><b>1. SPLO\u0160NO<\/b><\/p>\t\t\t\t\t\t\t\t<\/div>\n\t\t\t\t<\/div>\n\t\t\t\t<div class=\"elementor-element elementor-element-2278d9e elementor-widget elementor-widget-text-editor\" data-id=\"2278d9e\" data-element_type=\"widget\" data-widget_type=\"text-editor.default\">\n\t\t\t\t<div class=\"elementor-widget-container\">\n\t\t\t\t\t\t\t\t\t<p class=\"preamble\">Politika varstva osebnih podatkov obravnava ravnanje z informacijami, ki jih Maja Klemen\u010di\u010d s.p. (ponudnik) dobi od obiskovalca, ko ta obi\u0161\u010de spletno mesto podjetja www.mojcuci.si ali ko obiskovalec upravljalcu posreduje podatke na drug na\u010din (preko nakupa preko telefona, e-maila ali druga\u010de).<\/p><p>Politika varstva osebnih podatkov velja za podjetje Maja Klemen\u010di\u010d s.p. za upravljalca in pogodbene izvajalce, ki dejavnosti izvajajo za podjetje Maja Klemen\u010di\u010d s.p..<\/p><p>Vse na\u0161e aktivnosti so v skladu z evropsko zakonodajo (Uredbo (EU) 2016\/697 o varstvu posameznikov pri obdelavi osebnih podatkov in o pretoku takih podatkov (Splo\u0161na uredba o varstvu podatkov ali GDPR) in konvencijami Sveta Evrope (ETS \u0161t. 108, ETS \u0161t.181, ETS \u0161t. 185, ETS \u0161t. 189)) in nacionalno zakonodajo Republike Slovenije (Zakonom o varstvu osebnih podatkov (ZVOP-1, Ur. l. RS, \u0161t. 94\/07), Zakonom o elektronskem poslovanju na trgu (ZEPT, Ur. l. RS, \u0161t. 96\/09 in 19\/15) itd.).<\/p>\t\t\t\t\t\t\t\t<\/div>\n\t\t\t\t<\/div>\n\t\t\t\t<div class=\"elementor-element elementor-element-497448f elementor-widget elementor-widget-text-editor\" data-id=\"497448f\" data-element_type=\"widget\" data-widget_type=\"text-editor.default\">\n\t\t\t\t<div class=\"elementor-widget-container\">\n\t\t\t\t\t\t\t\t\t<p>Splo\u0161ni pogoji poslovanja so sestavljeni v skladu s predpisi s podro\u010dja varstva potro\u0161nikov, na podlagi priporo\u010dil Gospodarske zbornice Slovenije in mednarodnih kodeksov za spletno in elektronsko poslovanje. S spletno trgovino mojcuci.si (v nadaljevanju \u00bbspletna trgovina\u00ab) upravlja Maja Klemen\u010di\u010d s.p. (v nadaljevanju kot \u00bbTrgovec\u00ab).<\/p><p>Trgovec in njegov naslov: Maja KLemen\u010di\u010d s.p., Pot do \u0161ole 8, 1000 Ljubljana.<br \/>Identifikacijska \u0161tevilka: SI 49637894<\/p><p>Z nakupom potro\u0161nik dovoljuje, da Trgovec shranjuje, obdeluje in uporablja osebne podatke, posredovane ob naro\u010dilih ali na spletnem obrazcu, do preklica, za namen ponujanja blaga, anketiranja in statisti\u010dno obdelavo podatkov. Posameznik lahko kadarkoli pisno ali na drug na\u010din zahteva, da Trgovec trajno ali za\u010dasno preneha uporabljati njegove osebne podatke.<\/p><p>S temi Splo\u0161nimi pogoji poslovanja se opredeljuje delovanje spletne trgovine, pravice in dol\u017enosti obiskovalca (uporabnika) in kupca ter poslovno razmerje med Trgovcem in uporabnikom kot kupcem izdelkov iz ponudbe spletne trgovine. Vsebine na spletni strani so za informativno in izobra\u017eevalno rabo ter niso mi\u0161ljene kot nadomestek za zdravni\u0161ko posvetovanje. O uporabnosti nasvetov in predlogov svetujemo, da se kupec posvetuje s svojim osebnim zdravnikom.<\/p>\t\t\t\t\t\t\t\t<\/div>\n\t\t\t\t<\/div>\n\t\t\t\t<div class=\"elementor-element elementor-element-4e6085d elementor-widget elementor-widget-text-editor\" data-id=\"4e6085d\" data-element_type=\"widget\" data-widget_type=\"text-editor.default\">\n\t\t\t\t<div class=\"elementor-widget-container\">\n\t\t\t\t\t\t\t\t\t<p><strong>Upravljalec osebnih podatkov in kontaktni podatki<\/strong><\/p>\t\t\t\t\t\t\t\t<\/div>\n\t\t\t\t<\/div>\n\t\t\t\t<div class=\"elementor-element elementor-element-950fef4 elementor-widget elementor-widget-text-editor\" data-id=\"950fef4\" data-element_type=\"widget\" data-widget_type=\"text-editor.default\">\n\t\t\t\t<div class=\"elementor-widget-container\">\n\t\t\t\t\t\t\t\t\t<p>Maja KLemen\u010di\u010d s.p., Pot do \u0161ole 8, 1000 Ljubljana.<br \/>Identifikacijska \u0161tevilka: SI 49637894<\/p>\t\t\t\t\t\t\t\t<\/div>\n\t\t\t\t<\/div>\n\t\t\t\t<div class=\"elementor-element elementor-element-5294125 elementor-widget elementor-widget-text-editor\" data-id=\"5294125\" data-element_type=\"widget\" data-widget_type=\"text-editor.default\">\n\t\t\t\t<div class=\"elementor-widget-container\">\n\t\t\t\t\t\t\t\t\t<p><strong>Katere osebne podatke obdelujemo?<\/strong><\/p>\t\t\t\t\t\t\t\t<\/div>\n\t\t\t\t<\/div>\n\t\t\t\t<div class=\"elementor-element elementor-element-8b4412c elementor-widget elementor-widget-text-editor\" data-id=\"8b4412c\" data-element_type=\"widget\" data-widget_type=\"text-editor.default\">\n\t\t\t\t<div class=\"elementor-widget-container\">\n\t\t\t\t\t\t\t\t\t<p>Obdelujemo naslednje osebne podatke:<\/p><ul><li>Osnovni kontaktni podatki (ime, telefonska \u0161tevilka, e-naslov).<\/li><li>Podatki o uporabi na\u0161ih spletnih strani (kliki na povezave, porabljen \u010das) in podatki glede odziva na na\u0161a e-po\u0161tna sporo\u010dila (ali je bilo sporo\u010dilo odprto, na katere povezave ste kliknili).<\/li><li>Podatki, ki jih potrebujemo za izpolnitev pogodbe in dostavo kupljenega blaga (predmet nakupa, cena, naslov za dostavo, \u010das dostave, na\u010din pla\u010dila, datum pla\u010dila, podatki o reklamacijah, podatki o izdanem ra\u010dunu ipd.).<\/li><\/ul>\t\t\t\t\t\t\t\t<\/div>\n\t\t\t\t<\/div>\n\t\t\t\t<div class=\"elementor-element elementor-element-708fc0f elementor-widget elementor-widget-text-editor\" data-id=\"708fc0f\" data-element_type=\"widget\" data-widget_type=\"text-editor.default\">\n\t\t\t\t<div class=\"elementor-widget-container\">\n\t\t\t\t\t\t\t\t\t<p><strong>Na\u010dini uporabe podatkov<\/strong><\/p>\t\t\t\t\t\t\t\t<\/div>\n\t\t\t\t<\/div>\n\t\t\t\t<div class=\"elementor-element elementor-element-6cb8d30 elementor-widget elementor-widget-text-editor\" data-id=\"6cb8d30\" data-element_type=\"widget\" data-widget_type=\"text-editor.default\">\n\t\t\t\t<div class=\"elementor-widget-container\">\n\t\t\t\t\t\t\t\t\t<p>Va\u0161e osebne podatke uporabljamo:<\/p><ul><li>kadar je to potrebno za izpolnitev na\u0161ih zakonskih obveznosti (npr. izdaja ra\u010dunov za kupljeno blago);<\/li><li>kadar je obdelava va\u0161ih osebnih podatkov potrebna za sklenitev in izpolnitev pogodbe, ki ste jo sklenili z nami ali ker ste od nas \u017eeleli ponudbo;<\/li><li>kadar ste za obdelavo svojih osebnih podatkov podali privolitev za obdelavo za posamezen namen obdelave, pri \u010demer imate vedno pravico, da dano privolitev prekli\u010dete;<\/li><li>kadar imamo za obdelavo va\u0161ih osebnih podatkov zakonit interes (ko vam po\u0161ljemo e-po\u0161to v primeru, da ste zapustili nakupovalno ko\u0161arico na na\u0161i spletni strani brez dokon\u010danja nakupa).<\/li><\/ul>\t\t\t\t\t\t\t\t<\/div>\n\t\t\t\t<\/div>\n\t\t\t\t<div class=\"elementor-element elementor-element-8038cab elementor-widget elementor-widget-text-editor\" data-id=\"8038cab\" data-element_type=\"widget\" data-widget_type=\"text-editor.default\">\n\t\t\t\t<div class=\"elementor-widget-container\">\n\t\t\t\t\t\t\t\t\t<p><strong>Nameni obdelave osebnih podatkov<\/strong><\/p>\t\t\t\t\t\t\t\t<\/div>\n\t\t\t\t<\/div>\n\t\t\t\t<div class=\"elementor-element elementor-element-88b74f0 elementor-widget elementor-widget-text-editor\" data-id=\"88b74f0\" data-element_type=\"widget\" data-widget_type=\"text-editor.default\">\n\t\t\t\t<div class=\"elementor-widget-container\">\n\t\t\t\t\t\t\t\t\t<p>Va\u0161e osebne podatke lahko uporabljamo za enega ali ve\u010d navedenih namenov:<\/p><ul><li>komuniciranje z vami glede zagotavljanja na\u0161ih storitev ter odgovarjanja na va\u0161a povpra\u0161evanja;<\/li><li>sklenitev pogodbe in izpolnitev obveznosti, ki izhajajo iz sklenjene pogodbe;<\/li><li>tr\u017eno komuniciranje (po\u0161iljanje e-po\u0161te in SMS sporo\u010dil);<\/li><li>za uveljavljanje kakr\u0161nihkoli pravnih zahtevkov in re\u0161evanje sporov;<\/li><li>za statisti\u010dne analize o prodaji na\u0161ega blaga in o uporabi na\u0161ih spletnih strani;<\/li><\/ul>\t\t\t\t\t\t\t\t<\/div>\n\t\t\t\t<\/div>\n\t\t\t\t<div class=\"elementor-element elementor-element-66ba147 elementor-widget elementor-widget-text-editor\" data-id=\"66ba147\" data-element_type=\"widget\" data-widget_type=\"text-editor.default\">\n\t\t\t\t<div class=\"elementor-widget-container\">\n\t\t\t\t\t\t\t\t\t<p><strong>Kako dolgo hranimo va\u0161e osebne podatke in kaj se z njimi zgodi?<\/strong><\/p>\t\t\t\t\t\t\t\t<\/div>\n\t\t\t\t<\/div>\n\t\t\t\t<div class=\"elementor-element elementor-element-b964ce9 elementor-widget elementor-widget-text-editor\" data-id=\"b964ce9\" data-element_type=\"widget\" data-widget_type=\"text-editor.default\">\n\t\t\t\t<div class=\"elementor-widget-container\">\n\t\t\t\t\t\t\t\t\t<ul><li>Podatke o izdanih ra\u010dunih hranimo 10 let od izdaje.<\/li><li>Podatke, ki so potrebni za sklenitev in izpolnitev pogodbe med upravljalcem in kupcem, hranimo \u0161e 5 let od izpolnitve pogodbe (dobave blaga).<\/li><li>Po poteku roka hrambe osebne podatke u\u010dinkovito izbri\u0161emo ali anonimiziramo, kar pomeni, da jih obdelamo na tak na\u010din, da jih nikakor ni ve\u010d mogo\u010de povezati z vami oziroma jih pripisati vam.<\/li><\/ul>\t\t\t\t\t\t\t\t<\/div>\n\t\t\t\t<\/div>\n\t\t\t\t<div class=\"elementor-element elementor-element-fd7e8b4 elementor-widget elementor-widget-text-editor\" data-id=\"fd7e8b4\" data-element_type=\"widget\" data-widget_type=\"text-editor.default\">\n\t\t\t\t<div class=\"elementor-widget-container\">\n\t\t\t\t\t\t\t\t\t<p class=\"smallsubtitle\"><strong>Prostovoljnost posredovanja podatkov in posledice neposredovanja<\/strong><\/p>\t\t\t\t\t\t\t\t<\/div>\n\t\t\t\t<\/div>\n\t\t\t\t<div class=\"elementor-element elementor-element-aeb6de3 elementor-widget elementor-widget-text-editor\" data-id=\"aeb6de3\" data-element_type=\"widget\" data-widget_type=\"text-editor.default\">\n\t\t\t\t<div class=\"elementor-widget-container\">\n\t\t\t\t\t\t\t\t\t<p>Posredovanje osebnih podatkov je prostovoljno. Osebnih podatkov nam niste dol\u017eni posredovati, vendar pa v primeru, da jih ne posredujete, ne morete z nami skleniti pogodbe (saj jih potrebujemo za dostavo naro\u010dila). Kateri podatki so taki, da njihovo neposredovanje povzro\u010di navedene posledice, bomo navedli vsaki\u010d, ko bomo od vas pridobivali osebne podatke.<\/p>\t\t\t\t\t\t\t\t<\/div>\n\t\t\t\t<\/div>\n\t\t\t\t<div class=\"elementor-element elementor-element-6d17875 elementor-widget elementor-widget-text-editor\" data-id=\"6d17875\" data-element_type=\"widget\" data-widget_type=\"text-editor.default\">\n\t\t\t\t<div class=\"elementor-widget-container\">\n\t\t\t\t\t\t\t\t\t<p><strong>Kdo ima dostop do va\u0161ih osebnih podatkov?<\/strong><\/p>\t\t\t\t\t\t\t\t<\/div>\n\t\t\t\t<\/div>\n\t\t\t\t<div class=\"elementor-element elementor-element-18354b2 elementor-widget elementor-widget-text-editor\" data-id=\"18354b2\" data-element_type=\"widget\" data-widget_type=\"text-editor.default\">\n\t\t\t\t<div class=\"elementor-widget-container\">\n\t\t\t\t\t\t\t\t\t<p>Va\u0161ih osebnih podatkov ne posredujemo in ne omogo\u010damo seznanitve z njimi tretjim osebam (izven podjetja Maja Klemen\u010di\u010d s.p. ) razen tistim, ki imajo z nami sklenjeno pisno pogodbo, na podlagi katere izvajajo dolo\u010dena opravila v zvezi z obdelavo podatkov in so dol\u017eni spo\u0161tovati zakonodajo glede obdelave in varstva osebnih podatkov (t.i. pogodbeni izvajalci). Pogodbeni izvajalci, ki jim posredujemo osebne podatke, so:<\/p><ul><li>ponudniki storitev marketinga;<\/li><li>ponudniki po\u0161iljanja e-po\u0161tnih sporo\u010dil;<\/li><li>programerskih in spletnih re\u0161itev;<\/li><li>dostavne slu\u017ebe.<\/li><\/ul><p>Pogodbeni izvajalci smejo osebne podatke obdelovati zgolj v okviru na\u0161ih navodil in osebnih podatkov ne smejo obdelovati za lastne namene. Zavezani so, skupaj s svojimi zaposlenimi, k varovanju zaupnosti va\u0161ih osebnih podatkov.<br \/>Pogodbeni izvajalci osebnih podatkov ne izna\u0161ajo v tretje dr\u017eave (izven dr\u017eav \u010dlanic Evropskega gospodarskega prostora \u2013 to so \u010dlanice EU ter Islandija, Norve\u0161ka in Liechtenstein).<\/p>\t\t\t\t\t\t\t\t<\/div>\n\t\t\t\t<\/div>\n\t\t\t\t<div class=\"elementor-element elementor-element-794bdc0 elementor-widget elementor-widget-text-editor\" data-id=\"794bdc0\" data-element_type=\"widget\" data-widget_type=\"text-editor.default\">\n\t\t\t\t<div class=\"elementor-widget-container\">\n\t\t\t\t\t\t\t\t\t<p><strong>Kak\u0161ne pravice imate v zvezi z osebnimi podatki, kako lahko prekli\u010dete privolitev za obdelavo in kak\u0161ne so posledicepreklica?<\/strong><\/p>\t\t\t\t\t\t\t\t<\/div>\n\t\t\t\t<\/div>\n\t\t\t\t<div class=\"elementor-element elementor-element-326dd6d elementor-widget elementor-widget-text-editor\" data-id=\"326dd6d\" data-element_type=\"widget\" data-widget_type=\"text-editor.default\">\n\t\t\t\t<div class=\"elementor-widget-container\">\n\t\t\t\t\t\t\t\t\t<p>Glede svojih osebnih podatkov imate naslednje pravice:<\/p><p><strong>1. da od nas kadarkoli zahtevate:<\/strong><\/p><ul><li>potrditev, ali obdelujemo va\u0161e osebne podatke;<\/li><li>dostop do osebnih podatkov;<\/li><li>informacije o namenu obdelave;<\/li><li>informacije o vrsti osebnih podatkov;<\/li><li>informacije o uporabnikih ali kategorijah uporabnikov, ki so jim bili ali jim bodo razkriti osebni podatki, zlasti uporabnike v tretjih dr\u017eavah ali mednarodnih organizacijah;<\/li><li>predvideno obdobje hrambe osebnih podatkov ali, \u010de to ni mogo\u010de, merila, ki se uporabijo za dolo\u010ditev tega obdobja;<\/li><li>obstoj avtomatiziranega sprejemanja odlo\u010ditev, vklju\u010dno z oblikovanjem profilov ter razloge zanj kot tudi pomen in predvidene posledice take obdelave za vas;<\/li><li>eno (brezpla\u010dno) kopijo osebnih podatkov v obliki, ki jo dolo\u010dite sami (\u010de je zahteva podana z elektronskim sredstvomza komunikacijo in ne zahtevate druga\u010de, se kopija zagotovi v elektronski obliki); za dodatne kopije, ki jih zahtevate, lahko zara\u010dunamo razumno pristojbino ob upo\u0161tevanju stro\u0161kov;<\/li><li>popravek neto\u010dnih osebnih podatkov;- omejitev obdelave, kadar:<\/li><li>oporekate to\u010dnosti osebnih podatkov, in sicer za obdobje, ki nam omogo\u010da preveriti to\u010dnost osebnih podatkov;<\/li><li>je obdelava nezakonita in nasprotujete izbrisu osebnih podatkov ter namesto tega zahtevate omejitev njihove uporabe;<\/li><li>osebnih podatkov ne potrebujemo ve\u010d za namene obdelave, pa jih vi potrebuje za uveljavljanje, izvajanje ali obrambo pravnih zahtevkov;<\/li><li>izbris vseh osebnih podatkov (pravica do pozabe), \u010de so izpolnjene predpostavke iz \u010dlena 17 Splo\u0161ne uredbe ovarstvu podatkov, predvsem pa v primeru, kadar prekli\u010dete privolitev za obdelavo osebnih podatkov;<\/li><li>izpis osebnih podatkov v strukturirani, splo\u0161no uporabljani in strojno berljivi obliki, s pravico, da te podatkeposredujete drugemu upravljavcu, ne da bi vas mi pri tem ovirali;<\/li><li>prenehanje uporabe osebnih podatkov za namene neposrednega tr\u017eenja, vklju\u010dno z oblikovanjem profilov;<\/li><li>da za vas ne velja odlo\u010ditev, ki temelji zgolj na avtomatizirani obdelavi, vklju\u010dno z oblikovanjem profilov \u010de soizpolnjene predpostavke iz \u010dlena 22 Splo\u0161ne uredbe o varstvu podatkov.<\/li><\/ul><p><strong>2. pravico, da zoper nas vlo\u017eite prito\u017ebo pri Informacijskem poobla\u0161\u010dencu, \u010de menite, da obdelava va\u0161ih osebnih podatkov kr\u0161i Splo\u0161no uredbo o varstvu podatkov.<\/strong><\/p>\t\t\t\t\t\t\t\t<\/div>\n\t\t\t\t<\/div>\n\t\t\t\t<div class=\"elementor-element elementor-element-1faa55c elementor-widget elementor-widget-text-editor\" data-id=\"1faa55c\" data-element_type=\"widget\" data-widget_type=\"text-editor.default\">\n\t\t\t\t<div class=\"elementor-widget-container\">\n\t\t\t\t\t\t\t\t\t<p><strong>Svoboda izbira<\/strong><\/p>\t\t\t\t\t\t\t\t<\/div>\n\t\t\t\t<\/div>\n\t\t\t\t<div class=\"elementor-element elementor-element-766ecb4 elementor-widget elementor-widget-text-editor\" data-id=\"766ecb4\" data-element_type=\"widget\" data-widget_type=\"text-editor.default\">\n\t\t\t\t<div class=\"elementor-widget-container\">\n\t\t\t\t\t\t\t\t\t<p>Informacije, ki jih o sebi posredujete, nadzorujete vi. \u010ce se odlo\u010dite, da va\u0161ih podatkov ponudniku ne boste posredovali, potem do nekaterih mest, oziroma funkcij na spletni strani ne boste mogli dostopati.<br \/>\u010ce se spremenijo va\u0161i osebni podatki (po\u0161tna \u0161tevilka, e-naslov, fizi\u010dni naslov, telefonska \u0161tevilka), vas prosimo, da nas ospremembah obvestite na e-naslov <a href=\"mailto:%20c.luka.kanc@gmail.com\"><span class=\"elementor-icon-list-text\">mojcuci.si@gmail.com<\/span><\/a>.<\/p>\t\t\t\t\t\t\t\t<\/div>\n\t\t\t\t<\/div>\n\t\t\t\t<div class=\"elementor-element elementor-element-659d19d elementor-widget elementor-widget-text-editor\" data-id=\"659d19d\" data-element_type=\"widget\" data-widget_type=\"text-editor.default\">\n\t\t\t\t<div class=\"elementor-widget-container\">\n\t\t\t\t\t\t\t\t\t<p><strong>Postopek uveljavljanja pravic<\/strong><\/p>\t\t\t\t\t\t\t\t<\/div>\n\t\t\t\t<\/div>\n\t\t\t\t<div class=\"elementor-element elementor-element-64cf943 elementor-widget elementor-widget-text-editor\" data-id=\"64cf943\" data-element_type=\"widget\" data-widget_type=\"text-editor.default\">\n\t\t\t\t<div class=\"elementor-widget-container\">\n\t\t\t\t\t\t\t\t\t<p>Svoje zahteve, ki se ti\u010dejo uveljavljanja pravic v zvezi z osebnimi podatki lahko naslovite v pisni obliki ali na katerikoli kontakt podjetja Maja Klemen\u010di\u010d s.p..<br \/><br \/>Na va\u0161o zahtevo s katero uveljavljate svoje pravice v zvezi z osebnimi podatki bomo odgovorili brez odla\u0161anja oziroma najkasneje v roku 14 dni od prejema va\u0161e zahteve.<\/p>\t\t\t\t\t\t\t\t<\/div>\n\t\t\t\t<\/div>\n\t\t\t\t<div class=\"elementor-element elementor-element-7945bd6 elementor-widget elementor-widget-text-editor\" data-id=\"7945bd6\" data-element_type=\"widget\" data-widget_type=\"text-editor.default\">\n\t\t\t\t<div class=\"elementor-widget-container\">\n\t\t\t\t\t\t\t\t\t<p><strong>Avtomati\u010dno bele\u017eenje informacij (neosebni podatki)<\/strong><\/p>\t\t\t\t\t\t\t\t<\/div>\n\t\t\t\t<\/div>\n\t\t\t\t<div class=\"elementor-element elementor-element-729e6c8 elementor-widget elementor-widget-text-editor\" data-id=\"729e6c8\" data-element_type=\"widget\" data-widget_type=\"text-editor.default\">\n\t\t\t\t<div class=\"elementor-widget-container\">\n\t\t\t\t\t\t\t\t\t<p>Kadar koli dostopate na spletno stran, se splo\u0161ni, neosebni podatki (\u0161tevilo obiskov, povpre\u010den \u010das obiska na spletni strani, obiskane strani) avtomati\u010dno bele\u017eijo (ne kot del prijave). Te informacije uporabljamo za merjenje privla\u010dnosti na\u0161e spletne strani in izbolj\u0161evanje vsebin in uporabnosti. Va\u0161i podatki niso predmet nadaljnje obravnave in niso posredovani tretji stranki.<\/p>\t\t\t\t\t\t\t\t<\/div>\n\t\t\t\t<\/div>\n\t\t\t\t<div class=\"elementor-element elementor-element-ab6a782 elementor-widget elementor-widget-menu-anchor\" data-id=\"ab6a782\" data-element_type=\"widget\" data-widget_type=\"menu-anchor.default\">\n\t\t\t\t<div class=\"elementor-widget-container\">\n\t\t\t\t\t\t\t<div class=\"elementor-menu-anchor\" id=\"piskotki\"><\/div>\n\t\t\t\t\t\t<\/div>\n\t\t\t\t<\/div>\n\t\t\t\t<div class=\"elementor-element elementor-element-7c03b4d elementor-widget elementor-widget-text-editor\" data-id=\"7c03b4d\" data-element_type=\"widget\" data-widget_type=\"text-editor.default\">\n\t\t\t\t<div class=\"elementor-widget-container\">\n\t\t\t\t\t\t\t\t\t<p><strong>Cookies<\/strong><\/p>\t\t\t\t\t\t\t\t<\/div>\n\t\t\t\t<\/div>\n\t\t\t\t<div class=\"elementor-element elementor-element-705222d elementor-widget elementor-widget-text-editor\" data-id=\"705222d\" data-element_type=\"widget\" data-widget_type=\"text-editor.default\">\n\t\t\t\t<div class=\"elementor-widget-container\">\n\t\t\t\t\t\t\t\t\t<p>Pi\u0161kotki so neopazne datoteke, ki so za\u010dasno shranjene na va\u0161em trdem disku in omogo\u010dajo ponudniku prepoznavanje va\u0161ega ra\u010dunalnika, ko naslednji\u010d obi\u0161\u010dete spletno stran. Ponudnik uporablja pi\u0161kotke le za zbiranje informacij, ki zadevajo uporabo spletne strani, in za optimizacijo svojih internetnih oglasnih aktivnosti.<br \/>Ogla\u0161evalski pi\u0161kotki spremljajo posameznikovo uporabo spletne strani ponudnika, razen \u010de se posameznik z uporabo pi\u0161kotkov na strani ne strinja.<\/p>\t\t\t\t\t\t\t\t<\/div>\n\t\t\t\t<\/div>\n\t\t\t\t<div class=\"elementor-element elementor-element-3272f39 elementor-widget elementor-widget-text-editor\" data-id=\"3272f39\" data-element_type=\"widget\" data-widget_type=\"text-editor.default\">\n\t\t\t\t<div class=\"elementor-widget-container\">\n\t\t\t\t\t\t\t\t\t<p><strong>Varnost<\/strong><\/p>\t\t\t\t\t\t\t\t<\/div>\n\t\t\t\t<\/div>\n\t\t\t\t<div class=\"elementor-element elementor-element-18e7c36 elementor-widget elementor-widget-text-editor\" data-id=\"18e7c36\" data-element_type=\"widget\" data-widget_type=\"text-editor.default\">\n\t\t\t\t<div class=\"elementor-widget-container\">\n\t\t\t\t\t\t\t\t\t<p>Ponudnik si prizadeva za zagotovitev varnosti osebnih podatkov. Va\u0161i podatki so ves \u010das za\u0161\u010diteni pred izgubo, uni\u010denjem, ponarejanjem, manipuliranjem in neavtoriziranim dostopom ali neavtoriziranim odkritjem.<br \/>Vsaka sprememba na\u0161e politike o varovanju osebnih podatkov bo objavljena na na\u0161em spletnem mestu.<\/p>\t\t\t\t\t\t\t\t<\/div>\n\t\t\t\t<\/div>\n\t\t\t\t<div class=\"elementor-element elementor-element-56a5d32 elementor-widget elementor-widget-text-editor\" data-id=\"56a5d32\" data-element_type=\"widget\" data-widget_type=\"text-editor.default\">\n\t\t\t\t<div class=\"elementor-widget-container\">\n\t\t\t\t\t\t\t\t\t<p><span style=\"font-size: inherit; text-align: inherit; font-family: var( --e-global-typography-text-font-family ), Sans-serif; font-weight: var( --e-global-typography-text-font-weight ); color: var(--theme-text-color); font-style: var(--fontStyle, inherit); letter-spacing: var(--letterSpacing); text-transform: var(--textTransform);\">V Ljubljani, dne 4.5.2021.<\/span><\/p>\t\t\t\t\t\t\t\t<\/div>\n\t\t\t\t<\/div>\n\t\t\t\t\t<\/div>\n\t\t<\/div>\n\t\t\t\t\t<\/div>\n\t\t<\/section>\n\t\t\t\t<\/div>","protected":false},"excerpt":{"rendered":"<p>1. SPLO\u0160NO Politika varstva osebnih podatkov obravnava ravnanje z informacijami, ki jih Maja Klemen\u010di\u010d s.p. (ponudnik) dobi od obiskovalca, ko ta obi\u0161\u010de spletno mesto podjetja www.mojcuci.si ali ko obiskovalec upravljalcu posreduje podatke na drug na\u010din (preko nakupa preko telefona, e-maila ali druga\u010de). Politika varstva osebnih podatkov velja za podjetje Maja Klemen\u010di\u010d s.p. za upravljalca in [&hellip;]<\/p>\n","protected":false},"author":1,"featured_media":0,"parent":0,"menu_order":0,"comment_status":"closed","ping_status":"closed","template":"","meta":{"_seopress_robots_primary_cat":"","_seopress_titles_title":"","_seopress_titles_desc":"","_seopress_robots_index":"","footnotes":""},"class_list":["post-6630","page","type-page","status-publish","hentry"],"blocksy_meta":[],"_links":{"self":[{"href":"https:\/\/www.mojcuci.si\/en\/wp-json\/wp\/v2\/pages\/6630","targetHints":{"allow":["GET"]}}],"collection":[{"href":"https:\/\/www.mojcuci.si\/en\/wp-json\/wp\/v2\/pages"}],"about":[{"href":"https:\/\/www.mojcuci.si\/en\/wp-json\/wp\/v2\/types\/page"}],"author":[{"embeddable":true,"href":"https:\/\/www.mojcuci.si\/en\/wp-json\/wp\/v2\/users\/1"}],"replies":[{"embeddable":true,"href":"https:\/\/www.mojcuci.si\/en\/wp-json\/wp\/v2\/comments?post=6630"}],"version-history":[{"count":0,"href":"https:\/\/www.mojcuci.si\/en\/wp-json\/wp\/v2\/pages\/6630\/revisions"}],"wp:attachment":[{"href":"https:\/\/www.mojcuci.si\/en\/wp-json\/wp\/v2\/media?parent=6630"}],"curies":[{"name":"wp","href":"https:\/\/api.w.org\/{rel}","templated":true}]}}