{"id":10090,"date":"2026-04-12T15:55:35","date_gmt":"2026-04-12T15:55:35","guid":{"rendered":"https:\/\/www.mojcuci.si\/?post_type=product&#038;p=10090"},"modified":"2026-04-15T19:05:55","modified_gmt":"2026-04-15T19:05:55","slug":"omega-3-mascobne-kisline","status":"publish","type":"product","link":"https:\/\/www.mojcuci.si\/en\/product\/omega-3-mascobne-kisline\/","title":{"rendered":"Omega-3 ma\u0161\u010dobne kisline"},"content":{"rendered":"","protected":false},"excerpt":{"rendered":"<p class=\"font-semibold\"><span dir=\"auto\"><strong>Ma\u0161\u010dobne kisline EPA in DHA imajo ve\u010dplasten, pozitiven u\u010dinek na telo psov in drugih hi\u0161nih ljubljen\u010dkov.<\/strong><\/span><\/p>\n<h3 class=\"product_title entry-title text-3xl md:text-4xl leading-[28px] md:leading-[32px] font-semibold\">Game Dog Omega-3<\/h3>\n<ul class=\"mt-[10px]\">\n<li class=\"flex gap-[10px] mb-[10px]\">\n<p class=\"pb-0\"><span dir=\"auto\">Podpira procese, ki zmanj\u0161ujejo vnetje<\/span><\/p>\n<\/li>\n<li class=\"flex gap-[10px] mb-[10px]\">\n<p class=\"pb-0\"><span dir=\"auto\">Ima nevroprotektivni u\u010dinek<\/span><\/p>\n<\/li>\n<li class=\"flex gap-[10px] mb-[10px]\">\n<p class=\"pb-0\"><span dir=\"auto\">Podpira dietno terapijo za sklepne in ko\u017ene bolezni<\/span><\/p>\n<\/li>\n<li class=\"flex gap-[10px] mb-[10px]\">\n<p class=\"pb-0\"><span dir=\"auto\">Krepi srce in krvo\u017eilni sistem<\/span><\/p>\n<\/li>\n<li class=\"flex gap-[10px] mb-[10px]\">\n<p class=\"pb-0\"><span dir=\"auto\">Laj\u0161a u\u010dinke kroni\u010dne odpovedi ledvic<\/span><\/p>\n<\/li>\n<\/ul>\n<p><span data-contrast=\"auto\"><span dir=\"auto\">Razpolo\u017eljiva pakiranja: Omega-3 60 kapsul.<\/span><\/span><\/p>\n","protected":false},"featured_media":10098,"template":"","meta":{"_seopress_robots_primary_cat":"none","_seopress_titles_title":"","_seopress_titles_desc":"","_seopress_robots_index":""},"product_brand":[],"product_cat":[148],"product_tag":[],"class_list":{"0":"post-10090","1":"product","2":"type-product","3":"status-publish","4":"has-post-thumbnail","6":"product_cat-prehranski-dodatki","8":"first","9":"instock","10":"taxable","11":"shipping-taxable","12":"purchasable","13":"product-type-simple"},"_links":{"self":[{"href":"https:\/\/www.mojcuci.si\/en\/wp-json\/wp\/v2\/product\/10090","targetHints":{"allow":["GET"]}}],"collection":[{"href":"https:\/\/www.mojcuci.si\/en\/wp-json\/wp\/v2\/product"}],"about":[{"href":"https:\/\/www.mojcuci.si\/en\/wp-json\/wp\/v2\/types\/product"}],"version-history":[{"count":0,"href":"https:\/\/www.mojcuci.si\/en\/wp-json\/wp\/v2\/product\/10090\/revisions"}],"wp:featuredmedia":[{"embeddable":true,"href":"https:\/\/www.mojcuci.si\/en\/wp-json\/wp\/v2\/media\/10098"}],"wp:attachment":[{"href":"https:\/\/www.mojcuci.si\/en\/wp-json\/wp\/v2\/media?parent=10090"}],"wp:term":[{"taxonomy":"product_brand","embeddable":true,"href":"https:\/\/www.mojcuci.si\/en\/wp-json\/wp\/v2\/product_brand?post=10090"},{"taxonomy":"product_cat","embeddable":true,"href":"https:\/\/www.mojcuci.si\/en\/wp-json\/wp\/v2\/product_cat?post=10090"},{"taxonomy":"product_tag","embeddable":true,"href":"https:\/\/www.mojcuci.si\/en\/wp-json\/wp\/v2\/product_tag?post=10090"}],"curies":[{"name":"wp","href":"https:\/\/api.w.org\/{rel}","templated":true}]}}