{"id":10146,"date":"2026-05-07T20:44:40","date_gmt":"2026-05-07T20:44:40","guid":{"rendered":"https:\/\/www.mojcuci.si\/?post_type=product&#038;p=10146"},"modified":"2026-05-07T21:44:02","modified_gmt":"2026-05-07T21:44:02","slug":"morski-duo-za-zdrave-sklepe-in-mocno-srce-%f0%9f%90%be","status":"publish","type":"product","link":"https:\/\/www.mojcuci.si\/en\/product\/morski-duo-za-zdrave-sklepe-in-mocno-srce-%f0%9f%90%be\/","title":{"rendered":"Morski duo za zdrave sklepe in mo\u010dno srce \ud83d\udc3e"},"content":{"rendered":"","protected":false},"excerpt":{"rendered":"<p data-start=\"0\" data-end=\"57\"><strong data-start=\"0\" data-end=\"57\">Poletni paket za lahkoten korak in sre\u010dne sprehode \ud83d\udc3e<\/strong><\/p>\n<p data-start=\"59\" data-end=\"226\">Kombinacija <strong data-start=\"71\" data-end=\"90\">AniFlexi Marine<\/strong> in K<strong data-start=\"94\" data-end=\"113\">rillovega olja<\/strong> poskrbi za podporo sklepom, gibljivosti in bolj\u0161emu po\u010dutju tvojega ku\u017eka \u2014 \u0161e posebej v aktivnih poletnih dneh.<\/p>\n<p data-start=\"228\" data-end=\"359\">\ud83e\uddb4 <strong data-start=\"231\" data-end=\"250\">AniFlexi Marine<\/strong> pomaga pri podpori sklepom, hrustancu in gibljivosti, da so sprehodi, igra in skakanje spet bolj brezskrbni.<\/p>\n<p data-start=\"361\" data-end=\"482\">\ud83d\udc1f <strong data-start=\"364\" data-end=\"381\">Krill Oil<\/strong> pa s svojo bogato vsebnostjo omega-3 ma\u0161\u010dob podpira sklepe, ko\u017eo, mo\u010dno srce, sijo\u010do dlako in splo\u0161no vitalnost.<\/p>\n<p data-start=\"484\" data-end=\"602\" data-is-last-node=\"\" data-is-only-node=\"\">Skupaj tvorita odli\u010den duo za ku\u017eke, ki si zaslu\u017eijo ve\u010d gibanja, manj nelagodja in ve\u010d veselih mahajo\u010dih repkov. \u2600\ufe0f\ud83d\udc36<\/p>\n<p data-start=\"484\" data-end=\"602\" data-is-last-node=\"\" data-is-only-node=\"\">Pakiranje: AF Marine 80 tabl, Krill 60 \u017eelatink<\/p>","protected":false},"featured_media":10154,"comment_status":"open","ping_status":"closed","template":"","meta":{"_seopress_robots_primary_cat":"none","_seopress_titles_title":"","_seopress_titles_desc":"","_seopress_robots_index":""},"product_brand":[241],"product_cat":[169,148],"product_tag":[],"class_list":{"0":"post-10146","1":"product","2":"type-product","3":"status-publish","4":"has-post-thumbnail","6":"product_brand-game-dog-performance-nutrition","7":"product_cat-hrana-in-prehranski-dodatki-za-pse","8":"product_cat-prehranski-dodatki","10":"first","11":"instock","12":"sale","13":"taxable","14":"shipping-taxable","15":"purchasable","16":"product-type-woosb"},"_links":{"self":[{"href":"https:\/\/www.mojcuci.si\/en\/wp-json\/wp\/v2\/product\/10146","targetHints":{"allow":["GET"]}}],"collection":[{"href":"https:\/\/www.mojcuci.si\/en\/wp-json\/wp\/v2\/product"}],"about":[{"href":"https:\/\/www.mojcuci.si\/en\/wp-json\/wp\/v2\/types\/product"}],"replies":[{"embeddable":true,"href":"https:\/\/www.mojcuci.si\/en\/wp-json\/wp\/v2\/comments?post=10146"}],"version-history":[{"count":4,"href":"https:\/\/www.mojcuci.si\/en\/wp-json\/wp\/v2\/product\/10146\/revisions"}],"predecessor-version":[{"id":10158,"href":"https:\/\/www.mojcuci.si\/en\/wp-json\/wp\/v2\/product\/10146\/revisions\/10158"}],"wp:featuredmedia":[{"embeddable":true,"href":"https:\/\/www.mojcuci.si\/en\/wp-json\/wp\/v2\/media\/10154"}],"wp:attachment":[{"href":"https:\/\/www.mojcuci.si\/en\/wp-json\/wp\/v2\/media?parent=10146"}],"wp:term":[{"taxonomy":"product_brand","embeddable":true,"href":"https:\/\/www.mojcuci.si\/en\/wp-json\/wp\/v2\/product_brand?post=10146"},{"taxonomy":"product_cat","embeddable":true,"href":"https:\/\/www.mojcuci.si\/en\/wp-json\/wp\/v2\/product_cat?post=10146"},{"taxonomy":"product_tag","embeddable":true,"href":"https:\/\/www.mojcuci.si\/en\/wp-json\/wp\/v2\/product_tag?post=10146"}],"curies":[{"name":"wp","href":"https:\/\/api.w.org\/{rel}","templated":true}]}}