{"id":5727,"date":"2023-10-14T09:18:17","date_gmt":"2023-10-14T09:18:17","guid":{"rendered":"https:\/\/www.ivh44.si\/Ponudbe\/cuciprehod\/?post_type=product&#038;p=5727"},"modified":"2026-04-12T16:36:12","modified_gmt":"2026-04-12T16:36:12","slug":"muscle-booster-400g","status":"publish","type":"product","link":"https:\/\/www.mojcuci.si\/en\/product\/muscle-booster-400g\/","title":{"rendered":"Muscle Booster 400g"},"content":{"rendered":"<p>.<\/p>","protected":false},"excerpt":{"rendered":"<div id=\"product-description-short-31\" class=\"product-description-short rte\">\n<h4><strong>GameDog MUSCLE BOOSTER<\/strong> \u2013 popolni dodatek k prehrani za \u0161portne in delovne pse ali samo vikend bojevnike<\/h4>\n<ul>\n<li>U\u010dinkovito podpira izgradnjo mi\u0161i\u010dne mase<\/li>\n<li>Pove\u010da mi\u0161i\u010dno mo\u010d, zmogljivost in vzdr\u017eljivost<\/li>\n<li>Zmanj\u0161uje po\u0161kodbe mi\u0161ic po treningu<\/li>\n<li>Podpira regeneracijo med in po treningu<\/li>\n<li>Pospe\u0161uje okrevanje<\/li>\n<\/ul>\n<p>&nbsp;<\/p>\n<p>Pakiranje: 400g<\/p>\n<\/div>","protected":false},"featured_media":5729,"template":"","meta":{"_seopress_robots_primary_cat":"none","_seopress_titles_title":"MUSCLE BOOSTER mojcuci.si","_seopress_titles_desc":"","_seopress_robots_index":""},"product_brand":[241],"product_cat":[169,148],"product_tag":[],"class_list":{"0":"post-5727","1":"product","2":"type-product","3":"status-publish","4":"has-post-thumbnail","6":"product_brand-game-dog-performance-nutrition","7":"product_cat-hrana-in-prehranski-dodatki-za-pse","8":"product_cat-prehranski-dodatki","10":"first","11":"instock","12":"taxable","13":"shipping-taxable","14":"purchasable","15":"product-type-simple"},"_links":{"self":[{"href":"https:\/\/www.mojcuci.si\/en\/wp-json\/wp\/v2\/product\/5727","targetHints":{"allow":["GET"]}}],"collection":[{"href":"https:\/\/www.mojcuci.si\/en\/wp-json\/wp\/v2\/product"}],"about":[{"href":"https:\/\/www.mojcuci.si\/en\/wp-json\/wp\/v2\/types\/product"}],"version-history":[{"count":0,"href":"https:\/\/www.mojcuci.si\/en\/wp-json\/wp\/v2\/product\/5727\/revisions"}],"wp:featuredmedia":[{"embeddable":true,"href":"https:\/\/www.mojcuci.si\/en\/wp-json\/wp\/v2\/media\/5729"}],"wp:attachment":[{"href":"https:\/\/www.mojcuci.si\/en\/wp-json\/wp\/v2\/media?parent=5727"}],"wp:term":[{"taxonomy":"product_brand","embeddable":true,"href":"https:\/\/www.mojcuci.si\/en\/wp-json\/wp\/v2\/product_brand?post=5727"},{"taxonomy":"product_cat","embeddable":true,"href":"https:\/\/www.mojcuci.si\/en\/wp-json\/wp\/v2\/product_cat?post=5727"},{"taxonomy":"product_tag","embeddable":true,"href":"https:\/\/www.mojcuci.si\/en\/wp-json\/wp\/v2\/product_tag?post=5727"}],"curies":[{"name":"wp","href":"https:\/\/api.w.org\/{rel}","templated":true}]}}