{"id":6402,"date":"2024-03-05T01:03:09","date_gmt":"2024-03-05T01:03:09","guid":{"rendered":"https:\/\/www.ivh44.si\/Ponudbe\/cuciprehod\/?post_type=product&#038;p=6402"},"modified":"2026-04-18T21:28:13","modified_gmt":"2026-04-18T21:28:13","slug":"omega-forte","status":"publish","type":"product","link":"https:\/\/www.mojcuci.si\/en\/product\/omega-forte\/","title":{"rendered":"Omega Forte"},"content":{"rendered":"","protected":false},"excerpt":{"rendered":"<h5><strong>GameDog Omega3 Forte 1000 mg\u00a0 &#8211; za lep\u0161i ko\u017euh, ve\u010djo odpornost<\/strong><\/h5>\n<ul>\n<li><span class=\"goog-text-highlight\">Strengthens the heart and circulatory system<\/span><\/li>\n<li>Supports liver regeneration<\/li>\n<li>Has a neuroprotective effect<\/li>\n<li>Has a strong analgesic and anti-inflammatory effect<\/li>\n<li>Supports the treatment of degenerative and skin diseases (atopy, seborrhea)<\/li>\n<li>Alleviates the course of allergies<\/li>\n<li>Helps improve the condition of the coat and skin<\/li>\n<\/ul>\n<p>Packaging: 120 capsules<\/p>\n<blockquote><p>&nbsp;<\/p><\/blockquote>","protected":false},"featured_media":6425,"comment_status":"closed","ping_status":"closed","template":"","meta":{"_seopress_robots_primary_cat":"none","_seopress_titles_title":"","_seopress_titles_desc":"","_seopress_robots_index":""},"product_brand":[241],"product_cat":[169,148],"product_tag":[],"class_list":{"0":"post-6402","1":"product","2":"type-product","3":"status-publish","4":"has-post-thumbnail","6":"product_brand-game-dog-performance-nutrition","7":"product_cat-hrana-in-prehranski-dodatki-za-pse","8":"product_cat-prehranski-dodatki","10":"first","11":"instock","12":"taxable","13":"shipping-taxable","14":"purchasable","15":"product-type-simple"},"_links":{"self":[{"href":"https:\/\/www.mojcuci.si\/en\/wp-json\/wp\/v2\/product\/6402","targetHints":{"allow":["GET"]}}],"collection":[{"href":"https:\/\/www.mojcuci.si\/en\/wp-json\/wp\/v2\/product"}],"about":[{"href":"https:\/\/www.mojcuci.si\/en\/wp-json\/wp\/v2\/types\/product"}],"replies":[{"embeddable":true,"href":"https:\/\/www.mojcuci.si\/en\/wp-json\/wp\/v2\/comments?post=6402"}],"version-history":[{"count":0,"href":"https:\/\/www.mojcuci.si\/en\/wp-json\/wp\/v2\/product\/6402\/revisions"}],"wp:featuredmedia":[{"embeddable":true,"href":"https:\/\/www.mojcuci.si\/en\/wp-json\/wp\/v2\/media\/6425"}],"wp:attachment":[{"href":"https:\/\/www.mojcuci.si\/en\/wp-json\/wp\/v2\/media?parent=6402"}],"wp:term":[{"taxonomy":"product_brand","embeddable":true,"href":"https:\/\/www.mojcuci.si\/en\/wp-json\/wp\/v2\/product_brand?post=6402"},{"taxonomy":"product_cat","embeddable":true,"href":"https:\/\/www.mojcuci.si\/en\/wp-json\/wp\/v2\/product_cat?post=6402"},{"taxonomy":"product_tag","embeddable":true,"href":"https:\/\/www.mojcuci.si\/en\/wp-json\/wp\/v2\/product_tag?post=6402"}],"curies":[{"name":"wp","href":"https:\/\/api.w.org\/{rel}","templated":true}]}}