{"id":6762,"date":"2025-01-10T10:17:06","date_gmt":"2025-01-10T10:17:06","guid":{"rendered":"https:\/\/www.ivh44.si\/Ponudbe\/cuciprehod\/?post_type=product&#038;p=6762"},"modified":"2025-10-16T18:49:10","modified_gmt":"2025-10-16T18:49:10","slug":"kudo-s-piscancem-in-zelenjavo-za-odrasle-pse","status":"publish","type":"product","link":"https:\/\/www.mojcuci.si\/en\/product\/kudo-s-piscancem-in-zelenjavo-za-odrasle-pse\/","title":{"rendered":"Kudo s pi\u0161\u010dancem in zelenjavo za odrasle pse"},"content":{"rendered":"<p>Popolna hladno stiskana pasja hrana, ki vsebuje\u00a0<strong>54% pi\u0161\u010danca<\/strong>.<\/p>\n<ul>\n<li>odli\u010dna izbira za\u00a0<strong>zdravo ko\u017eo in sijo\u010do dlako<\/strong><\/li>\n<li><strong>54% pi\u0161\u010danca<\/strong>\u00a0(meso, organi in ma\u0161\u010dobe)<\/li>\n<li><strong>BREZ glutena<\/strong><\/li>\n<li>Velika vsebnost vlaknin<\/li>\n<li><strong>lahko prebavljiva<\/strong><\/li>\n<li><strong>NE\u00a0<\/strong>vsebuje umetnih barvil ali arom<\/li>\n<li>Pakiranje: 12 kg<\/li>\n<\/ul>","protected":false},"excerpt":{"rendered":"<p>Popolna hladno stiskana pasja hrana, ki vsebuje\u00a054% pi\u0161\u010danca. odli\u010dna izbira za\u00a0zdravo ko\u017eo in sijo\u010do dlako 54% pi\u0161\u010danca\u00a0(meso, organi in ma\u0161\u010dobe) BREZ glutena Velika vsebnost vlaknin lahko prebavljiva NE\u00a0vsebuje umetnih barvil ali arom Pakiranje: 12 kg<\/p>","protected":false},"featured_media":6766,"comment_status":"closed","ping_status":"closed","template":"","meta":{"_seopress_robots_primary_cat":"none","_seopress_titles_title":"","_seopress_titles_desc":"","_seopress_robots_index":""},"product_brand":[245],"product_cat":[186,169],"product_tag":[],"class_list":{"0":"post-6762","1":"product","2":"type-product","3":"status-publish","4":"has-post-thumbnail","6":"product_brand-kudo","7":"product_cat-hladno-stiskana-hrana-za-pse","8":"product_cat-hrana-in-prehranski-dodatki-za-pse","10":"first","11":"instock","12":"taxable","13":"shipping-taxable","14":"purchasable","15":"product-type-simple"},"_links":{"self":[{"href":"https:\/\/www.mojcuci.si\/en\/wp-json\/wp\/v2\/product\/6762","targetHints":{"allow":["GET"]}}],"collection":[{"href":"https:\/\/www.mojcuci.si\/en\/wp-json\/wp\/v2\/product"}],"about":[{"href":"https:\/\/www.mojcuci.si\/en\/wp-json\/wp\/v2\/types\/product"}],"replies":[{"embeddable":true,"href":"https:\/\/www.mojcuci.si\/en\/wp-json\/wp\/v2\/comments?post=6762"}],"version-history":[{"count":0,"href":"https:\/\/www.mojcuci.si\/en\/wp-json\/wp\/v2\/product\/6762\/revisions"}],"wp:featuredmedia":[{"embeddable":true,"href":"https:\/\/www.mojcuci.si\/en\/wp-json\/wp\/v2\/media\/6766"}],"wp:attachment":[{"href":"https:\/\/www.mojcuci.si\/en\/wp-json\/wp\/v2\/media?parent=6762"}],"wp:term":[{"taxonomy":"product_brand","embeddable":true,"href":"https:\/\/www.mojcuci.si\/en\/wp-json\/wp\/v2\/product_brand?post=6762"},{"taxonomy":"product_cat","embeddable":true,"href":"https:\/\/www.mojcuci.si\/en\/wp-json\/wp\/v2\/product_cat?post=6762"},{"taxonomy":"product_tag","embeddable":true,"href":"https:\/\/www.mojcuci.si\/en\/wp-json\/wp\/v2\/product_tag?post=6762"}],"curies":[{"name":"wp","href":"https:\/\/api.w.org\/{rel}","templated":true}]}}