{"id":6810,"date":"2025-01-10T11:12:00","date_gmt":"2025-01-10T11:12:00","guid":{"rendered":"https:\/\/www.ivh44.si\/Ponudbe\/cuciprehod\/?post_type=product&#038;p=6810"},"modified":"2026-04-12T14:22:51","modified_gmt":"2026-04-12T14:22:51","slug":"kudo-jadranska-riba-za-odrasle-pse-majhnih-pasem","status":"publish","type":"product","link":"https:\/\/www.mojcuci.si\/en\/product\/kudo-jadranska-riba-za-odrasle-pse-majhnih-pasem\/","title":{"rendered":"Kudo jadranska riba za odrasle pse majhnih pasem 3kg"},"content":{"rendered":"<p>bogata z\u00a0 esencialnimi ma\u0161\u010dobnimi kislinami Omega 3 in 6<\/p>\n<p>vsebuje 48% JADRANSKE ribe<\/p>\n<p>BREZ glutena<\/p>\n<p>primerna za pse z alergijami<\/p>\n<p>odli\u010dna izbira za\u00a0 zdravo ko\u017eo in sijo\u010do dlako<\/p>\n<p>primerna za prehrano ob\u010dutljivih psov, ki so nagnjeni k alergijskim reakcijam<\/p>\n<p>velika vsebnost vlaknin<\/p>\n<p>NE\u00a0 vsebuje umetnih barvil in arom<\/p>\n<p>Pakirano 3kg<\/p>","protected":false},"excerpt":{"rendered":"<p>bogata z\u00a0 esencialnimi ma\u0161\u010dobnimi kislinami Omega 3 in 6 vsebuje 48% JADRANSKE ribe BREZ glutena primerna za pse z alergijami odli\u010dna izbira za\u00a0 zdravo ko\u017eo in sijo\u010do dlako primerna za prehrano ob\u010dutljivih psov, ki so nagnjeni k alergijskim reakcijam velika vsebnost vlaknin NE\u00a0 vsebuje umetnih barvil in arom Pakirano 3kg<\/p>","protected":false},"featured_media":6814,"template":"","meta":{"_seopress_robots_primary_cat":"none","_seopress_titles_title":"","_seopress_titles_desc":"","_seopress_robots_index":""},"product_brand":[245],"product_cat":[186,169],"product_tag":[],"class_list":{"0":"post-6810","1":"product","2":"type-product","3":"status-publish","4":"has-post-thumbnail","6":"product_brand-kudo","7":"product_cat-hladno-stiskana-hrana-za-pse","8":"product_cat-hrana-in-prehranski-dodatki-za-pse","10":"first","11":"instock","12":"taxable","13":"shipping-taxable","14":"purchasable","15":"product-type-simple"},"_links":{"self":[{"href":"https:\/\/www.mojcuci.si\/en\/wp-json\/wp\/v2\/product\/6810","targetHints":{"allow":["GET"]}}],"collection":[{"href":"https:\/\/www.mojcuci.si\/en\/wp-json\/wp\/v2\/product"}],"about":[{"href":"https:\/\/www.mojcuci.si\/en\/wp-json\/wp\/v2\/types\/product"}],"version-history":[{"count":0,"href":"https:\/\/www.mojcuci.si\/en\/wp-json\/wp\/v2\/product\/6810\/revisions"}],"wp:featuredmedia":[{"embeddable":true,"href":"https:\/\/www.mojcuci.si\/en\/wp-json\/wp\/v2\/media\/6814"}],"wp:attachment":[{"href":"https:\/\/www.mojcuci.si\/en\/wp-json\/wp\/v2\/media?parent=6810"}],"wp:term":[{"taxonomy":"product_brand","embeddable":true,"href":"https:\/\/www.mojcuci.si\/en\/wp-json\/wp\/v2\/product_brand?post=6810"},{"taxonomy":"product_cat","embeddable":true,"href":"https:\/\/www.mojcuci.si\/en\/wp-json\/wp\/v2\/product_cat?post=6810"},{"taxonomy":"product_tag","embeddable":true,"href":"https:\/\/www.mojcuci.si\/en\/wp-json\/wp\/v2\/product_tag?post=6810"}],"curies":[{"name":"wp","href":"https:\/\/api.w.org\/{rel}","templated":true}]}}