{"id":6829,"date":"2025-01-13T09:40:56","date_gmt":"2025-01-13T09:40:56","guid":{"rendered":"https:\/\/www.ivh44.si\/Ponudbe\/cuciprehod\/?post_type=product&#038;p=6829"},"modified":"2025-10-16T18:52:18","modified_gmt":"2025-10-16T18:52:18","slug":"taste-of-the-wild-high-prairie-puppy-s-pecenim-bizonom-za-pasje-mladice","status":"publish","type":"product","link":"https:\/\/www.mojcuci.si\/en\/product\/taste-of-the-wild-high-prairie-puppy-s-pecenim-bizonom-za-pasje-mladice\/","title":{"rendered":"Taste of the Wild &#8211; High Prairie puppy s pe\u010denim bizonom za pasje mladi\u010de"},"content":{"rendered":"<div id=\"product-description-short-97\" class=\"product-description-short rte\">\n<p>Popolna hrana za pasje mladi\u010de \u2013 s pe\u010denim bizonom in divja\u010dino<\/p>\n<ul>\n<li>visok dele\u017e pe\u010denega bizona in divja\u010dine<\/li>\n<li>s sadjem in zelenjavo<\/li>\n<li><strong>dobro prebavljiva<\/strong><\/li>\n<li><strong>krepi imunski sistem<\/strong><\/li>\n<li>kvalitetni probiotiki<\/li>\n<li><strong>DHA Omega-3 in omega 6 ma\u0161\u010dobe<\/strong><\/li>\n<li>brez \u017eit (grain free)<\/li>\n<li>visok odstotek beljakovin<\/li>\n<li>te\u017ea 12,2kg<\/li>\n<\/ul>\n<\/div>","protected":false},"excerpt":{"rendered":"<p>Popolna hrana za pasje mladi\u010de \u2013 s pe\u010denim bizonom in divja\u010dino visok dele\u017e pe\u010denega bizona in divja\u010dine s sadjem in zelenjavo dobro prebavljiva krepi imunski sistem kvalitetni probiotiki DHA Omega-3 in omega 6 ma\u0161\u010dobe brez \u017eit (grain free) visok odstotek beljakovin te\u017ea 12,2kg<\/p>","protected":false},"featured_media":6832,"template":"","meta":{"_seopress_robots_primary_cat":"none","_seopress_titles_title":"","_seopress_titles_desc":"","_seopress_robots_index":""},"product_brand":[250],"product_cat":[169,185],"product_tag":[],"class_list":{"0":"post-6829","1":"product","2":"type-product","3":"status-publish","4":"has-post-thumbnail","6":"product_brand-taste-of-the-wilde","7":"product_cat-hrana-in-prehranski-dodatki-za-pse","8":"product_cat-suha-hrana-za-pse","10":"first","11":"instock","12":"taxable","13":"shipping-taxable","14":"purchasable","15":"product-type-simple"},"_links":{"self":[{"href":"https:\/\/www.mojcuci.si\/en\/wp-json\/wp\/v2\/product\/6829","targetHints":{"allow":["GET"]}}],"collection":[{"href":"https:\/\/www.mojcuci.si\/en\/wp-json\/wp\/v2\/product"}],"about":[{"href":"https:\/\/www.mojcuci.si\/en\/wp-json\/wp\/v2\/types\/product"}],"version-history":[{"count":0,"href":"https:\/\/www.mojcuci.si\/en\/wp-json\/wp\/v2\/product\/6829\/revisions"}],"wp:featuredmedia":[{"embeddable":true,"href":"https:\/\/www.mojcuci.si\/en\/wp-json\/wp\/v2\/media\/6832"}],"wp:attachment":[{"href":"https:\/\/www.mojcuci.si\/en\/wp-json\/wp\/v2\/media?parent=6829"}],"wp:term":[{"taxonomy":"product_brand","embeddable":true,"href":"https:\/\/www.mojcuci.si\/en\/wp-json\/wp\/v2\/product_brand?post=6829"},{"taxonomy":"product_cat","embeddable":true,"href":"https:\/\/www.mojcuci.si\/en\/wp-json\/wp\/v2\/product_cat?post=6829"},{"taxonomy":"product_tag","embeddable":true,"href":"https:\/\/www.mojcuci.si\/en\/wp-json\/wp\/v2\/product_tag?post=6829"}],"curies":[{"name":"wp","href":"https:\/\/api.w.org\/{rel}","templated":true}]}}