{"id":6839,"date":"2025-01-13T09:48:23","date_gmt":"2025-01-13T09:48:23","guid":{"rendered":"https:\/\/www.ivh44.si\/Ponudbe\/cuciprehod\/?post_type=product&#038;p=6839"},"modified":"2025-10-16T18:52:12","modified_gmt":"2025-10-16T18:52:12","slug":"taste-of-the-wild-wild-wetlands-s-peceno-divjo-perutnino-za-odrasle-pse","status":"publish","type":"product","link":"https:\/\/www.mojcuci.si\/en\/product\/taste-of-the-wild-wild-wetlands-s-peceno-divjo-perutnino-za-odrasle-pse\/","title":{"rendered":"Taste of the Wild &#8211; Wetlands s pe\u010deno divjo perutnino"},"content":{"rendered":"<div id=\"product-description-short-96\" class=\"product-description-short rte\">\n<p>Popolna hrana za odrasle pse \u2013 s pe\u010deno divjo perutnino.<\/p>\n<ul>\n<li><strong>visok dele\u017e pe\u010dene divje perutnine<\/strong><\/li>\n<li><strong>zdrav imunski sistem<\/strong><\/li>\n<li>kvalitetni probiotiki<\/li>\n<li>s sadjem in zelenjavo<\/li>\n<li>DHA Omega-3 ma\u0161\u010dobe<\/li>\n<li><strong>brez \u017eit (grain free)<\/strong><\/li>\n<li>visok odstotek beljakovin<\/li>\n<\/ul>\n<\/div>","protected":false},"excerpt":{"rendered":"<p>Popolna hrana za odrasle pse \u2013 s pe\u010deno divjo perutnino. visok dele\u017e pe\u010dene divje perutnine zdrav imunski sistem kvalitetni probiotiki s sadjem in zelenjavo DHA Omega-3 ma\u0161\u010dobe brez \u017eit (grain free) visok odstotek beljakovin<\/p>","protected":false},"featured_media":6842,"template":"","meta":{"_seopress_robots_primary_cat":"none","_seopress_titles_title":"","_seopress_titles_desc":"","_seopress_robots_index":""},"product_brand":[250],"product_cat":[169,185],"product_tag":[],"class_list":{"0":"post-6839","1":"product","2":"type-product","3":"status-publish","4":"has-post-thumbnail","6":"product_brand-taste-of-the-wilde","7":"product_cat-hrana-in-prehranski-dodatki-za-pse","8":"product_cat-suha-hrana-za-pse","10":"first","11":"instock","12":"taxable","13":"shipping-taxable","14":"purchasable","15":"product-type-variable"},"_links":{"self":[{"href":"https:\/\/www.mojcuci.si\/en\/wp-json\/wp\/v2\/product\/6839","targetHints":{"allow":["GET"]}}],"collection":[{"href":"https:\/\/www.mojcuci.si\/en\/wp-json\/wp\/v2\/product"}],"about":[{"href":"https:\/\/www.mojcuci.si\/en\/wp-json\/wp\/v2\/types\/product"}],"version-history":[{"count":0,"href":"https:\/\/www.mojcuci.si\/en\/wp-json\/wp\/v2\/product\/6839\/revisions"}],"wp:featuredmedia":[{"embeddable":true,"href":"https:\/\/www.mojcuci.si\/en\/wp-json\/wp\/v2\/media\/6842"}],"wp:attachment":[{"href":"https:\/\/www.mojcuci.si\/en\/wp-json\/wp\/v2\/media?parent=6839"}],"wp:term":[{"taxonomy":"product_brand","embeddable":true,"href":"https:\/\/www.mojcuci.si\/en\/wp-json\/wp\/v2\/product_brand?post=6839"},{"taxonomy":"product_cat","embeddable":true,"href":"https:\/\/www.mojcuci.si\/en\/wp-json\/wp\/v2\/product_cat?post=6839"},{"taxonomy":"product_tag","embeddable":true,"href":"https:\/\/www.mojcuci.si\/en\/wp-json\/wp\/v2\/product_tag?post=6839"}],"curies":[{"name":"wp","href":"https:\/\/api.w.org\/{rel}","templated":true}]}}