{"id":6846,"date":"2025-01-13T11:56:59","date_gmt":"2025-01-13T11:56:59","guid":{"rendered":"https:\/\/www.ivh44.si\/Ponudbe\/cuciprehod\/?post_type=product&#038;p=6846"},"modified":"2025-10-16T18:51:57","modified_gmt":"2025-10-16T18:51:57","slug":"taste-of-the-wild-wild-pacific-stream-puppy-z-lososom-za-pasje-mladice","status":"publish","type":"product","link":"https:\/\/www.mojcuci.si\/en\/product\/taste-of-the-wild-wild-pacific-stream-puppy-z-lososom-za-pasje-mladice\/","title":{"rendered":"Taste of the Wild &#8211; Pacific Stream puppy z lososom za pasje mladi\u010de"},"content":{"rendered":"<div id=\"product-description-short-95\" class=\"product-description-short rte\">\n<p>Popolna hrana za pasje mladi\u010de \u2013 s prekajenim lososom.<\/p>\n<ul>\n<li><strong>naravni antioksidanti<\/strong><\/li>\n<li>omega 3 in omega 6 ma\u0161\u010dobne kisline<\/li>\n<li><strong>lahko prebavljiva<\/strong><\/li>\n<li>brez \u017eit \u2013 Grain Free<\/li>\n<li>lososovo olje<\/li>\n<li>visok odstotek beljakovin<\/li>\n<li>kvalitetni probiotiki<\/li>\n<\/ul>\n<\/div>","protected":false},"excerpt":{"rendered":"<p>Popolna hrana za pasje mladi\u010de \u2013 s prekajenim lososom. naravni antioksidanti omega 3 in omega 6 ma\u0161\u010dobne kisline lahko prebavljiva brez \u017eit \u2013 Grain Free lososovo olje visok odstotek beljakovin kvalitetni probiotiki<\/p>","protected":false},"featured_media":6852,"template":"","meta":{"_seopress_robots_primary_cat":"none","_seopress_titles_title":"","_seopress_titles_desc":"","_seopress_robots_index":""},"product_brand":[250],"product_cat":[169,185],"product_tag":[],"class_list":{"0":"post-6846","1":"product","2":"type-product","3":"status-publish","4":"has-post-thumbnail","6":"product_brand-taste-of-the-wilde","7":"product_cat-hrana-in-prehranski-dodatki-za-pse","8":"product_cat-suha-hrana-za-pse","10":"first","11":"instock","12":"taxable","13":"shipping-taxable","14":"purchasable","15":"product-type-variable"},"_links":{"self":[{"href":"https:\/\/www.mojcuci.si\/en\/wp-json\/wp\/v2\/product\/6846","targetHints":{"allow":["GET"]}}],"collection":[{"href":"https:\/\/www.mojcuci.si\/en\/wp-json\/wp\/v2\/product"}],"about":[{"href":"https:\/\/www.mojcuci.si\/en\/wp-json\/wp\/v2\/types\/product"}],"version-history":[{"count":0,"href":"https:\/\/www.mojcuci.si\/en\/wp-json\/wp\/v2\/product\/6846\/revisions"}],"wp:featuredmedia":[{"embeddable":true,"href":"https:\/\/www.mojcuci.si\/en\/wp-json\/wp\/v2\/media\/6852"}],"wp:attachment":[{"href":"https:\/\/www.mojcuci.si\/en\/wp-json\/wp\/v2\/media?parent=6846"}],"wp:term":[{"taxonomy":"product_brand","embeddable":true,"href":"https:\/\/www.mojcuci.si\/en\/wp-json\/wp\/v2\/product_brand?post=6846"},{"taxonomy":"product_cat","embeddable":true,"href":"https:\/\/www.mojcuci.si\/en\/wp-json\/wp\/v2\/product_cat?post=6846"},{"taxonomy":"product_tag","embeddable":true,"href":"https:\/\/www.mojcuci.si\/en\/wp-json\/wp\/v2\/product_tag?post=6846"}],"curies":[{"name":"wp","href":"https:\/\/api.w.org\/{rel}","templated":true}]}}