{"id":6855,"date":"2025-01-13T12:08:55","date_gmt":"2025-01-13T12:08:55","guid":{"rendered":"https:\/\/www.ivh44.si\/Ponudbe\/cuciprehod\/?post_type=product&#038;p=6855"},"modified":"2025-10-16T18:51:10","modified_gmt":"2025-10-16T18:51:10","slug":"taste-of-the-wild-appalachian-valley-z-divjacino-za-odrasle-pse-malih-pasem","status":"publish","type":"product","link":"https:\/\/www.mojcuci.si\/en\/product\/taste-of-the-wild-appalachian-valley-z-divjacino-za-odrasle-pse-malih-pasem\/","title":{"rendered":"Taste of the Wild &#8211; Appalachian Valley z divja\u010dino za odrasle pse malih pasem"},"content":{"rendered":"<div id=\"product-description-short-94\" class=\"product-description-short rte\">\n<p>Popolna hrana za odrasle pse s pe\u010deno divja\u010dino<\/p>\n<ul>\n<li><strong>Visok dele\u017e divja\u010dinskega mesa<\/strong><\/li>\n<li>Visok odstotek beljakovin<\/li>\n<li>DHA Omega-3 ma\u0161\u010dobe<\/li>\n<li><strong>S sadjem in zelenjavo<\/strong><\/li>\n<li>Kvalitetni probiotiki<\/li>\n<li><strong>Brez \u017eit\u00a0<\/strong>(grain free)<\/li>\n<\/ul>\n<\/div>","protected":false},"excerpt":{"rendered":"<p>Popolna hrana za odrasle pse s pe\u010deno divja\u010dino Visok dele\u017e divja\u010dinskega mesa Visok odstotek beljakovin DHA Omega-3 ma\u0161\u010dobe S sadjem in zelenjavo Kvalitetni probiotiki Brez \u017eit\u00a0(grain free)<\/p>","protected":false},"featured_media":6862,"template":"","meta":{"_seopress_robots_primary_cat":"none","_seopress_titles_title":"","_seopress_titles_desc":"","_seopress_robots_index":""},"product_brand":[250],"product_cat":[169,185],"product_tag":[],"class_list":{"0":"post-6855","1":"product","2":"type-product","3":"status-publish","4":"has-post-thumbnail","6":"product_brand-taste-of-the-wilde","7":"product_cat-hrana-in-prehranski-dodatki-za-pse","8":"product_cat-suha-hrana-za-pse","10":"first","11":"instock","12":"taxable","13":"shipping-taxable","14":"purchasable","15":"product-type-variable"},"_links":{"self":[{"href":"https:\/\/www.mojcuci.si\/en\/wp-json\/wp\/v2\/product\/6855","targetHints":{"allow":["GET"]}}],"collection":[{"href":"https:\/\/www.mojcuci.si\/en\/wp-json\/wp\/v2\/product"}],"about":[{"href":"https:\/\/www.mojcuci.si\/en\/wp-json\/wp\/v2\/types\/product"}],"version-history":[{"count":0,"href":"https:\/\/www.mojcuci.si\/en\/wp-json\/wp\/v2\/product\/6855\/revisions"}],"wp:featuredmedia":[{"embeddable":true,"href":"https:\/\/www.mojcuci.si\/en\/wp-json\/wp\/v2\/media\/6862"}],"wp:attachment":[{"href":"https:\/\/www.mojcuci.si\/en\/wp-json\/wp\/v2\/media?parent=6855"}],"wp:term":[{"taxonomy":"product_brand","embeddable":true,"href":"https:\/\/www.mojcuci.si\/en\/wp-json\/wp\/v2\/product_brand?post=6855"},{"taxonomy":"product_cat","embeddable":true,"href":"https:\/\/www.mojcuci.si\/en\/wp-json\/wp\/v2\/product_cat?post=6855"},{"taxonomy":"product_tag","embeddable":true,"href":"https:\/\/www.mojcuci.si\/en\/wp-json\/wp\/v2\/product_tag?post=6855"}],"curies":[{"name":"wp","href":"https:\/\/api.w.org\/{rel}","templated":true}]}}