{"id":6882,"date":"2025-01-13T12:24:20","date_gmt":"2025-01-13T12:24:20","guid":{"rendered":"https:\/\/www.ivh44.si\/Ponudbe\/cuciprehod\/?post_type=product&#038;p=6882"},"modified":"2025-10-16T18:51:18","modified_gmt":"2025-10-16T18:51:18","slug":"taste-of-the-wild-high-praire-z-bizonom-za-odrasle-pse","status":"publish","type":"product","link":"https:\/\/www.mojcuci.si\/en\/product\/taste-of-the-wild-high-praire-z-bizonom-za-odrasle-pse\/","title":{"rendered":"Taste of the Wild &#8211; High Praire z bizonom za odrasle pse"},"content":{"rendered":"<div id=\"product-description-short-91\" class=\"product-description-short rte\">\n<p>Popolna hrana za odrasle pse s pe\u010denim bizonom in divja\u010dino.<\/p>\n<ul>\n<li>visok dele\u017e pe\u010denega bizona in divja\u010dine<\/li>\n<li><strong>za izbir\u010dne pse<\/strong><\/li>\n<li>visok odstotek beljakovin<\/li>\n<li><strong>DHA Omega-3 ma\u0161\u010dobe<\/strong><\/li>\n<li>s sadjem in zelenjavo<\/li>\n<li><strong>kvalitetni probiotiki<\/strong><\/li>\n<li>brez \u017eit (grain free)<\/li>\n<li>2kg, 5,6kg, 12,2kg, 18kg<\/li>\n<\/ul>\n<\/div>","protected":false},"excerpt":{"rendered":"<p>Popolna hrana za odrasle pse s pe\u010denim bizonom in divja\u010dino. visok dele\u017e pe\u010denega bizona in divja\u010dine za izbir\u010dne pse visok odstotek beljakovin DHA Omega-3 ma\u0161\u010dobe s sadjem in zelenjavo kvalitetni probiotiki brez \u017eit (grain free) 2kg, 5,6kg, 12,2kg, 18kg<\/p>","protected":false},"featured_media":6885,"template":"","meta":{"_seopress_robots_primary_cat":"none","_seopress_titles_title":"","_seopress_titles_desc":"","_seopress_robots_index":""},"product_brand":[250],"product_cat":[169,185],"product_tag":[],"class_list":{"0":"post-6882","1":"product","2":"type-product","3":"status-publish","4":"has-post-thumbnail","6":"product_brand-taste-of-the-wilde","7":"product_cat-hrana-in-prehranski-dodatki-za-pse","8":"product_cat-suha-hrana-za-pse","10":"first","11":"instock","12":"taxable","13":"shipping-taxable","14":"purchasable","15":"product-type-variable"},"_links":{"self":[{"href":"https:\/\/www.mojcuci.si\/en\/wp-json\/wp\/v2\/product\/6882","targetHints":{"allow":["GET"]}}],"collection":[{"href":"https:\/\/www.mojcuci.si\/en\/wp-json\/wp\/v2\/product"}],"about":[{"href":"https:\/\/www.mojcuci.si\/en\/wp-json\/wp\/v2\/types\/product"}],"version-history":[{"count":0,"href":"https:\/\/www.mojcuci.si\/en\/wp-json\/wp\/v2\/product\/6882\/revisions"}],"wp:featuredmedia":[{"embeddable":true,"href":"https:\/\/www.mojcuci.si\/en\/wp-json\/wp\/v2\/media\/6885"}],"wp:attachment":[{"href":"https:\/\/www.mojcuci.si\/en\/wp-json\/wp\/v2\/media?parent=6882"}],"wp:term":[{"taxonomy":"product_brand","embeddable":true,"href":"https:\/\/www.mojcuci.si\/en\/wp-json\/wp\/v2\/product_brand?post=6882"},{"taxonomy":"product_cat","embeddable":true,"href":"https:\/\/www.mojcuci.si\/en\/wp-json\/wp\/v2\/product_cat?post=6882"},{"taxonomy":"product_tag","embeddable":true,"href":"https:\/\/www.mojcuci.si\/en\/wp-json\/wp\/v2\/product_tag?post=6882"}],"curies":[{"name":"wp","href":"https:\/\/api.w.org\/{rel}","templated":true}]}}