{"id":6891,"date":"2025-01-13T12:27:14","date_gmt":"2025-01-13T12:27:14","guid":{"rendered":"https:\/\/www.ivh44.si\/Ponudbe\/cuciprehod\/?post_type=product&#038;p=6891"},"modified":"2025-10-16T18:53:25","modified_gmt":"2025-10-16T18:53:25","slug":"taste-of-the-wild-pacific-stream-z-lososom-za-odrasle-pse","status":"publish","type":"product","link":"https:\/\/www.mojcuci.si\/en\/product\/taste-of-the-wild-pacific-stream-z-lososom-za-odrasle-pse\/","title":{"rendered":"Taste of the Wild &#8211; Pacific Stream z lososom za odrasle pse"},"content":{"rendered":"<div id=\"product-description-short-88\" class=\"product-description-short rte\">\n<ul>\n<li><strong>Visok dele\u017e prekajenega lososa<\/strong><\/li>\n<li>S sadjem in zelenjavo<\/li>\n<li>Kvalitetni probiotiki<\/li>\n<li>DHA Omega-3 ma\u0161\u010dobe<\/li>\n<li><strong>Brez \u017eit (grain free)<\/strong><\/li>\n<li>Ne vsebuje jajc<\/li>\n<li>2kg, 5,6kg, 12,2kg, 18kg<\/li>\n<\/ul>\n<\/div>","protected":false},"excerpt":{"rendered":"<p>Visok dele\u017e prekajenega lososa S sadjem in zelenjavo Kvalitetni probiotiki DHA Omega-3 ma\u0161\u010dobe Brez \u017eit (grain free) Ne vsebuje jajc 2kg, 5,6kg, 12,2kg, 18kg<\/p>","protected":false},"featured_media":6894,"template":"","meta":{"_seopress_robots_primary_cat":"none","_seopress_titles_title":"","_seopress_titles_desc":"","_seopress_robots_index":""},"product_brand":[250],"product_cat":[169,185],"product_tag":[],"class_list":{"0":"post-6891","1":"product","2":"type-product","3":"status-publish","4":"has-post-thumbnail","6":"product_brand-taste-of-the-wilde","7":"product_cat-hrana-in-prehranski-dodatki-za-pse","8":"product_cat-suha-hrana-za-pse","10":"first","11":"instock","12":"taxable","13":"shipping-taxable","14":"purchasable","15":"product-type-variable"},"_links":{"self":[{"href":"https:\/\/www.mojcuci.si\/en\/wp-json\/wp\/v2\/product\/6891","targetHints":{"allow":["GET"]}}],"collection":[{"href":"https:\/\/www.mojcuci.si\/en\/wp-json\/wp\/v2\/product"}],"about":[{"href":"https:\/\/www.mojcuci.si\/en\/wp-json\/wp\/v2\/types\/product"}],"version-history":[{"count":0,"href":"https:\/\/www.mojcuci.si\/en\/wp-json\/wp\/v2\/product\/6891\/revisions"}],"wp:featuredmedia":[{"embeddable":true,"href":"https:\/\/www.mojcuci.si\/en\/wp-json\/wp\/v2\/media\/6894"}],"wp:attachment":[{"href":"https:\/\/www.mojcuci.si\/en\/wp-json\/wp\/v2\/media?parent=6891"}],"wp:term":[{"taxonomy":"product_brand","embeddable":true,"href":"https:\/\/www.mojcuci.si\/en\/wp-json\/wp\/v2\/product_brand?post=6891"},{"taxonomy":"product_cat","embeddable":true,"href":"https:\/\/www.mojcuci.si\/en\/wp-json\/wp\/v2\/product_cat?post=6891"},{"taxonomy":"product_tag","embeddable":true,"href":"https:\/\/www.mojcuci.si\/en\/wp-json\/wp\/v2\/product_tag?post=6891"}],"curies":[{"name":"wp","href":"https:\/\/api.w.org\/{rel}","templated":true}]}}