{"id":6900,"date":"2025-01-13T12:30:50","date_gmt":"2025-01-13T12:30:50","guid":{"rendered":"https:\/\/www.ivh44.si\/Ponudbe\/cuciprehod\/?post_type=product&#038;p=6900"},"modified":"2025-10-16T18:53:18","modified_gmt":"2025-10-16T18:53:18","slug":"taste-of-the-wild-southwest-canyon-z-divjim-prasicem","status":"publish","type":"product","link":"https:\/\/www.mojcuci.si\/en\/product\/taste-of-the-wild-southwest-canyon-z-divjim-prasicem\/","title":{"rendered":"Taste of the Wild &#8211; Southwest Canyon z divjim pra\u0161i\u010dem"},"content":{"rendered":"<p>Popolna hrana za vsa starostna obdobja z okusom divjega pra\u0161i\u010da<\/p>\n<ul>\n<li>primerna tudi za\u00a0<strong>MLADI\u010cE\u00a0<\/strong>in\u00a0<strong>STAREJ\u0160E\u00a0<\/strong>pse \u2013 all life stages<\/li>\n<li>visok dele\u017e mesa divjega pra\u0161i\u010da<\/li>\n<li>visok odstotek beljakovin<\/li>\n<li><strong>s sadjem in zelenjavo<\/strong><\/li>\n<li>DHA Omega-3 ma\u0161\u010dobe<\/li>\n<li><strong>brez \u017eit (grain free)<\/strong><\/li>\n<li>kvalitetni probiotiki<\/li>\n<\/ul>","protected":false},"excerpt":{"rendered":"<p>Popolna hrana za vsa starostna obdobja z okusom divjega pra\u0161i\u010da primerna tudi za\u00a0MLADI\u010cE\u00a0in\u00a0STAREJ\u0160E\u00a0pse \u2013 all life stages visok dele\u017e mesa divjega pra\u0161i\u010da visok odstotek beljakovin s sadjem in zelenjavo DHA Omega-3 ma\u0161\u010dobe brez \u017eit (grain free) kvalitetni probiotiki<\/p>","protected":false},"featured_media":6905,"template":"","meta":{"_seopress_robots_primary_cat":"none","_seopress_titles_title":"","_seopress_titles_desc":"","_seopress_robots_index":""},"product_brand":[250],"product_cat":[169,185],"product_tag":[],"class_list":{"0":"post-6900","1":"product","2":"type-product","3":"status-publish","4":"has-post-thumbnail","6":"product_brand-taste-of-the-wilde","7":"product_cat-hrana-in-prehranski-dodatki-za-pse","8":"product_cat-suha-hrana-za-pse","10":"first","11":"instock","12":"taxable","13":"shipping-taxable","14":"purchasable","15":"product-type-variable"},"_links":{"self":[{"href":"https:\/\/www.mojcuci.si\/en\/wp-json\/wp\/v2\/product\/6900","targetHints":{"allow":["GET"]}}],"collection":[{"href":"https:\/\/www.mojcuci.si\/en\/wp-json\/wp\/v2\/product"}],"about":[{"href":"https:\/\/www.mojcuci.si\/en\/wp-json\/wp\/v2\/types\/product"}],"version-history":[{"count":0,"href":"https:\/\/www.mojcuci.si\/en\/wp-json\/wp\/v2\/product\/6900\/revisions"}],"wp:featuredmedia":[{"embeddable":true,"href":"https:\/\/www.mojcuci.si\/en\/wp-json\/wp\/v2\/media\/6905"}],"wp:attachment":[{"href":"https:\/\/www.mojcuci.si\/en\/wp-json\/wp\/v2\/media?parent=6900"}],"wp:term":[{"taxonomy":"product_brand","embeddable":true,"href":"https:\/\/www.mojcuci.si\/en\/wp-json\/wp\/v2\/product_brand?post=6900"},{"taxonomy":"product_cat","embeddable":true,"href":"https:\/\/www.mojcuci.si\/en\/wp-json\/wp\/v2\/product_cat?post=6900"},{"taxonomy":"product_tag","embeddable":true,"href":"https:\/\/www.mojcuci.si\/en\/wp-json\/wp\/v2\/product_tag?post=6900"}],"curies":[{"name":"wp","href":"https:\/\/api.w.org\/{rel}","templated":true}]}}