{"id":6924,"date":"2025-01-13T12:51:47","date_gmt":"2025-01-13T12:51:47","guid":{"rendered":"https:\/\/www.ivh44.si\/Ponudbe\/cuciprehod\/?post_type=product&#038;p=6924"},"modified":"2026-04-08T15:03:37","modified_gmt":"2026-04-08T15:03:37","slug":"photizo-vetcare-svetlobna-terapija","status":"publish","type":"product","link":"https:\/\/www.mojcuci.si\/en\/product\/photizo-vetcare-svetlobna-terapija\/","title":{"rendered":"Photizo Vetcare &#8211; Svetlobna terapija za vse \u017eivali"},"content":{"rendered":"","protected":false},"excerpt":{"rendered":"<h3>PHOTIZO VETCARE JE POPOLN ZA ZDRAVLJENJE NASLEDNJIH BOLEZNI<\/h3>\n<p>*\u00a0 Mi\u0161i\u010dno &#8211; skeletne te\u017eave: kot so artritis, tendonitis (akutno vnetje tetive), zlomi, po\u0161kodbe zaradi preobremenitve in mi\u0161i\u010dni kr\u010di<\/p>\n<p>* Ko\u017ena stanja: rane, raztrganine, abscesi, sedlaste rane, ko\u017ene alergije, ekcemi itd.<\/p>\n<p>* Po operaciji: katerokoli podro\u010dje, ki se zdravi kirur\u0161ko, vklju\u010dno s ko\u017enimi presadki<\/p>\n<p>* Razjede ro\u017eenice, z virusi povezana stanja in sinusitis (vnetje obnosnih votlin, sinusov)<\/p>","protected":false},"featured_media":6931,"template":"","meta":{"_seopress_robots_primary_cat":"none","_seopress_titles_title":"","_seopress_titles_desc":"","_seopress_robots_index":""},"product_brand":[248],"product_cat":[258,152],"product_tag":[],"class_list":{"0":"post-6924","1":"product","2":"type-product","3":"status-publish","4":"has-post-thumbnail","6":"product_brand-photizo","7":"product_cat-photizo-led-svetlobna-terapija-za-zivali","8":"product_cat-led-svetlobna-terapija-za-zivali","10":"first","11":"onbackorder","12":"featured","13":"taxable","14":"shipping-taxable","15":"purchasable","16":"product-type-simple"},"_links":{"self":[{"href":"https:\/\/www.mojcuci.si\/en\/wp-json\/wp\/v2\/product\/6924","targetHints":{"allow":["GET"]}}],"collection":[{"href":"https:\/\/www.mojcuci.si\/en\/wp-json\/wp\/v2\/product"}],"about":[{"href":"https:\/\/www.mojcuci.si\/en\/wp-json\/wp\/v2\/types\/product"}],"version-history":[{"count":0,"href":"https:\/\/www.mojcuci.si\/en\/wp-json\/wp\/v2\/product\/6924\/revisions"}],"wp:featuredmedia":[{"embeddable":true,"href":"https:\/\/www.mojcuci.si\/en\/wp-json\/wp\/v2\/media\/6931"}],"wp:attachment":[{"href":"https:\/\/www.mojcuci.si\/en\/wp-json\/wp\/v2\/media?parent=6924"}],"wp:term":[{"taxonomy":"product_brand","embeddable":true,"href":"https:\/\/www.mojcuci.si\/en\/wp-json\/wp\/v2\/product_brand?post=6924"},{"taxonomy":"product_cat","embeddable":true,"href":"https:\/\/www.mojcuci.si\/en\/wp-json\/wp\/v2\/product_cat?post=6924"},{"taxonomy":"product_tag","embeddable":true,"href":"https:\/\/www.mojcuci.si\/en\/wp-json\/wp\/v2\/product_tag?post=6924"}],"curies":[{"name":"wp","href":"https:\/\/api.w.org\/{rel}","templated":true}]}}