{"id":6943,"date":"2024-12-02T09:00:32","date_gmt":"2024-12-02T09:00:32","guid":{"rendered":"https:\/\/www.ivh44.si\/Ponudbe\/cuciprehod\/?post_type=product&#038;p=6943"},"modified":"2026-02-16T11:59:36","modified_gmt":"2026-02-16T11:59:36","slug":"photizo-sport","status":"publish","type":"product","link":"https:\/\/www.mojcuci.si\/en\/product\/photizo-sport\/","title":{"rendered":"Photizo \u0160port &#8211; Svetlobna terapija"},"content":{"rendered":"","protected":false},"excerpt":{"rendered":"<div id=\"product-description-short-114\" class=\"product-description-short rte\">\n<h3><strong>PHOTIZO SPORT JE ODLI\u010cEN\u00a0 ZA ZDRAVLJENJE<\/strong>:<\/h3>\n<ul>\n<li>Raztrgana Ahilove tetive<\/li>\n<li>Burzitis kolena<\/li>\n<li>Raztrgana me\u010dne mi\u0161ice<\/li>\n<li>Fibromialgija<\/li>\n<li>Komolec golfistov<\/li>\n<li>Sindrom ITB<\/li>\n<li>Mi\u0161i\u010dna napetost<\/li>\n<li>Ploskve noge<\/li>\n<li>Plantarni fasciitis<\/li>\n<li>Sindrom rotatorne man\u0161ete<\/li>\n<li>Ponavljajo\u010da se po\u0161kodba zaradi obremenitve<\/li>\n<li>Po\u010dena golenica<\/li>\n<li>Teni\u0161ki komolec<\/li>\n<li>Akutnih bole\u010dini (npr. zvitih sklepih) modricah<\/li>\n<li>Po\u0161kodbe tetive<\/li>\n<li>Zvin<\/li>\n<li>Kr\u010di<\/li>\n<li>Preobremenjene mi\u0161ice<\/li>\n<\/ul>\n<p>Prenosni medicinski pripomo\u010dek, u\u010dinkovit pri zdravljenju akutne bole\u010dine in vnetja zaradi prekomerne uporabe ali po\u0161kodb ob udarcu<\/p>\n<h3 style=\"text-align: center;\">Photizo Sport is CE approved for the Treatment of non-chronic injury-related pain.<\/h3>\n<\/div>","protected":false},"featured_media":8244,"template":"","meta":{"_seopress_robots_primary_cat":"none","_seopress_titles_title":"","_seopress_titles_desc":"","_seopress_robots_index":""},"product_brand":[248],"product_cat":[257,151],"product_tag":[],"class_list":{"0":"post-6943","1":"product","2":"type-product","3":"status-publish","4":"has-post-thumbnail","6":"product_brand-photizo","7":"product_cat-photizo","8":"product_cat-led-svetlobna-terapija-za-ljudi","10":"first","11":"onbackorder","12":"taxable","13":"shipping-taxable","14":"purchasable","15":"product-type-simple"},"_links":{"self":[{"href":"https:\/\/www.mojcuci.si\/en\/wp-json\/wp\/v2\/product\/6943","targetHints":{"allow":["GET"]}}],"collection":[{"href":"https:\/\/www.mojcuci.si\/en\/wp-json\/wp\/v2\/product"}],"about":[{"href":"https:\/\/www.mojcuci.si\/en\/wp-json\/wp\/v2\/types\/product"}],"version-history":[{"count":0,"href":"https:\/\/www.mojcuci.si\/en\/wp-json\/wp\/v2\/product\/6943\/revisions"}],"wp:featuredmedia":[{"embeddable":true,"href":"https:\/\/www.mojcuci.si\/en\/wp-json\/wp\/v2\/media\/8244"}],"wp:attachment":[{"href":"https:\/\/www.mojcuci.si\/en\/wp-json\/wp\/v2\/media?parent=6943"}],"wp:term":[{"taxonomy":"product_brand","embeddable":true,"href":"https:\/\/www.mojcuci.si\/en\/wp-json\/wp\/v2\/product_brand?post=6943"},{"taxonomy":"product_cat","embeddable":true,"href":"https:\/\/www.mojcuci.si\/en\/wp-json\/wp\/v2\/product_cat?post=6943"},{"taxonomy":"product_tag","embeddable":true,"href":"https:\/\/www.mojcuci.si\/en\/wp-json\/wp\/v2\/product_tag?post=6943"}],"curies":[{"name":"wp","href":"https:\/\/api.w.org\/{rel}","templated":true}]}}