{"id":6953,"date":"2024-12-03T10:00:21","date_gmt":"2024-12-03T10:00:21","guid":{"rendered":"https:\/\/www.ivh44.si\/Ponudbe\/cuciprehod\/?post_type=product&#038;p=6953"},"modified":"2026-04-12T14:22:51","modified_gmt":"2026-04-12T14:22:51","slug":"photizo-blush","status":"publish","type":"product","link":"https:\/\/www.mojcuci.si\/en\/product\/photizo-blush\/","title":{"rendered":"Photizo Blush &#8211; Svetlobna terapija"},"content":{"rendered":"","protected":false},"excerpt":{"rendered":"<p><strong>Naj bo va\u0161a ko\u017ea prednostna naloga z Photizo Blush<\/strong><\/p>\n<p>Photizo Blush bo hitro preoblikoval va\u0161 lepotni re\u017eim in vam prinesel mehkej\u0161o in bolj mladostno ko\u017eo z minimalnim naporom, vse v udobju va\u0161ega doma.<\/p>\n<p>Photizo Blush, ki se spopada z drobnimi linijami in gubami od znotraj navzven, je preprosto dopolnilo va\u0161im obstoje\u010dim tretmajem proti staranju in negi ko\u017ee.<\/p>\n<h3 style=\"text-align: center;\">Photizo Blush\u00a0bo pomagal<\/h3>\n<ul>\n<li>Ustvariti zdrav sijaj na obrazu<\/li>\n<li><strong>Izbolj\u0161at Teksturo in tonus ko\u017ee<\/strong><\/li>\n<li><strong>Zmanj\u0161ati drobne linije, gube<\/strong>, vklju\u010dno z vratnimi gubami, gubami pod o\u010dmi, gubami na \u010delu in smejalnimi gubicami<\/li>\n<li><strong>Popraviti \u0161kodo zaradi sonca<\/strong><\/li>\n<li><strong>Zmanj\u0161ati rde\u010dico,<\/strong> zardevanje in vidno po\u0161kodovane kapilare<\/li>\n<li><strong>Zbledeti brzgotine\u00a0in\u00a0Strije<\/strong><\/li>\n<li>Prinesti\u00a0<strong>ve\u010d vlage\u00a0<\/strong>va\u0161i ko\u017ei<\/li>\n<li>Zmanj\u0161ati videz zabuhlih o\u010di in temnih\u00a0podo\u010dnjakov<\/li>\n<li>Spodbuditi proizvodnjo kolagena in elastina<\/li>\n<li>Izbolj\u0161ati teksturo in tonus ko\u017ee<\/li>\n<\/ul>\n<p>&nbsp;<\/p>","protected":false},"featured_media":6957,"template":"","meta":{"_seopress_robots_primary_cat":"none","_seopress_titles_title":"","_seopress_titles_desc":"","_seopress_robots_index":""},"product_brand":[248],"product_cat":[257,151],"product_tag":[],"class_list":{"0":"post-6953","1":"product","2":"type-product","3":"status-publish","4":"has-post-thumbnail","6":"product_brand-photizo","7":"product_cat-photizo","8":"product_cat-led-svetlobna-terapija-za-ljudi","10":"first","11":"instock","12":"sale","13":"taxable","14":"shipping-taxable","15":"purchasable","16":"product-type-simple"},"_links":{"self":[{"href":"https:\/\/www.mojcuci.si\/en\/wp-json\/wp\/v2\/product\/6953","targetHints":{"allow":["GET"]}}],"collection":[{"href":"https:\/\/www.mojcuci.si\/en\/wp-json\/wp\/v2\/product"}],"about":[{"href":"https:\/\/www.mojcuci.si\/en\/wp-json\/wp\/v2\/types\/product"}],"version-history":[{"count":0,"href":"https:\/\/www.mojcuci.si\/en\/wp-json\/wp\/v2\/product\/6953\/revisions"}],"wp:featuredmedia":[{"embeddable":true,"href":"https:\/\/www.mojcuci.si\/en\/wp-json\/wp\/v2\/media\/6957"}],"wp:attachment":[{"href":"https:\/\/www.mojcuci.si\/en\/wp-json\/wp\/v2\/media?parent=6953"}],"wp:term":[{"taxonomy":"product_brand","embeddable":true,"href":"https:\/\/www.mojcuci.si\/en\/wp-json\/wp\/v2\/product_brand?post=6953"},{"taxonomy":"product_cat","embeddable":true,"href":"https:\/\/www.mojcuci.si\/en\/wp-json\/wp\/v2\/product_cat?post=6953"},{"taxonomy":"product_tag","embeddable":true,"href":"https:\/\/www.mojcuci.si\/en\/wp-json\/wp\/v2\/product_tag?post=6953"}],"curies":[{"name":"wp","href":"https:\/\/api.w.org\/{rel}","templated":true}]}}