{"id":6964,"date":"2024-12-04T11:00:33","date_gmt":"2024-12-04T11:00:33","guid":{"rendered":"https:\/\/www.ivh44.si\/Ponudbe\/cuciprehod\/?post_type=product&#038;p=6964"},"modified":"2026-04-12T14:23:10","modified_gmt":"2026-04-12T14:23:10","slug":"photizo-skincare","status":"publish","type":"product","link":"https:\/\/www.mojcuci.si\/en\/product\/photizo-skincare\/","title":{"rendered":"Photizo Skincare &#8211; Svetlobna terapija"},"content":{"rendered":"","protected":false},"excerpt":{"rendered":"<div id=\"product-description-short-116\" class=\"product-description-short rte\">\n<h3 style=\"text-align: left;\"><strong>Photizo Skincare je ODLI\u010cEN pri<\/strong><\/h3>\n<ul>\n<li>Problemih z cirkulacijo v rokah in nogah tudi med nose\u010dnostjo<\/li>\n<li>Strijah<\/li>\n<li>Med porodnih raztrganin (Episiotomy wounds)<\/li>\n<li>Ran carskega reza<\/li>\n<li>Razpokane ali ob\u010dutljive bradavice, ki ga povzro\u010di dojenje<\/li>\n<li>Izbolj\u0161anje videza ran po carskem rezu in raztrganinah ali kateremkoli operativnem posegu<\/li>\n<li>Akne, mazolji<\/li>\n<li>Razjede, rane v ustih<\/li>\n<li>Neenaka pigmentacija<\/li>\n<\/ul>\n<\/div>\n<p style=\"text-align: center;\">\u010ce imate razdra\u017eeno ko\u017eo, akne ali druge vrste ran na obrazu ali telesu bo Photizo Skincare\u00a0 pravi Photizo za vas.<\/p>\n<p>&nbsp;<\/p>","protected":false},"featured_media":6968,"template":"","meta":{"_seopress_robots_primary_cat":"none","_seopress_titles_title":"","_seopress_titles_desc":"","_seopress_robots_index":""},"product_brand":[248],"product_cat":[257,151],"product_tag":[],"class_list":{"0":"post-6964","1":"product","2":"type-product","3":"status-publish","4":"has-post-thumbnail","6":"product_brand-photizo","7":"product_cat-photizo","8":"product_cat-led-svetlobna-terapija-za-ljudi","10":"first","11":"instock","12":"sale","13":"taxable","14":"shipping-taxable","15":"purchasable","16":"product-type-simple"},"_links":{"self":[{"href":"https:\/\/www.mojcuci.si\/en\/wp-json\/wp\/v2\/product\/6964","targetHints":{"allow":["GET"]}}],"collection":[{"href":"https:\/\/www.mojcuci.si\/en\/wp-json\/wp\/v2\/product"}],"about":[{"href":"https:\/\/www.mojcuci.si\/en\/wp-json\/wp\/v2\/types\/product"}],"version-history":[{"count":0,"href":"https:\/\/www.mojcuci.si\/en\/wp-json\/wp\/v2\/product\/6964\/revisions"}],"wp:featuredmedia":[{"embeddable":true,"href":"https:\/\/www.mojcuci.si\/en\/wp-json\/wp\/v2\/media\/6968"}],"wp:attachment":[{"href":"https:\/\/www.mojcuci.si\/en\/wp-json\/wp\/v2\/media?parent=6964"}],"wp:term":[{"taxonomy":"product_brand","embeddable":true,"href":"https:\/\/www.mojcuci.si\/en\/wp-json\/wp\/v2\/product_brand?post=6964"},{"taxonomy":"product_cat","embeddable":true,"href":"https:\/\/www.mojcuci.si\/en\/wp-json\/wp\/v2\/product_cat?post=6964"},{"taxonomy":"product_tag","embeddable":true,"href":"https:\/\/www.mojcuci.si\/en\/wp-json\/wp\/v2\/product_tag?post=6964"}],"curies":[{"name":"wp","href":"https:\/\/api.w.org\/{rel}","templated":true}]}}