{"id":8180,"date":"2025-03-05T11:29:39","date_gmt":"2025-03-05T11:29:39","guid":{"rendered":"https:\/\/www.ivh44.si\/Ponudbe\/cuciprehod\/?post_type=product&#038;p=8180"},"modified":"2026-01-05T00:55:34","modified_gmt":"2026-01-05T00:55:34","slug":"photizo-641-profesional-pbm-za-zivali","status":"publish","type":"product","link":"https:\/\/www.mojcuci.si\/en\/product\/photizo-641-profesional-pbm-za-zivali\/","title":{"rendered":"Photizo 641 Profesional &#8211; PBM za \u017eivali &#8211; Svetlobna terapija"},"content":{"rendered":"","protected":false},"excerpt":{"rendered":"<p style=\"text-align: center;\"><strong>PHOTIZO 641 je namenjen za profesionalno rabo v veterini<\/strong><\/p>\n<p>Photizo Veterinary 641 je zmogljiva naprava za svetlobno terapijo, zasnovana posebej za veterinarsko uporabo. Uporablja rde\u010do in bli\u017enjo infrarde\u010do svetlobo za u\u010dinkovito zdravljenje razli\u010dnih bolezni \u017eivali, vklju\u010dno z ranami, vnetji in mi\u0161i\u010dno-skeletnimi po\u0161kodbami. To neinvazivno orodje je enostavno za uporabo in pomaga pospe\u0161iti celjenje, zmanj\u0161a bole\u010dino in izbolj\u0161a splo\u0161no okrevanje \u017eivali, zaradi \u010desar je nepogre\u0161ljiv pripomo\u010dek za veterinarsko oskrbo.<\/p>\n<p style=\"text-align: center;\"><strong>Programi ki so na razpolago na tej veterinarski enoti Photizo<\/strong><\/p>\n<p><strong>Aplikacije &#8211; Zdravljenje \u017eivali<\/strong><br \/>\n6 razli\u010dnih programov zdravljenja:<\/p>\n<p><em>Protokol za rane od 0\u201321 dni<\/em><\/p>\n<p><em>Protokol za rane od 21+<\/em><\/p>\n<p>Protokol za Seroma Hematom<\/p>\n<p>Protokol za Tissue Trauma<\/p>\n<p>Protokol za Abscese<\/p>\n<p>Osteo Protokol<\/p>\n<p>&nbsp;<\/p>\n<h5><\/h5>","protected":false},"featured_media":8224,"template":"","meta":{"_seopress_robots_primary_cat":"none","_seopress_titles_title":"","_seopress_titles_desc":"","_seopress_robots_index":""},"product_brand":[248],"product_cat":[258,152],"product_tag":[],"class_list":{"0":"post-8180","1":"product","2":"type-product","3":"status-publish","4":"has-post-thumbnail","6":"product_brand-photizo","7":"product_cat-photizo-led-svetlobna-terapija-za-zivali","8":"product_cat-led-svetlobna-terapija-za-zivali","10":"first","11":"onbackorder","12":"taxable","13":"shipping-taxable","14":"purchasable","15":"product-type-simple"},"_links":{"self":[{"href":"https:\/\/www.mojcuci.si\/en\/wp-json\/wp\/v2\/product\/8180","targetHints":{"allow":["GET"]}}],"collection":[{"href":"https:\/\/www.mojcuci.si\/en\/wp-json\/wp\/v2\/product"}],"about":[{"href":"https:\/\/www.mojcuci.si\/en\/wp-json\/wp\/v2\/types\/product"}],"version-history":[{"count":0,"href":"https:\/\/www.mojcuci.si\/en\/wp-json\/wp\/v2\/product\/8180\/revisions"}],"wp:featuredmedia":[{"embeddable":true,"href":"https:\/\/www.mojcuci.si\/en\/wp-json\/wp\/v2\/media\/8224"}],"wp:attachment":[{"href":"https:\/\/www.mojcuci.si\/en\/wp-json\/wp\/v2\/media?parent=8180"}],"wp:term":[{"taxonomy":"product_brand","embeddable":true,"href":"https:\/\/www.mojcuci.si\/en\/wp-json\/wp\/v2\/product_brand?post=8180"},{"taxonomy":"product_cat","embeddable":true,"href":"https:\/\/www.mojcuci.si\/en\/wp-json\/wp\/v2\/product_cat?post=8180"},{"taxonomy":"product_tag","embeddable":true,"href":"https:\/\/www.mojcuci.si\/en\/wp-json\/wp\/v2\/product_tag?post=8180"}],"curies":[{"name":"wp","href":"https:\/\/api.w.org\/{rel}","templated":true}]}}