{"id":8268,"date":"2025-03-14T15:16:48","date_gmt":"2025-03-14T15:16:48","guid":{"rendered":"https:\/\/www.ivh44.si\/Ponudbe\/cuciprehod\/?post_type=product&#038;p=8268"},"modified":"2026-02-18T23:03:12","modified_gmt":"2026-02-18T23:03:12","slug":"canine-therapy-tec","status":"publish","type":"product","link":"https:\/\/www.mojcuci.si\/en\/product\/canine-therapy-tec\/","title":{"rendered":"Canine Therapy-TEC &#8211; Svetlobna terapija"},"content":{"rendered":"","protected":false},"excerpt":{"rendered":"<p style=\"text-align: left;\"><span style=\"font-weight: bold; color: #2f2f2f; font-family: sans-serif; font-size: 15px; background: transparent; border: 0px; margin: 0px; padding: 0px; vertical-align: baseline;\">Svetlobna terapija v pla\u0161\u010dku za va\u0161ega ku\u017eka!\u00a0<\/span><\/p>\n<ul style=\"font: inherit; background: transparent; border: 0px; margin: 0px 0px 0px 1em; padding: 0px 0px 0px 40px; vertical-align: baseline; list-style: circle;\">\n<li style=\"background: transparent; border: 0px; margin: 0px; padding: 0px; vertical-align: baseline; font: inherit;\"><strong style=\"background: transparent; border: 0px; margin: 0px; padding: 0px; vertical-align: baseline;\">Zmanj\u0161anje bole\u010din skozi stimulacijo spro\u0161\u010danja endorfinov<\/strong><\/li>\n<li style=\"background: transparent; border: 0px; margin: 0px; padding: 0px; vertical-align: baseline; font: inherit;\"><strong style=\"background: transparent; border: 0px; margin: 0px; padding: 0px; vertical-align: baseline;\">Zmanj\u0161uje markerje\/znake vnetij v sklepih<\/strong><\/li>\n<li style=\"background: transparent; border: 0px; margin: 0px; padding: 0px; vertical-align: baseline; font: inherit;\"><strong style=\"background: transparent; border: 0px; margin: 0px; padding: 0px; vertical-align: baseline;\">Zmanj\u0161uje otekline in strdke<\/strong><\/li>\n<li style=\"background: transparent; border: 0px; margin: 0px; padding: 0px; vertical-align: baseline; font: inherit;\"><strong style=\"background: transparent; border: 0px; margin: 0px; padding: 0px; vertical-align: baseline;\">Pove\u010da funkcijo in mobilnost sklepov\u00a0<\/strong><\/li>\n<li style=\"background: transparent; border: 0px; margin: 0px; padding: 0px; vertical-align: baseline; font: inherit;\"><strong style=\"background: transparent; border: 0px; margin: 0px; padding: 0px; vertical-align: baseline;\">Stimulira in pove\u010duje proizvodnjo kolagena za obnovo tkiv<\/strong><\/li>\n<li style=\"background: transparent; border: 0px; margin: 0px; padding: 0px; vertical-align: baseline; font: inherit;\"><strong style=\"background: transparent; border: 0px; margin: 0px; padding: 0px; vertical-align: baseline;\">Pospe\u0161uje cirkulacijo za hitrej\u0161e celjenje in odstranjevanje odpadnih snovi v celicah<\/strong><\/li>\n<\/ul>\n<p>&nbsp;<\/p>\n<p style=\"text-align: center;\">Podarite va\u0161emu kosmatemu prijatelju darilo za laj\u0161anje bole\u010din in hitrej\u0161e okrevanje z<\/p>\n<p style=\"text-align: center;\"><strong>NOVIM Photonic Lights Canine Therapy &#8211; TEC<\/strong><\/p>\n<h6 id=\"tw-target-text\" class=\"tw-data-text tw-text-large tw-ta\" dir=\"ltr\" style=\"font-size: 28px; line-height: 36px; background-color: #f8f9fa; border: none; padding: 2px .14em 2px 0px; margin-top: -2px; margin-bottom: -2px; font-family: inherit; width: 270px; color: #1f1f1f;\"><\/h6>","protected":false},"featured_media":8283,"template":"","meta":{"_seopress_robots_primary_cat":"none","_seopress_titles_title":"","_seopress_titles_desc":"","_seopress_robots_index":""},"product_brand":[219],"product_cat":[259,152],"product_tag":[],"class_list":{"0":"post-8268","1":"product","2":"type-product","3":"status-publish","4":"has-post-thumbnail","6":"product_brand-photonic-lights","7":"product_cat-photonic-lights-led-svetlobna-terapija-za-zivali","8":"product_cat-led-svetlobna-terapija-za-zivali","10":"first","11":"onbackorder","12":"featured","13":"taxable","14":"shipping-taxable","15":"purchasable","16":"product-type-simple"},"_links":{"self":[{"href":"https:\/\/www.mojcuci.si\/en\/wp-json\/wp\/v2\/product\/8268","targetHints":{"allow":["GET"]}}],"collection":[{"href":"https:\/\/www.mojcuci.si\/en\/wp-json\/wp\/v2\/product"}],"about":[{"href":"https:\/\/www.mojcuci.si\/en\/wp-json\/wp\/v2\/types\/product"}],"version-history":[{"count":0,"href":"https:\/\/www.mojcuci.si\/en\/wp-json\/wp\/v2\/product\/8268\/revisions"}],"wp:featuredmedia":[{"embeddable":true,"href":"https:\/\/www.mojcuci.si\/en\/wp-json\/wp\/v2\/media\/8283"}],"wp:attachment":[{"href":"https:\/\/www.mojcuci.si\/en\/wp-json\/wp\/v2\/media?parent=8268"}],"wp:term":[{"taxonomy":"product_brand","embeddable":true,"href":"https:\/\/www.mojcuci.si\/en\/wp-json\/wp\/v2\/product_brand?post=8268"},{"taxonomy":"product_cat","embeddable":true,"href":"https:\/\/www.mojcuci.si\/en\/wp-json\/wp\/v2\/product_cat?post=8268"},{"taxonomy":"product_tag","embeddable":true,"href":"https:\/\/www.mojcuci.si\/en\/wp-json\/wp\/v2\/product_tag?post=8268"}],"curies":[{"name":"wp","href":"https:\/\/api.w.org\/{rel}","templated":true}]}}