{"id":8287,"date":"2025-03-14T15:16:16","date_gmt":"2025-03-14T15:16:16","guid":{"rendered":"https:\/\/www.ivh44.si\/Ponudbe\/cuciprehod\/?post_type=product&#038;p=8287"},"modified":"2026-02-01T18:29:00","modified_gmt":"2026-02-01T18:29:00","slug":"luxlift-light-maska","status":"publish","type":"product","link":"https:\/\/www.mojcuci.si\/en\/product\/luxlift-light-maska\/","title":{"rendered":"LUXLift Light Maska &#8211; Svetlobna terapija"},"content":{"rendered":"<p>LUXLift Light Maska, za lepo, zdravo, sijo\u010do ko\u017eo<\/p>\n<p>N OVA svetlobna maska LUXLift ni le inovacija; to je izku\u0161nja sama po sebi!<\/p>\n<p>Izdelan je iz naprednega in medicinskega silikona, da se \u0161e bolj natan\u010dno prilagodi va\u0161emu obrazu.<\/p>\n<p>To ne zagotavlja le optimalnega prileganja, ampak tudi neprimerljivo udobje skozi celotno zdravljenje s svetlobno terapijo.<\/p>\n<p>Zasnovana za zdravo, sijo\u010do ko\u017eo. Ustvarjena z mislijo\u00a0 prijazno do uporabnika.<\/p>\n<p>* Zmanj\u0161uje stres ko\u017ee<\/p>\n<p>* Pove\u010da proizvodnjo kolagena<\/p>\n<p>* Spodbuja proizvodnjo elastina<\/p>","protected":false},"excerpt":{"rendered":"<h2><strong>LUXLift Light Maska, za lepo, zdravo, sijo\u010do ko\u017eo<\/strong><\/h2>\n<p>N<strong>OVA<\/strong> svetlobna maska LUXLift ni le inovacija; to je izku\u0161nja sama po sebi!<\/p>\n<p>Izdelan je iz naprednega in medicinskega silikona, da se \u0161e bolj natan\u010dno prilagodi va\u0161emu obrazu.<\/p>\n<p>To ne zagotavlja le optimalnega prileganja, ampak tudi neprimerljivo udobje skozi celotno zdravljenje s svetlobno terapijo.<\/p>\n<p>Zasnovana za zdravo, sijo\u010do ko\u017eo. Ustvarjena z mislijo\u00a0 prijazno do uporabnika.<\/p>\n<p>* Zmanj\u0161uje stres ko\u017ee<\/p>\n<p>* Pove\u010da proizvodnjo kolagena<\/p>\n<p>* Spodbuja proizvodnjo elastina<\/p>","protected":false},"featured_media":8292,"template":"","meta":{"_seopress_robots_primary_cat":"none","_seopress_titles_title":"","_seopress_titles_desc":"","_seopress_robots_index":""},"product_brand":[219],"product_cat":[220,151],"product_tag":[],"class_list":{"0":"post-8287","1":"product","2":"type-product","3":"status-publish","4":"has-post-thumbnail","6":"product_brand-photonic-lights","7":"product_cat-photonic-lights","8":"product_cat-led-svetlobna-terapija-za-ljudi","10":"first","11":"onbackorder","12":"taxable","13":"shipping-taxable","14":"purchasable","15":"product-type-simple"},"_links":{"self":[{"href":"https:\/\/www.mojcuci.si\/en\/wp-json\/wp\/v2\/product\/8287","targetHints":{"allow":["GET"]}}],"collection":[{"href":"https:\/\/www.mojcuci.si\/en\/wp-json\/wp\/v2\/product"}],"about":[{"href":"https:\/\/www.mojcuci.si\/en\/wp-json\/wp\/v2\/types\/product"}],"version-history":[{"count":0,"href":"https:\/\/www.mojcuci.si\/en\/wp-json\/wp\/v2\/product\/8287\/revisions"}],"wp:featuredmedia":[{"embeddable":true,"href":"https:\/\/www.mojcuci.si\/en\/wp-json\/wp\/v2\/media\/8292"}],"wp:attachment":[{"href":"https:\/\/www.mojcuci.si\/en\/wp-json\/wp\/v2\/media?parent=8287"}],"wp:term":[{"taxonomy":"product_brand","embeddable":true,"href":"https:\/\/www.mojcuci.si\/en\/wp-json\/wp\/v2\/product_brand?post=8287"},{"taxonomy":"product_cat","embeddable":true,"href":"https:\/\/www.mojcuci.si\/en\/wp-json\/wp\/v2\/product_cat?post=8287"},{"taxonomy":"product_tag","embeddable":true,"href":"https:\/\/www.mojcuci.si\/en\/wp-json\/wp\/v2\/product_tag?post=8287"}],"curies":[{"name":"wp","href":"https:\/\/api.w.org\/{rel}","templated":true}]}}