{"id":8383,"date":"2025-03-14T17:14:45","date_gmt":"2025-03-14T17:14:45","guid":{"rendered":"https:\/\/www.ivh44.si\/Ponudbe\/cuciprehod\/?post_type=product&#038;p=8383"},"modified":"2026-04-12T16:28:33","modified_gmt":"2026-04-12T16:28:33","slug":"ani-flexi-marine-80tbl","status":"publish","type":"product","link":"https:\/\/www.mojcuci.si\/en\/product\/ani-flexi-marine-80tbl\/","title":{"rendered":"Ani Flexi Marine"},"content":{"rendered":"<p>GameDog AniFlex Marine \u00a0\u00a0 80 \u00a0 tablet<\/p>\n<p>Effective joint protection for dogs prone to allergies<\/p>\n<p>Has a chondroprotective effect<\/p>\n<p>Improves joint mobility and flexibility<\/p>\n<p>Relieves symptoms of osteoarthritis<\/p>\n<p>Prevents the progression of degenerative changes<\/p>\n<p>Reduces inflammation and joint pain<\/p>\n<p>Nourishes and promotes joint regeneration<\/p>\n<p>Supports the proper development of the musculoskeletal system in puppies with abnormalities in the articular cartilage structure<\/p>","protected":false},"excerpt":{"rendered":"<p><strong>GameDog AniFlex Marine<\/strong><\/p>\n<p class=\"font-semibold\">U\u010dinkovita za\u0161\u010dita sklepov za pse, nagnjene k alergijam<\/p>\n<ul class=\"mt-[10px]\">\n<li class=\"flex gap-[10px] mb-[10px]\">\n<p class=\"pb-0\">Ima hondroprotektivni u\u010dinek<\/p>\n<\/li>\n<li class=\"flex gap-[10px] mb-[10px]\">\n<p class=\"pb-0\">Izbolj\u0161a gibljivost in pro\u017enost sklepov<\/p>\n<\/li>\n<li class=\"flex gap-[10px] mb-[10px]\">\n<p class=\"pb-0\">Bla\u017ei simptome osteoartritisa<\/p>\n<\/li>\n<li class=\"flex gap-[10px] mb-[10px]\">\n<p class=\"pb-0\">Prepre\u010duje napredovanje degenerativnih sprememb<\/p>\n<\/li>\n<li class=\"flex gap-[10px] mb-[10px]\">\n<p class=\"pb-0\">Zmanj\u0161uje vnetje in bole\u010dino v sklepih<\/p>\n<\/li>\n<li class=\"flex gap-[10px] mb-[10px]\">\n<p class=\"pb-0\">Neguje in spodbuja regeneracijo sklepov<\/p>\n<\/li>\n<li>Podpira pravilen razvoj lokomotivnega sistema pri mladi\u010dih z nepravilnostmi v strukturi sklepnega hrustanca<\/li>\n<\/ul>\n<p>Pakirano: 80 tablet<\/p>\n<p style=\"margin: 4px 0px; color: #010101; font-family: Poppins; font-size: 16px;\">\n","protected":false},"featured_media":8386,"template":"","meta":{"_seopress_robots_primary_cat":"none","_seopress_titles_title":"","_seopress_titles_desc":"","_seopress_robots_index":""},"product_brand":[241],"product_cat":[169,148],"product_tag":[],"class_list":{"0":"post-8383","1":"product","2":"type-product","3":"status-publish","4":"has-post-thumbnail","6":"product_brand-game-dog-performance-nutrition","7":"product_cat-hrana-in-prehranski-dodatki-za-pse","8":"product_cat-prehranski-dodatki","10":"first","11":"instock","12":"featured","13":"taxable","14":"shipping-taxable","15":"purchasable","16":"product-type-simple"},"_links":{"self":[{"href":"https:\/\/www.mojcuci.si\/en\/wp-json\/wp\/v2\/product\/8383","targetHints":{"allow":["GET"]}}],"collection":[{"href":"https:\/\/www.mojcuci.si\/en\/wp-json\/wp\/v2\/product"}],"about":[{"href":"https:\/\/www.mojcuci.si\/en\/wp-json\/wp\/v2\/types\/product"}],"version-history":[{"count":1,"href":"https:\/\/www.mojcuci.si\/en\/wp-json\/wp\/v2\/product\/8383\/revisions"}],"predecessor-version":[{"id":10111,"href":"https:\/\/www.mojcuci.si\/en\/wp-json\/wp\/v2\/product\/8383\/revisions\/10111"}],"wp:featuredmedia":[{"embeddable":true,"href":"https:\/\/www.mojcuci.si\/en\/wp-json\/wp\/v2\/media\/8386"}],"wp:attachment":[{"href":"https:\/\/www.mojcuci.si\/en\/wp-json\/wp\/v2\/media?parent=8383"}],"wp:term":[{"taxonomy":"product_brand","embeddable":true,"href":"https:\/\/www.mojcuci.si\/en\/wp-json\/wp\/v2\/product_brand?post=8383"},{"taxonomy":"product_cat","embeddable":true,"href":"https:\/\/www.mojcuci.si\/en\/wp-json\/wp\/v2\/product_cat?post=8383"},{"taxonomy":"product_tag","embeddable":true,"href":"https:\/\/www.mojcuci.si\/en\/wp-json\/wp\/v2\/product_tag?post=8383"}],"curies":[{"name":"wp","href":"https:\/\/api.w.org\/{rel}","templated":true}]}}