{"id":8442,"date":"2025-03-18T13:34:26","date_gmt":"2025-03-18T13:34:26","guid":{"rendered":"https:\/\/www.ivh44.si\/Ponudbe\/cuciprehod\/?post_type=product&#038;p=8442"},"modified":"2026-04-12T14:22:51","modified_gmt":"2026-04-12T14:22:51","slug":"kudo-jagnje-in-riz-za-odrasle-pse-majhnih-pasem","status":"publish","type":"product","link":"https:\/\/www.mojcuci.si\/en\/product\/kudo-jagnje-in-riz-za-odrasle-pse-majhnih-pasem\/","title":{"rendered":"Kudo jagnje in ri\u017e za odrasle pse majhnih pasem"},"content":{"rendered":"<p>vsebuje\u00a0 54% jagnjetine in govedine<\/p>\n<p>BREZ glutena<\/p>\n<p>brez umetnih barvil, konzervansov in glutena<\/p>\n<p>odli\u010dna kombinacija \u017eivalskih beljakovin jagnjetine in govedine<\/p>\n<p>lahko prebavljiva<\/p>\n<p>iz\u00a0 najbolj\u0161ega mesa, zelenjave in zeli\u0161\u010d<\/p>\n<p>NE \u00a0vsebuje umetnih barvil ali arom<\/p>\n<p>pakirano\u00a0 3kg<\/p>","protected":false},"excerpt":{"rendered":"<ul>\n<li>vsebuje\u00a0<strong>54% jagnjetine in govedine<\/strong><\/li>\n<li><strong>BREZ glutena<\/strong><\/li>\n<li>brez umetnih barvil, konzervansov in glutena<\/li>\n<li>odli\u010dna kombinacija \u017eivalskih beljakovin jagnjetine in govedine<\/li>\n<li><strong>lahko prebavljiva<\/strong><\/li>\n<li>iz\u00a0<strong>najbolj\u0161ega mesa, zelenjave in zeli\u0161\u010d<\/strong><\/li>\n<li><strong>NE<\/strong>\u00a0vsebuje umetnih barvil ali arom<\/li>\n<li>pakirano\u00a0<strong>3kg<\/strong><\/li>\n<\/ul>","protected":false},"featured_media":8445,"template":"","meta":{"_seopress_robots_primary_cat":"none","_seopress_titles_title":"","_seopress_titles_desc":"","_seopress_robots_index":""},"product_brand":[245],"product_cat":[186,169],"product_tag":[],"class_list":{"0":"post-8442","1":"product","2":"type-product","3":"status-publish","4":"has-post-thumbnail","6":"product_brand-kudo","7":"product_cat-hladno-stiskana-hrana-za-pse","8":"product_cat-hrana-in-prehranski-dodatki-za-pse","10":"first","11":"instock","12":"taxable","13":"shipping-taxable","14":"purchasable","15":"product-type-simple"},"_links":{"self":[{"href":"https:\/\/www.mojcuci.si\/en\/wp-json\/wp\/v2\/product\/8442","targetHints":{"allow":["GET"]}}],"collection":[{"href":"https:\/\/www.mojcuci.si\/en\/wp-json\/wp\/v2\/product"}],"about":[{"href":"https:\/\/www.mojcuci.si\/en\/wp-json\/wp\/v2\/types\/product"}],"version-history":[{"count":0,"href":"https:\/\/www.mojcuci.si\/en\/wp-json\/wp\/v2\/product\/8442\/revisions"}],"wp:featuredmedia":[{"embeddable":true,"href":"https:\/\/www.mojcuci.si\/en\/wp-json\/wp\/v2\/media\/8445"}],"wp:attachment":[{"href":"https:\/\/www.mojcuci.si\/en\/wp-json\/wp\/v2\/media?parent=8442"}],"wp:term":[{"taxonomy":"product_brand","embeddable":true,"href":"https:\/\/www.mojcuci.si\/en\/wp-json\/wp\/v2\/product_brand?post=8442"},{"taxonomy":"product_cat","embeddable":true,"href":"https:\/\/www.mojcuci.si\/en\/wp-json\/wp\/v2\/product_cat?post=8442"},{"taxonomy":"product_tag","embeddable":true,"href":"https:\/\/www.mojcuci.si\/en\/wp-json\/wp\/v2\/product_tag?post=8442"}],"curies":[{"name":"wp","href":"https:\/\/api.w.org\/{rel}","templated":true}]}}