{"id":8481,"date":"2025-03-19T11:29:21","date_gmt":"2025-03-19T11:29:21","guid":{"rendered":"https:\/\/www.ivh44.si\/Ponudbe\/cuciprehod\/?post_type=product&#038;p=8481"},"modified":"2025-10-16T18:49:38","modified_gmt":"2025-10-16T18:49:38","slug":"prey-puran","status":"publish","type":"product","link":"https:\/\/www.mojcuci.si\/en\/product\/prey-puran\/","title":{"rendered":"PREY &#8211; Puran"},"content":{"rendered":"<p><strong>Taste of the Wild Prey s puranom temelji na naravni prehrani psov.<\/strong>\u00a0 \u0160tiri glavne sestavine zagotavljajo naraven obrok in dodani probiotiki.<\/p>\n<ul>\n<li><strong>MONOPROTEINSKA \u2013\u00a0 hrana brez \u017eit (GRAIN-FREE)<\/strong><\/li>\n<li>Puran kot edini vir \u017eivalskih beljakovin<\/li>\n<li><strong>4 klju\u010dne sestavine<\/strong><\/li>\n<li>Primerno tudi za ob\u010dutljive pse<\/li>\n<li>Omejeno \u0161tevilo sestavin<\/li>\n<li><strong>Dodane psom specifi\u010dne probioti\u010dne kulture<\/strong><\/li>\n<li><strong>Brez vsebnosti \u017eit &amp; krompirja<\/strong><\/li>\n<li>Brez umetnih barvil, arom in konzervansov<\/li>\n<\/ul>","protected":false},"excerpt":{"rendered":"<p>Taste of the Wild Prey s puranom temelji na naravni prehrani psov.\u00a0 \u0160tiri glavne sestavine zagotavljajo naraven obrok in dodani probiotiki. MONOPROTEINSKA \u2013\u00a0 hrana brez \u017eit (GRAIN-FREE) Puran kot edini vir \u017eivalskih beljakovin 4 klju\u010dne sestavine Primerno tudi za ob\u010dutljive pse Omejeno \u0161tevilo sestavin Dodane psom specifi\u010dne probioti\u010dne kulture Brez vsebnosti \u017eit &amp; krompirja Brez [&hellip;]<\/p>\n","protected":false},"featured_media":8486,"template":"","meta":{"_seopress_robots_primary_cat":"none","_seopress_titles_title":"","_seopress_titles_desc":"","_seopress_robots_index":""},"product_brand":[250],"product_cat":[169,185],"product_tag":[],"class_list":{"0":"post-8481","1":"product","2":"type-product","3":"status-publish","4":"has-post-thumbnail","6":"product_brand-taste-of-the-wilde","7":"product_cat-hrana-in-prehranski-dodatki-za-pse","8":"product_cat-suha-hrana-za-pse","10":"first","11":"instock","12":"taxable","13":"shipping-taxable","14":"purchasable","15":"product-type-variable"},"_links":{"self":[{"href":"https:\/\/www.mojcuci.si\/en\/wp-json\/wp\/v2\/product\/8481","targetHints":{"allow":["GET"]}}],"collection":[{"href":"https:\/\/www.mojcuci.si\/en\/wp-json\/wp\/v2\/product"}],"about":[{"href":"https:\/\/www.mojcuci.si\/en\/wp-json\/wp\/v2\/types\/product"}],"version-history":[{"count":0,"href":"https:\/\/www.mojcuci.si\/en\/wp-json\/wp\/v2\/product\/8481\/revisions"}],"wp:featuredmedia":[{"embeddable":true,"href":"https:\/\/www.mojcuci.si\/en\/wp-json\/wp\/v2\/media\/8486"}],"wp:attachment":[{"href":"https:\/\/www.mojcuci.si\/en\/wp-json\/wp\/v2\/media?parent=8481"}],"wp:term":[{"taxonomy":"product_brand","embeddable":true,"href":"https:\/\/www.mojcuci.si\/en\/wp-json\/wp\/v2\/product_brand?post=8481"},{"taxonomy":"product_cat","embeddable":true,"href":"https:\/\/www.mojcuci.si\/en\/wp-json\/wp\/v2\/product_cat?post=8481"},{"taxonomy":"product_tag","embeddable":true,"href":"https:\/\/www.mojcuci.si\/en\/wp-json\/wp\/v2\/product_tag?post=8481"}],"curies":[{"name":"wp","href":"https:\/\/api.w.org\/{rel}","templated":true}]}}