{"id":8552,"date":"2025-03-20T20:59:33","date_gmt":"2025-03-20T20:59:33","guid":{"rendered":"https:\/\/www.ivh44.si\/Ponudbe\/cuciprehod\/?post_type=product&#038;p=8552"},"modified":"2025-10-16T18:48:38","modified_gmt":"2025-10-16T18:48:38","slug":"monge-monoproteinska-hrana-z-jagnjetino-za-odrasle-pse-vseh-pasem","status":"publish","type":"product","link":"https:\/\/www.mojcuci.si\/en\/product\/monge-monoproteinska-hrana-z-jagnjetino-za-odrasle-pse-vseh-pasem\/","title":{"rendered":"Monge &#8211; MONOPROTEINSKA hrana z jagnjetino za odrasle pse vseh pasem"},"content":{"rendered":"<div class=\"short\">Monge Natural Superpremium Adult All Breeds z jagnjetino, ri\u017eem in krompirjem je\u00a0<strong>popolna monoproteinska hrana<\/strong>\u00a0za odrasle pse vseh pasem, ki imajo te\u017eave s preob\u010dutljivostjo na hrano.<\/div>\n<div class=\"long\">\n<ul>\n<li><strong>Monoproteinska hrana \u2013 samo ena vrsta mesa<\/strong><\/li>\n<li>Z dodanimi prebiotiki<\/li>\n<li>Jagnetina in ri\u017e<\/li>\n<li>Dodatek hondroitina in glukozamina<\/li>\n<li>Z jagnjetino, ri\u017eem in krompirjem<\/li>\n<li><strong>Ne vsebuje soje<\/strong><\/li>\n<li>Z izvle\u010dkom arti\u010doke in origana<\/li>\n<\/ul>\n<\/div>","protected":false},"excerpt":{"rendered":"<p>Monge Natural Superpremium Adult All Breeds z jagnjetino, ri\u017eem in krompirjem je\u00a0popolna monoproteinska hrana\u00a0za odrasle pse vseh pasem, ki imajo te\u017eave s preob\u010dutljivostjo na hrano. Monoproteinska hrana \u2013 samo ena vrsta mesa Z dodanimi prebiotiki Jagnetina in ri\u017e Dodatek hondroitina in glukozamina Z jagnjetino, ri\u017eem in krompirjem Ne vsebuje soje Z izvle\u010dkom arti\u010doke in origana<\/p>","protected":false},"featured_media":8558,"template":"","meta":{"_seopress_robots_primary_cat":"none","_seopress_titles_title":"","_seopress_titles_desc":"","_seopress_robots_index":""},"product_brand":[249],"product_cat":[169,185],"product_tag":[],"class_list":{"0":"post-8552","1":"product","2":"type-product","3":"status-publish","4":"has-post-thumbnail","6":"product_brand-monge","7":"product_cat-hrana-in-prehranski-dodatki-za-pse","8":"product_cat-suha-hrana-za-pse","10":"first","11":"instock","12":"taxable","13":"shipping-taxable","14":"purchasable","15":"product-type-variable"},"_links":{"self":[{"href":"https:\/\/www.mojcuci.si\/en\/wp-json\/wp\/v2\/product\/8552","targetHints":{"allow":["GET"]}}],"collection":[{"href":"https:\/\/www.mojcuci.si\/en\/wp-json\/wp\/v2\/product"}],"about":[{"href":"https:\/\/www.mojcuci.si\/en\/wp-json\/wp\/v2\/types\/product"}],"version-history":[{"count":0,"href":"https:\/\/www.mojcuci.si\/en\/wp-json\/wp\/v2\/product\/8552\/revisions"}],"wp:featuredmedia":[{"embeddable":true,"href":"https:\/\/www.mojcuci.si\/en\/wp-json\/wp\/v2\/media\/8558"}],"wp:attachment":[{"href":"https:\/\/www.mojcuci.si\/en\/wp-json\/wp\/v2\/media?parent=8552"}],"wp:term":[{"taxonomy":"product_brand","embeddable":true,"href":"https:\/\/www.mojcuci.si\/en\/wp-json\/wp\/v2\/product_brand?post=8552"},{"taxonomy":"product_cat","embeddable":true,"href":"https:\/\/www.mojcuci.si\/en\/wp-json\/wp\/v2\/product_cat?post=8552"},{"taxonomy":"product_tag","embeddable":true,"href":"https:\/\/www.mojcuci.si\/en\/wp-json\/wp\/v2\/product_tag?post=8552"}],"curies":[{"name":"wp","href":"https:\/\/api.w.org\/{rel}","templated":true}]}}