{"id":8577,"date":"2025-03-20T21:46:00","date_gmt":"2025-03-20T21:46:00","guid":{"rendered":"https:\/\/www.ivh44.si\/Ponudbe\/cuciprehod\/?post_type=product&#038;p=8577"},"modified":"2025-10-16T18:48:07","modified_gmt":"2025-10-16T18:48:07","slug":"monge-monoproteinska-hrana-z-zajcem-za-odrasle-pse","status":"publish","type":"product","link":"https:\/\/www.mojcuci.si\/en\/product\/monge-monoproteinska-hrana-z-zajcem-za-odrasle-pse\/","title":{"rendered":"Monge &#8211; MONOPROTEINSKA hrana z zajcem za odrasle pse"},"content":{"rendered":"<p>Monge Natural Superpremium Adult z zajcem, ri\u017eem in krompirjem je popolna monoproteinska hrana za odrasle pse.<\/p>\n<ul>\n<li><strong>monoproteinska hrana \u2013 samo ena vrsta mesa<\/strong><\/li>\n<li>brez barvil in konzervansov<\/li>\n<li>zajec, ri\u017e in krompir<\/li>\n<li>ne vsebuje soje<\/li>\n<li>primerna za ob\u010dutljive ali alergi\u010dne pse<\/li>\n<li><strong>obogatena s prebiotiki<\/strong><\/li>\n<li>izvle\u010dkom arti\u010doke<\/li>\n<li><strong>za za\u0161\u010dito jeter<\/strong><\/li>\n<\/ul>","protected":false},"excerpt":{"rendered":"<p>Monge Natural Superpremium Adult z zajcem, ri\u017eem in krompirjem je popolna monoproteinska hrana za odrasle pse. monoproteinska hrana \u2013 samo ena vrsta mesa brez barvil in konzervansov zajec, ri\u017e in krompir ne vsebuje soje primerna za ob\u010dutljive ali alergi\u010dne pse obogatena s prebiotiki izvle\u010dkom arti\u010doke za za\u0161\u010dito jeter<\/p>","protected":false},"featured_media":8580,"template":"","meta":{"_seopress_robots_primary_cat":"none","_seopress_titles_title":"","_seopress_titles_desc":"","_seopress_robots_index":""},"product_brand":[249],"product_cat":[169,185],"product_tag":[],"class_list":{"0":"post-8577","1":"product","2":"type-product","3":"status-publish","4":"has-post-thumbnail","6":"product_brand-monge","7":"product_cat-hrana-in-prehranski-dodatki-za-pse","8":"product_cat-suha-hrana-za-pse","10":"first","11":"instock","12":"taxable","13":"shipping-taxable","14":"purchasable","15":"product-type-variable"},"_links":{"self":[{"href":"https:\/\/www.mojcuci.si\/en\/wp-json\/wp\/v2\/product\/8577","targetHints":{"allow":["GET"]}}],"collection":[{"href":"https:\/\/www.mojcuci.si\/en\/wp-json\/wp\/v2\/product"}],"about":[{"href":"https:\/\/www.mojcuci.si\/en\/wp-json\/wp\/v2\/types\/product"}],"version-history":[{"count":0,"href":"https:\/\/www.mojcuci.si\/en\/wp-json\/wp\/v2\/product\/8577\/revisions"}],"wp:featuredmedia":[{"embeddable":true,"href":"https:\/\/www.mojcuci.si\/en\/wp-json\/wp\/v2\/media\/8580"}],"wp:attachment":[{"href":"https:\/\/www.mojcuci.si\/en\/wp-json\/wp\/v2\/media?parent=8577"}],"wp:term":[{"taxonomy":"product_brand","embeddable":true,"href":"https:\/\/www.mojcuci.si\/en\/wp-json\/wp\/v2\/product_brand?post=8577"},{"taxonomy":"product_cat","embeddable":true,"href":"https:\/\/www.mojcuci.si\/en\/wp-json\/wp\/v2\/product_cat?post=8577"},{"taxonomy":"product_tag","embeddable":true,"href":"https:\/\/www.mojcuci.si\/en\/wp-json\/wp\/v2\/product_tag?post=8577"}],"curies":[{"name":"wp","href":"https:\/\/api.w.org\/{rel}","templated":true}]}}