{"id":8600,"date":"2025-03-20T22:19:08","date_gmt":"2025-03-20T22:19:08","guid":{"rendered":"https:\/\/www.ivh44.si\/Ponudbe\/cuciprehod\/?post_type=product&#038;p=8600"},"modified":"2025-10-16T18:47:26","modified_gmt":"2025-10-16T18:47:26","slug":"monge-hrana-za-odrasle-pse-srednje-velikih-pasem","status":"publish","type":"product","link":"https:\/\/www.mojcuci.si\/en\/product\/monge-hrana-za-odrasle-pse-srednje-velikih-pasem\/","title":{"rendered":"Monge &#8211; hrana za odrasle pse srednje velikih pasem"},"content":{"rendered":"<p>Monge Natural Superpremium Medium Adult s pi\u0161\u010dancem je popolna hrana za normalno aktivne srednje velike odrasle pse.<\/p>\n<ul>\n<li>S pi\u0161\u010dan\u010djim mesom in ri\u017eem<\/li>\n<li>Brez umetnih barvil in konzervansov<\/li>\n<li>Popolna hrana za pse<\/li>\n<li><strong>Z dodanim L-karnitinom<\/strong><\/li>\n<li>Lahko prebavljiva<\/li>\n<li><strong>Bogata z Omega-3 in Omega-6 ma\u0161\u010dobnimi kislinami<\/strong><\/li>\n<\/ul>","protected":false},"excerpt":{"rendered":"<p>Monge Natural Superpremium Medium Adult s pi\u0161\u010dancem je popolna hrana za normalno aktivne srednje velike odrasle pse. S pi\u0161\u010dan\u010djim mesom in ri\u017eem Brez umetnih barvil in konzervansov Popolna hrana za pse Z dodanim L-karnitinom Lahko prebavljiva Bogata z Omega-3 in Omega-6 ma\u0161\u010dobnimi kislinami<\/p>","protected":false},"featured_media":8603,"template":"","meta":{"_seopress_robots_primary_cat":"none","_seopress_titles_title":"","_seopress_titles_desc":"","_seopress_robots_index":""},"product_brand":[249],"product_cat":[169,185],"product_tag":[],"class_list":{"0":"post-8600","1":"product","2":"type-product","3":"status-publish","4":"has-post-thumbnail","6":"product_brand-monge","7":"product_cat-hrana-in-prehranski-dodatki-za-pse","8":"product_cat-suha-hrana-za-pse","10":"first","11":"instock","12":"taxable","13":"shipping-taxable","14":"purchasable","15":"product-type-variable"},"_links":{"self":[{"href":"https:\/\/www.mojcuci.si\/en\/wp-json\/wp\/v2\/product\/8600","targetHints":{"allow":["GET"]}}],"collection":[{"href":"https:\/\/www.mojcuci.si\/en\/wp-json\/wp\/v2\/product"}],"about":[{"href":"https:\/\/www.mojcuci.si\/en\/wp-json\/wp\/v2\/types\/product"}],"version-history":[{"count":0,"href":"https:\/\/www.mojcuci.si\/en\/wp-json\/wp\/v2\/product\/8600\/revisions"}],"wp:featuredmedia":[{"embeddable":true,"href":"https:\/\/www.mojcuci.si\/en\/wp-json\/wp\/v2\/media\/8603"}],"wp:attachment":[{"href":"https:\/\/www.mojcuci.si\/en\/wp-json\/wp\/v2\/media?parent=8600"}],"wp:term":[{"taxonomy":"product_brand","embeddable":true,"href":"https:\/\/www.mojcuci.si\/en\/wp-json\/wp\/v2\/product_brand?post=8600"},{"taxonomy":"product_cat","embeddable":true,"href":"https:\/\/www.mojcuci.si\/en\/wp-json\/wp\/v2\/product_cat?post=8600"},{"taxonomy":"product_tag","embeddable":true,"href":"https:\/\/www.mojcuci.si\/en\/wp-json\/wp\/v2\/product_tag?post=8600"}],"curies":[{"name":"wp","href":"https:\/\/api.w.org\/{rel}","templated":true}]}}