{"id":8607,"date":"2025-03-20T22:28:57","date_gmt":"2025-03-20T22:28:57","guid":{"rendered":"https:\/\/www.ivh44.si\/Ponudbe\/cuciprehod\/?post_type=product&#038;p=8607"},"modified":"2025-10-16T18:47:21","modified_gmt":"2025-10-16T18:47:21","slug":"monge-hrana-z-lososom-in-rizem-za-odrasle-pse-malih-pasem","status":"publish","type":"product","link":"https:\/\/www.mojcuci.si\/en\/product\/monge-hrana-z-lososom-in-rizem-za-odrasle-pse-malih-pasem\/","title":{"rendered":"Monge &#8211; hrana z lososom in ri\u017eem za odrasle pse malih pasem"},"content":{"rendered":"<div class=\"woocommerce-product-details__short-description\">\n<p>Monge Natural Superpremium Mini Adult z lososom in ri\u017eem je popolna\u00a0<strong>monoproteinska hrana<\/strong>\u00a0za odrasle pse malih pasem, ki imajo te\u017eave s preob\u010dutljivostjo na hrano.<\/p>\n<ul>\n<li><strong>Za pse, ko so ob\u010dutljivi ali alergi\u010dni\u00a0<\/strong><\/li>\n<li><strong>Monoproteinska hrana \u2013 samo ena vrsta mesa<\/strong><\/li>\n<li>Losos in ri\u017e<\/li>\n<li>Z izvle\u010dkom arti\u010doke in origana<\/li>\n<li>Brez barvil in konzervansov<\/li>\n<li><strong>Z dodanimi prebiotiki<\/strong><\/li>\n<li>Ne vsebuje soje in glutena<\/li>\n<\/ul>\n<\/div>","protected":false},"excerpt":{"rendered":"<p>Monge Natural Superpremium Mini Adult z lososom in ri\u017eem je popolna\u00a0monoproteinska hrana\u00a0za odrasle pse malih pasem, ki imajo te\u017eave s preob\u010dutljivostjo na hrano. Za pse, ko so ob\u010dutljivi ali alergi\u010dni\u00a0 Monoproteinska hrana \u2013 samo ena vrsta mesa Losos in ri\u017e Z izvle\u010dkom arti\u010doke in origana Brez barvil in konzervansov Z dodanimi prebiotiki Ne vsebuje soje [&hellip;]<\/p>\n","protected":false},"featured_media":8610,"template":"","meta":{"_seopress_robots_primary_cat":"none","_seopress_titles_title":"","_seopress_titles_desc":"","_seopress_robots_index":""},"product_brand":[249],"product_cat":[169,185],"product_tag":[],"class_list":{"0":"post-8607","1":"product","2":"type-product","3":"status-publish","4":"has-post-thumbnail","6":"product_brand-monge","7":"product_cat-hrana-in-prehranski-dodatki-za-pse","8":"product_cat-suha-hrana-za-pse","10":"first","11":"instock","12":"taxable","13":"shipping-taxable","14":"purchasable","15":"product-type-variable"},"_links":{"self":[{"href":"https:\/\/www.mojcuci.si\/en\/wp-json\/wp\/v2\/product\/8607","targetHints":{"allow":["GET"]}}],"collection":[{"href":"https:\/\/www.mojcuci.si\/en\/wp-json\/wp\/v2\/product"}],"about":[{"href":"https:\/\/www.mojcuci.si\/en\/wp-json\/wp\/v2\/types\/product"}],"version-history":[{"count":0,"href":"https:\/\/www.mojcuci.si\/en\/wp-json\/wp\/v2\/product\/8607\/revisions"}],"wp:featuredmedia":[{"embeddable":true,"href":"https:\/\/www.mojcuci.si\/en\/wp-json\/wp\/v2\/media\/8610"}],"wp:attachment":[{"href":"https:\/\/www.mojcuci.si\/en\/wp-json\/wp\/v2\/media?parent=8607"}],"wp:term":[{"taxonomy":"product_brand","embeddable":true,"href":"https:\/\/www.mojcuci.si\/en\/wp-json\/wp\/v2\/product_brand?post=8607"},{"taxonomy":"product_cat","embeddable":true,"href":"https:\/\/www.mojcuci.si\/en\/wp-json\/wp\/v2\/product_cat?post=8607"},{"taxonomy":"product_tag","embeddable":true,"href":"https:\/\/www.mojcuci.si\/en\/wp-json\/wp\/v2\/product_tag?post=8607"}],"curies":[{"name":"wp","href":"https:\/\/api.w.org\/{rel}","templated":true}]}}