{"id":8616,"date":"2025-03-20T22:35:03","date_gmt":"2025-03-20T22:35:03","guid":{"rendered":"https:\/\/www.ivh44.si\/Ponudbe\/cuciprehod\/?post_type=product&#038;p=8616"},"modified":"2025-10-16T18:49:08","modified_gmt":"2025-10-16T18:49:08","slug":"monge-excellence-s-piscancem-za-odrasle-pse-vseh-pasem","status":"publish","type":"product","link":"https:\/\/www.mojcuci.si\/en\/product\/monge-excellence-s-piscancem-za-odrasle-pse-vseh-pasem\/","title":{"rendered":"Monge &#8211; Excellence s pi\u0161\u010dancem za odrasle pse vseh pasem"},"content":{"rendered":"<p>Popolna hrana za odrasle pse vseh pasem.<\/p>\n<ul>\n<li><strong>vsebuje laneno seme kot vir Omega-3<\/strong><\/li>\n<li><strong>obogatena s citrusi (vitamin C)<\/strong><\/li>\n<li><strong>lahko prebavljive beljakovine<\/strong><\/li>\n<li><strong>SUPERPREMIUM hrana<\/strong><\/li>\n<li>za vse pasme psov<\/li>\n<li>pi\u0161\u010danec in ri\u017e<\/li>\n<li>odrasli psi<\/li>\n<li>pakiranje: 12kg<\/li>\n<\/ul>","protected":false},"excerpt":{"rendered":"<p>Popolna hrana za odrasle pse vseh pasem. vsebuje laneno seme kot vir Omega-3 obogatena s citrusi (vitamin C) lahko prebavljive beljakovine SUPERPREMIUM hrana za vse pasme psov pi\u0161\u010danec in ri\u017e odrasli psi pakiranje: 12kg<\/p>","protected":false},"featured_media":8619,"template":"","meta":{"_seopress_robots_primary_cat":"none","_seopress_titles_title":"","_seopress_titles_desc":"","_seopress_robots_index":""},"product_brand":[249],"product_cat":[169,185],"product_tag":[],"class_list":{"0":"post-8616","1":"product","2":"type-product","3":"status-publish","4":"has-post-thumbnail","6":"product_brand-monge","7":"product_cat-hrana-in-prehranski-dodatki-za-pse","8":"product_cat-suha-hrana-za-pse","10":"first","11":"instock","12":"taxable","13":"shipping-taxable","14":"purchasable","15":"product-type-simple"},"_links":{"self":[{"href":"https:\/\/www.mojcuci.si\/en\/wp-json\/wp\/v2\/product\/8616","targetHints":{"allow":["GET"]}}],"collection":[{"href":"https:\/\/www.mojcuci.si\/en\/wp-json\/wp\/v2\/product"}],"about":[{"href":"https:\/\/www.mojcuci.si\/en\/wp-json\/wp\/v2\/types\/product"}],"version-history":[{"count":0,"href":"https:\/\/www.mojcuci.si\/en\/wp-json\/wp\/v2\/product\/8616\/revisions"}],"wp:featuredmedia":[{"embeddable":true,"href":"https:\/\/www.mojcuci.si\/en\/wp-json\/wp\/v2\/media\/8619"}],"wp:attachment":[{"href":"https:\/\/www.mojcuci.si\/en\/wp-json\/wp\/v2\/media?parent=8616"}],"wp:term":[{"taxonomy":"product_brand","embeddable":true,"href":"https:\/\/www.mojcuci.si\/en\/wp-json\/wp\/v2\/product_brand?post=8616"},{"taxonomy":"product_cat","embeddable":true,"href":"https:\/\/www.mojcuci.si\/en\/wp-json\/wp\/v2\/product_cat?post=8616"},{"taxonomy":"product_tag","embeddable":true,"href":"https:\/\/www.mojcuci.si\/en\/wp-json\/wp\/v2\/product_tag?post=8616"}],"curies":[{"name":"wp","href":"https:\/\/api.w.org\/{rel}","templated":true}]}}