{"id":8622,"date":"2025-03-20T22:43:06","date_gmt":"2025-03-20T22:43:06","guid":{"rendered":"https:\/\/www.ivh44.si\/Ponudbe\/cuciprehod\/?post_type=product&#038;p=8622"},"modified":"2025-10-16T18:47:28","modified_gmt":"2025-10-16T18:47:28","slug":"monge-s-piscancem-za-mladice-srednje-velikih-pasem","status":"publish","type":"product","link":"https:\/\/www.mojcuci.si\/en\/product\/monge-s-piscancem-za-mladice-srednje-velikih-pasem\/","title":{"rendered":"MONGE &#8211; s pi\u0161\u010dancem za mladi\u010de srednje velikih pasem"},"content":{"rendered":"<p>Monge Natural Superpremium Medium Puppy&amp;Junior s pi\u0161\u010dancem je popolna hrana za mladi\u010de in odra\u0161\u010dajo\u010de pse srednje velikih pasem.<\/p>\n<ul>\n<li>Za mladi\u010de srednje velikih pasem<\/li>\n<li><strong>Primeren tudi za breje psice<\/strong><\/li>\n<li>S pi\u0161\u010dan\u010djim mesom in ri\u017eem<\/li>\n<li><strong>Brez umetnih barvil in konzervansov<\/strong><\/li>\n<li>Popolna hrana za pse<\/li>\n<li>Lahko prebavljiva<\/li>\n<li>Z glukozaminom in hondroitinom<\/li>\n<li>Bogata z Omega-3 in Omega-6 ma\u0161\u010dobnimi kislinami<\/li>\n<\/ul>","protected":false},"excerpt":{"rendered":"<p>Monge Natural Superpremium Medium Puppy&amp;Junior s pi\u0161\u010dancem je popolna hrana za mladi\u010de in odra\u0161\u010dajo\u010de pse srednje velikih pasem. Za mladi\u010de srednje velikih pasem Primeren tudi za breje psice S pi\u0161\u010dan\u010djim mesom in ri\u017eem Brez umetnih barvil in konzervansov Popolna hrana za pse Lahko prebavljiva Z glukozaminom in hondroitinom Bogata z Omega-3 in Omega-6 ma\u0161\u010dobnimi kislinami<\/p>","protected":false},"featured_media":8625,"comment_status":"closed","ping_status":"closed","template":"","meta":{"_seopress_robots_primary_cat":"none","_seopress_titles_title":"","_seopress_titles_desc":"","_seopress_robots_index":""},"product_brand":[249],"product_cat":[169,185],"product_tag":[],"class_list":{"0":"post-8622","1":"product","2":"type-product","3":"status-publish","4":"has-post-thumbnail","6":"product_brand-monge","7":"product_cat-hrana-in-prehranski-dodatki-za-pse","8":"product_cat-suha-hrana-za-pse","10":"first","11":"instock","12":"taxable","13":"shipping-taxable","14":"purchasable","15":"product-type-variable"},"_links":{"self":[{"href":"https:\/\/www.mojcuci.si\/en\/wp-json\/wp\/v2\/product\/8622","targetHints":{"allow":["GET"]}}],"collection":[{"href":"https:\/\/www.mojcuci.si\/en\/wp-json\/wp\/v2\/product"}],"about":[{"href":"https:\/\/www.mojcuci.si\/en\/wp-json\/wp\/v2\/types\/product"}],"replies":[{"embeddable":true,"href":"https:\/\/www.mojcuci.si\/en\/wp-json\/wp\/v2\/comments?post=8622"}],"version-history":[{"count":0,"href":"https:\/\/www.mojcuci.si\/en\/wp-json\/wp\/v2\/product\/8622\/revisions"}],"wp:featuredmedia":[{"embeddable":true,"href":"https:\/\/www.mojcuci.si\/en\/wp-json\/wp\/v2\/media\/8625"}],"wp:attachment":[{"href":"https:\/\/www.mojcuci.si\/en\/wp-json\/wp\/v2\/media?parent=8622"}],"wp:term":[{"taxonomy":"product_brand","embeddable":true,"href":"https:\/\/www.mojcuci.si\/en\/wp-json\/wp\/v2\/product_brand?post=8622"},{"taxonomy":"product_cat","embeddable":true,"href":"https:\/\/www.mojcuci.si\/en\/wp-json\/wp\/v2\/product_cat?post=8622"},{"taxonomy":"product_tag","embeddable":true,"href":"https:\/\/www.mojcuci.si\/en\/wp-json\/wp\/v2\/product_tag?post=8622"}],"curies":[{"name":"wp","href":"https:\/\/api.w.org\/{rel}","templated":true}]}}