{"id":8629,"date":"2025-03-20T22:50:18","date_gmt":"2025-03-20T22:50:18","guid":{"rendered":"https:\/\/www.ivh44.si\/Ponudbe\/cuciprehod\/?post_type=product&#038;p=8629"},"modified":"2025-10-16T18:47:22","modified_gmt":"2025-10-16T18:47:22","slug":"monge-z-lososom-in-rizem-za-mladice-in-odrascajoce-pse","status":"publish","type":"product","link":"https:\/\/www.mojcuci.si\/en\/product\/monge-z-lososom-in-rizem-za-mladice-in-odrascajoce-pse\/","title":{"rendered":"Monge &#8211; z lososom in ri\u017eem za mladi\u010de in odra\u0161\u010dajo\u010de pse"},"content":{"rendered":"<div class=\"short\">Popolna\u00a0<strong>monoproteinska<\/strong>\u00a0hrana.<\/div>\n<div class=\"long\">\n<ul>\n<li><strong>Bogata z Omega-3 in Omega-6 ma\u0161\u010dobnimi kislinami<\/strong><\/li>\n<li><strong>Za mladi\u010de in odra\u0161\u010dajo\u010de pse vseh pasem<\/strong><\/li>\n<li><strong>Primerna tudi za ob\u010dutljive mladi\u010de<\/strong><\/li>\n<li>Optimalno razmerje kalcija in fosforja<\/li>\n<li>Brez umetnih barvil in konzervansov<\/li>\n<li>Popolna\u00a0<strong>monoproteinska<\/strong>\u00a0hrana<\/li>\n<li>Z glukozaminom in hondroitinom<\/li>\n<li>Z lososom in ri\u017eem<\/li>\n<li><strong>Lahko prebavljiva<\/strong><\/li>\n<li>Pakiranje: 2,5kg in 15kg<\/li>\n<\/ul>\n<\/div>","protected":false},"excerpt":{"rendered":"<p>Popolna\u00a0monoproteinska\u00a0hrana. Bogata z Omega-3 in Omega-6 ma\u0161\u010dobnimi kislinami Za mladi\u010de in odra\u0161\u010dajo\u010de pse vseh pasem Primerna tudi za ob\u010dutljive mladi\u010de Optimalno razmerje kalcija in fosforja Brez umetnih barvil in konzervansov Popolna\u00a0monoproteinska\u00a0hrana Z glukozaminom in hondroitinom Z lososom in ri\u017eem Lahko prebavljiva Pakiranje: 2,5kg in 15kg<\/p>","protected":false},"featured_media":8634,"template":"","meta":{"_seopress_robots_primary_cat":"none","_seopress_titles_title":"","_seopress_titles_desc":"","_seopress_robots_index":""},"product_brand":[249],"product_cat":[169,185],"product_tag":[],"class_list":{"0":"post-8629","1":"product","2":"type-product","3":"status-publish","4":"has-post-thumbnail","6":"product_brand-monge","7":"product_cat-hrana-in-prehranski-dodatki-za-pse","8":"product_cat-suha-hrana-za-pse","10":"first","11":"instock","12":"taxable","13":"shipping-taxable","14":"purchasable","15":"product-type-variable"},"_links":{"self":[{"href":"https:\/\/www.mojcuci.si\/en\/wp-json\/wp\/v2\/product\/8629","targetHints":{"allow":["GET"]}}],"collection":[{"href":"https:\/\/www.mojcuci.si\/en\/wp-json\/wp\/v2\/product"}],"about":[{"href":"https:\/\/www.mojcuci.si\/en\/wp-json\/wp\/v2\/types\/product"}],"version-history":[{"count":0,"href":"https:\/\/www.mojcuci.si\/en\/wp-json\/wp\/v2\/product\/8629\/revisions"}],"wp:featuredmedia":[{"embeddable":true,"href":"https:\/\/www.mojcuci.si\/en\/wp-json\/wp\/v2\/media\/8634"}],"wp:attachment":[{"href":"https:\/\/www.mojcuci.si\/en\/wp-json\/wp\/v2\/media?parent=8629"}],"wp:term":[{"taxonomy":"product_brand","embeddable":true,"href":"https:\/\/www.mojcuci.si\/en\/wp-json\/wp\/v2\/product_brand?post=8629"},{"taxonomy":"product_cat","embeddable":true,"href":"https:\/\/www.mojcuci.si\/en\/wp-json\/wp\/v2\/product_cat?post=8629"},{"taxonomy":"product_tag","embeddable":true,"href":"https:\/\/www.mojcuci.si\/en\/wp-json\/wp\/v2\/product_tag?post=8629"}],"curies":[{"name":"wp","href":"https:\/\/api.w.org\/{rel}","templated":true}]}}