{"id":8637,"date":"2025-03-20T23:03:09","date_gmt":"2025-03-20T23:03:09","guid":{"rendered":"https:\/\/www.ivh44.si\/Ponudbe\/cuciprehod\/?post_type=product&#038;p=8637"},"modified":"2025-10-16T18:47:18","modified_gmt":"2025-10-16T18:47:18","slug":"monge-z-jagnjetino-in-rizem-za-mladice-in-odrascajoce-pse","status":"publish","type":"product","link":"https:\/\/www.mojcuci.si\/en\/product\/monge-z-jagnjetino-in-rizem-za-mladice-in-odrascajoce-pse\/","title":{"rendered":"Monge &#8211; z jagnjetino in ri\u017eem za mladi\u010de in odra\u0161\u010dajo\u010de pse"},"content":{"rendered":"<p>Monge Natural Superpremium All Breeds Puppy&amp;Junior z jagnjetino, ri\u017eem in krompirjem je popolna hrana\u00a0<strong>za mladi\u010de in odra\u0161\u010dajo\u010de pse vseh pasem<\/strong>.<\/p>\n<ul>\n<li>Brez umetnih barvil in konzervansov<\/li>\n<li>Z jagnjetino in ri\u017eem<\/li>\n<li>MONOPROTEINSKA \u2013 samo ena vrsta mesa<\/li>\n<li>Popolna hrana za pse<\/li>\n<li><strong>Z glukozaminom in hondroitinom<\/strong><\/li>\n<li>Bogata z Omega-3 in Omega-6 ma\u0161\u010dobnimi kislinami<\/li>\n<li><strong>Lahko prebavljiva<\/strong><\/li>\n<\/ul>","protected":false},"excerpt":{"rendered":"<p>Monge Natural Superpremium All Breeds Puppy&amp;Junior z jagnjetino, ri\u017eem in krompirjem je popolna hrana\u00a0za mladi\u010de in odra\u0161\u010dajo\u010de pse vseh pasem. Brez umetnih barvil in konzervansov Z jagnjetino in ri\u017eem MONOPROTEINSKA \u2013 samo ena vrsta mesa Popolna hrana za pse Z glukozaminom in hondroitinom Bogata z Omega-3 in Omega-6 ma\u0161\u010dobnimi kislinami Lahko prebavljiva<\/p>","protected":false},"featured_media":8640,"template":"","meta":{"_seopress_robots_primary_cat":"none","_seopress_titles_title":"","_seopress_titles_desc":"","_seopress_robots_index":""},"product_brand":[249],"product_cat":[169,185],"product_tag":[],"class_list":{"0":"post-8637","1":"product","2":"type-product","3":"status-publish","4":"has-post-thumbnail","6":"product_brand-monge","7":"product_cat-hrana-in-prehranski-dodatki-za-pse","8":"product_cat-suha-hrana-za-pse","10":"first","11":"instock","12":"taxable","13":"shipping-taxable","14":"purchasable","15":"product-type-variable"},"_links":{"self":[{"href":"https:\/\/www.mojcuci.si\/en\/wp-json\/wp\/v2\/product\/8637","targetHints":{"allow":["GET"]}}],"collection":[{"href":"https:\/\/www.mojcuci.si\/en\/wp-json\/wp\/v2\/product"}],"about":[{"href":"https:\/\/www.mojcuci.si\/en\/wp-json\/wp\/v2\/types\/product"}],"version-history":[{"count":0,"href":"https:\/\/www.mojcuci.si\/en\/wp-json\/wp\/v2\/product\/8637\/revisions"}],"wp:featuredmedia":[{"embeddable":true,"href":"https:\/\/www.mojcuci.si\/en\/wp-json\/wp\/v2\/media\/8640"}],"wp:attachment":[{"href":"https:\/\/www.mojcuci.si\/en\/wp-json\/wp\/v2\/media?parent=8637"}],"wp:term":[{"taxonomy":"product_brand","embeddable":true,"href":"https:\/\/www.mojcuci.si\/en\/wp-json\/wp\/v2\/product_brand?post=8637"},{"taxonomy":"product_cat","embeddable":true,"href":"https:\/\/www.mojcuci.si\/en\/wp-json\/wp\/v2\/product_cat?post=8637"},{"taxonomy":"product_tag","embeddable":true,"href":"https:\/\/www.mojcuci.si\/en\/wp-json\/wp\/v2\/product_tag?post=8637"}],"curies":[{"name":"wp","href":"https:\/\/api.w.org\/{rel}","templated":true}]}}