{"id":8645,"date":"2025-03-20T23:13:00","date_gmt":"2025-03-20T23:13:00","guid":{"rendered":"https:\/\/www.ivh44.si\/Ponudbe\/cuciprehod\/?post_type=product&#038;p=8645"},"modified":"2025-10-16T18:47:04","modified_gmt":"2025-10-16T18:47:04","slug":"monge-s-piscancem-za-mladice-malih-pasem","status":"publish","type":"product","link":"https:\/\/www.mojcuci.si\/en\/product\/monge-s-piscancem-za-mladice-malih-pasem\/","title":{"rendered":"Monge &#8211; s pi\u0161\u010dancem za mladi\u010de malih pasem"},"content":{"rendered":"<p>Za mladi\u010de in odra\u0161\u010dajo\u010de pse malih pasem ter breje psice.<\/p>\n<ul>\n<li><strong>lahko prebavljiva<\/strong><\/li>\n<li>brez umetnih barvil in konzervansov<\/li>\n<li>s pi\u0161\u010dan\u010djim mesom in ri\u017eem<\/li>\n<li><strong>z glukozaminom in hondroitinom<\/strong><\/li>\n<li>bogata z Omega-3 in Omega-6 ma\u0161\u010dobnimi kislinami<\/li>\n<li>popolnoma naravna, brez umetnih barvil in konzervansov<\/li>\n<\/ul>","protected":false},"excerpt":{"rendered":"<p>Za mladi\u010de in odra\u0161\u010dajo\u010de pse malih pasem ter breje psice. lahko prebavljiva brez umetnih barvil in konzervansov s pi\u0161\u010dan\u010djim mesom in ri\u017eem z glukozaminom in hondroitinom bogata z Omega-3 in Omega-6 ma\u0161\u010dobnimi kislinami popolnoma naravna, brez umetnih barvil in konzervansov<\/p>","protected":false},"featured_media":8648,"template":"","meta":{"_seopress_robots_primary_cat":"none","_seopress_titles_title":"","_seopress_titles_desc":"","_seopress_robots_index":""},"product_brand":[249],"product_cat":[169,185],"product_tag":[],"class_list":{"0":"post-8645","1":"product","2":"type-product","3":"status-publish","4":"has-post-thumbnail","6":"product_brand-monge","7":"product_cat-hrana-in-prehranski-dodatki-za-pse","8":"product_cat-suha-hrana-za-pse","10":"first","11":"instock","12":"taxable","13":"shipping-taxable","14":"purchasable","15":"product-type-variable"},"_links":{"self":[{"href":"https:\/\/www.mojcuci.si\/en\/wp-json\/wp\/v2\/product\/8645","targetHints":{"allow":["GET"]}}],"collection":[{"href":"https:\/\/www.mojcuci.si\/en\/wp-json\/wp\/v2\/product"}],"about":[{"href":"https:\/\/www.mojcuci.si\/en\/wp-json\/wp\/v2\/types\/product"}],"version-history":[{"count":0,"href":"https:\/\/www.mojcuci.si\/en\/wp-json\/wp\/v2\/product\/8645\/revisions"}],"wp:featuredmedia":[{"embeddable":true,"href":"https:\/\/www.mojcuci.si\/en\/wp-json\/wp\/v2\/media\/8648"}],"wp:attachment":[{"href":"https:\/\/www.mojcuci.si\/en\/wp-json\/wp\/v2\/media?parent=8645"}],"wp:term":[{"taxonomy":"product_brand","embeddable":true,"href":"https:\/\/www.mojcuci.si\/en\/wp-json\/wp\/v2\/product_brand?post=8645"},{"taxonomy":"product_cat","embeddable":true,"href":"https:\/\/www.mojcuci.si\/en\/wp-json\/wp\/v2\/product_cat?post=8645"},{"taxonomy":"product_tag","embeddable":true,"href":"https:\/\/www.mojcuci.si\/en\/wp-json\/wp\/v2\/product_tag?post=8645"}],"curies":[{"name":"wp","href":"https:\/\/api.w.org\/{rel}","templated":true}]}}