{"id":8653,"date":"2025-03-20T23:18:36","date_gmt":"2025-03-20T23:18:36","guid":{"rendered":"https:\/\/www.ivh44.si\/Ponudbe\/cuciprehod\/?post_type=product&#038;p=8653"},"modified":"2025-10-16T18:47:02","modified_gmt":"2025-10-16T18:47:02","slug":"monge-z-lososem-in-rizem-za-odrasle-pse-s-tezavami-s-prekomerno-tezo","status":"publish","type":"product","link":"https:\/\/www.mojcuci.si\/en\/product\/monge-z-lososem-in-rizem-za-odrasle-pse-s-tezavami-s-prekomerno-tezo\/","title":{"rendered":"Monge &#8211; z lososem in ri\u017eem za odrasle pse s te\u017eavami s prekomerno te\u017eo"},"content":{"rendered":"<div class=\"short\">Popolna monoproteinska hrana, ki pripomore<strong>\u00a0k vzdr\u017eevanju primerne telesne te\u017ee.<\/strong><\/div>\n<div class=\"long\">\n<ul>\n<li>Z izvle\u010dkom arti\u010doke in ameri\u0161kega slamnika<\/li>\n<li><strong>Primerna tudi za ob\u010dutljive pse<\/strong><\/li>\n<li>Za odrasle pse vseh velikosti<\/li>\n<li><strong>Bogata z Omega-3 in Omega-6<\/strong><\/li>\n<li>Brez barvil in konzervansov<\/li>\n<li><strong>Monoproteinska\u00a0hrana<\/strong><\/li>\n<li>Z dodanimi prebiotiki<\/li>\n<li>Losos in ri\u017e<\/li>\n<li>Pakiranje: 2,5kg, 15kg<\/li>\n<\/ul>\n<\/div>","protected":false},"excerpt":{"rendered":"<p>Popolna monoproteinska hrana, ki pripomore\u00a0k vzdr\u017eevanju primerne telesne te\u017ee. Z izvle\u010dkom arti\u010doke in ameri\u0161kega slamnika Primerna tudi za ob\u010dutljive pse Za odrasle pse vseh velikosti Bogata z Omega-3 in Omega-6 Brez barvil in konzervansov Monoproteinska\u00a0hrana Z dodanimi prebiotiki Losos in ri\u017e Pakiranje: 2,5kg, 15kg<\/p>","protected":false},"featured_media":8656,"template":"","meta":{"_seopress_robots_primary_cat":"none","_seopress_titles_title":"","_seopress_titles_desc":"","_seopress_robots_index":""},"product_brand":[249],"product_cat":[169,185],"product_tag":[],"class_list":{"0":"post-8653","1":"product","2":"type-product","3":"status-publish","4":"has-post-thumbnail","6":"product_brand-monge","7":"product_cat-hrana-in-prehranski-dodatki-za-pse","8":"product_cat-suha-hrana-za-pse","10":"first","11":"instock","12":"taxable","13":"shipping-taxable","14":"purchasable","15":"product-type-variable"},"_links":{"self":[{"href":"https:\/\/www.mojcuci.si\/en\/wp-json\/wp\/v2\/product\/8653","targetHints":{"allow":["GET"]}}],"collection":[{"href":"https:\/\/www.mojcuci.si\/en\/wp-json\/wp\/v2\/product"}],"about":[{"href":"https:\/\/www.mojcuci.si\/en\/wp-json\/wp\/v2\/types\/product"}],"version-history":[{"count":0,"href":"https:\/\/www.mojcuci.si\/en\/wp-json\/wp\/v2\/product\/8653\/revisions"}],"wp:featuredmedia":[{"embeddable":true,"href":"https:\/\/www.mojcuci.si\/en\/wp-json\/wp\/v2\/media\/8656"}],"wp:attachment":[{"href":"https:\/\/www.mojcuci.si\/en\/wp-json\/wp\/v2\/media?parent=8653"}],"wp:term":[{"taxonomy":"product_brand","embeddable":true,"href":"https:\/\/www.mojcuci.si\/en\/wp-json\/wp\/v2\/product_brand?post=8653"},{"taxonomy":"product_cat","embeddable":true,"href":"https:\/\/www.mojcuci.si\/en\/wp-json\/wp\/v2\/product_cat?post=8653"},{"taxonomy":"product_tag","embeddable":true,"href":"https:\/\/www.mojcuci.si\/en\/wp-json\/wp\/v2\/product_tag?post=8653"}],"curies":[{"name":"wp","href":"https:\/\/api.w.org\/{rel}","templated":true}]}}