{"id":8660,"date":"2025-03-20T23:26:47","date_gmt":"2025-03-20T23:26:47","guid":{"rendered":"https:\/\/www.ivh44.si\/Ponudbe\/cuciprehod\/?post_type=product&#038;p=8660"},"modified":"2025-10-16T18:46:53","modified_gmt":"2025-10-16T18:46:53","slug":"monge-z-jagnjetino-rizem-in-krompirjem-za-odrasle-pse-malih-pasem","status":"publish","type":"product","link":"https:\/\/www.mojcuci.si\/en\/product\/monge-z-jagnjetino-rizem-in-krompirjem-za-odrasle-pse-malih-pasem\/","title":{"rendered":"Monge &#8211; z jagnjetino, ri\u017eem in krompirjem za odrasle pse malih pasem"},"content":{"rendered":"<p>Monge Natural Superpremium Mini Adult z jagnjetino, ri\u017eem in krompirjem je\u00a0<strong>popolna monoproteinska hrana<\/strong>\u00a0za odrasle pse malih pasem, ki imajo te\u017eave s preob\u010dutljivostjo na hrano.<\/p>\n<ul>\n<li><strong>Monoproteinska hrana \u2013 samo ena vrsta mesa<\/strong><\/li>\n<li>Z dodanimi prebiotiki<\/li>\n<li>Brez barvil in konzervansov<\/li>\n<li>Losos in ri\u017e<\/li>\n<li><strong>Z izvle\u010dkom arti\u010doke in origana<\/strong><\/li>\n<li><strong>Ne vsebuje soje<\/strong><\/li>\n<\/ul>","protected":false},"excerpt":{"rendered":"<p>Monge Natural Superpremium Mini Adult z jagnjetino, ri\u017eem in krompirjem je\u00a0popolna monoproteinska hrana\u00a0za odrasle pse malih pasem, ki imajo te\u017eave s preob\u010dutljivostjo na hrano. Monoproteinska hrana \u2013 samo ena vrsta mesa Z dodanimi prebiotiki Brez barvil in konzervansov Losos in ri\u017e Z izvle\u010dkom arti\u010doke in origana Ne vsebuje soje<\/p>","protected":false},"featured_media":8841,"template":"","meta":{"_seopress_robots_primary_cat":"none","_seopress_titles_title":"","_seopress_titles_desc":"","_seopress_robots_index":""},"product_brand":[249],"product_cat":[169,185],"product_tag":[],"class_list":{"0":"post-8660","1":"product","2":"type-product","3":"status-publish","4":"has-post-thumbnail","6":"product_brand-monge","7":"product_cat-hrana-in-prehranski-dodatki-za-pse","8":"product_cat-suha-hrana-za-pse","10":"first","11":"instock","12":"taxable","13":"shipping-taxable","14":"purchasable","15":"product-type-variable"},"_links":{"self":[{"href":"https:\/\/www.mojcuci.si\/en\/wp-json\/wp\/v2\/product\/8660","targetHints":{"allow":["GET"]}}],"collection":[{"href":"https:\/\/www.mojcuci.si\/en\/wp-json\/wp\/v2\/product"}],"about":[{"href":"https:\/\/www.mojcuci.si\/en\/wp-json\/wp\/v2\/types\/product"}],"version-history":[{"count":0,"href":"https:\/\/www.mojcuci.si\/en\/wp-json\/wp\/v2\/product\/8660\/revisions"}],"wp:featuredmedia":[{"embeddable":true,"href":"https:\/\/www.mojcuci.si\/en\/wp-json\/wp\/v2\/media\/8841"}],"wp:attachment":[{"href":"https:\/\/www.mojcuci.si\/en\/wp-json\/wp\/v2\/media?parent=8660"}],"wp:term":[{"taxonomy":"product_brand","embeddable":true,"href":"https:\/\/www.mojcuci.si\/en\/wp-json\/wp\/v2\/product_brand?post=8660"},{"taxonomy":"product_cat","embeddable":true,"href":"https:\/\/www.mojcuci.si\/en\/wp-json\/wp\/v2\/product_cat?post=8660"},{"taxonomy":"product_tag","embeddable":true,"href":"https:\/\/www.mojcuci.si\/en\/wp-json\/wp\/v2\/product_tag?post=8660"}],"curies":[{"name":"wp","href":"https:\/\/api.w.org\/{rel}","templated":true}]}}