{"id":8667,"date":"2025-03-20T23:37:06","date_gmt":"2025-03-20T23:37:06","guid":{"rendered":"https:\/\/www.ivh44.si\/Ponudbe\/cuciprehod\/?post_type=product&#038;p=8667"},"modified":"2025-10-16T18:50:53","modified_gmt":"2025-10-16T18:50:53","slug":"monge-s-piscancem-za-odrasle-pse-malih-pasem","status":"publish","type":"product","link":"https:\/\/www.mojcuci.si\/en\/product\/monge-s-piscancem-za-odrasle-pse-malih-pasem\/","title":{"rendered":"Monge &#8211; s pi\u0161\u010dancem za odrasle pse malih pasem"},"content":{"rendered":"<p>Monge Natural Superpremium Mini Adult s pi\u0161\u010dancem je popolna hrana za male pasme psov.<\/p>\n<ul>\n<li><strong>Za zdravo ko\u017eo indlako<\/strong><\/li>\n<li>S pi\u0161\u010dan\u010djim mesom in ri\u017eem<\/li>\n<li>Brez umetnih barvil in konzervansov<\/li>\n<li>Brez gensko spremenjenih organizmov<\/li>\n<li>Ne vsebuje soje<\/li>\n<li><strong>Za optimalno te\u017eo<\/strong><\/li>\n<li>Bogata z Omega-3 in Omega-6 esencialnimi ma\u0161\u010dobami<\/li>\n<\/ul>","protected":false},"excerpt":{"rendered":"<p>Monge Natural Superpremium Mini Adult s pi\u0161\u010dancem je popolna hrana za male pasme psov. Za zdravo ko\u017eo indlako S pi\u0161\u010dan\u010djim mesom in ri\u017eem Brez umetnih barvil in konzervansov Brez gensko spremenjenih organizmov Ne vsebuje soje Za optimalno te\u017eo Bogata z Omega-3 in Omega-6 esencialnimi ma\u0161\u010dobami<\/p>","protected":false},"featured_media":8670,"template":"","meta":{"_seopress_robots_primary_cat":"none","_seopress_titles_title":"","_seopress_titles_desc":"","_seopress_robots_index":""},"product_brand":[249],"product_cat":[169,185],"product_tag":[],"class_list":{"0":"post-8667","1":"product","2":"type-product","3":"status-publish","4":"has-post-thumbnail","6":"product_brand-monge","7":"product_cat-hrana-in-prehranski-dodatki-za-pse","8":"product_cat-suha-hrana-za-pse","10":"first","11":"instock","12":"taxable","13":"shipping-taxable","14":"purchasable","15":"product-type-variable"},"_links":{"self":[{"href":"https:\/\/www.mojcuci.si\/en\/wp-json\/wp\/v2\/product\/8667","targetHints":{"allow":["GET"]}}],"collection":[{"href":"https:\/\/www.mojcuci.si\/en\/wp-json\/wp\/v2\/product"}],"about":[{"href":"https:\/\/www.mojcuci.si\/en\/wp-json\/wp\/v2\/types\/product"}],"version-history":[{"count":0,"href":"https:\/\/www.mojcuci.si\/en\/wp-json\/wp\/v2\/product\/8667\/revisions"}],"wp:featuredmedia":[{"embeddable":true,"href":"https:\/\/www.mojcuci.si\/en\/wp-json\/wp\/v2\/media\/8670"}],"wp:attachment":[{"href":"https:\/\/www.mojcuci.si\/en\/wp-json\/wp\/v2\/media?parent=8667"}],"wp:term":[{"taxonomy":"product_brand","embeddable":true,"href":"https:\/\/www.mojcuci.si\/en\/wp-json\/wp\/v2\/product_brand?post=8667"},{"taxonomy":"product_cat","embeddable":true,"href":"https:\/\/www.mojcuci.si\/en\/wp-json\/wp\/v2\/product_cat?post=8667"},{"taxonomy":"product_tag","embeddable":true,"href":"https:\/\/www.mojcuci.si\/en\/wp-json\/wp\/v2\/product_tag?post=8667"}],"curies":[{"name":"wp","href":"https:\/\/api.w.org\/{rel}","templated":true}]}}