{"id":8676,"date":"2025-03-20T23:43:14","date_gmt":"2025-03-20T23:43:14","guid":{"rendered":"https:\/\/www.ivh44.si\/Ponudbe\/cuciprehod\/?post_type=product&#038;p=8676"},"modified":"2025-10-16T18:52:20","modified_gmt":"2025-10-16T18:52:20","slug":"monge-active-s-piscancem-za-aktivne-odrasle-pse-15kg-6092e","status":"publish","type":"product","link":"https:\/\/www.mojcuci.si\/en\/product\/monge-active-s-piscancem-za-aktivne-odrasle-pse-15kg-6092e\/","title":{"rendered":"Monge &#8211; Active s pi\u0161\u010dancem za aktivne odrasle pse 15kg"},"content":{"rendered":"<p>Monge Natural Superpremium Active s pi\u0161\u010dancem je popolna hrana za aktivne\u00a0<strong>odrasle pse vseh pasem<\/strong>.<\/p>\n<ul>\n<li>Za aktivne odrasle pse vseh pasem<\/li>\n<li><strong>Monoproteinska \u2013 samo ena vrsta mesa<\/strong><\/li>\n<li><strong>Za zdrav imunski sistem<\/strong><\/li>\n<li>Brez umetnih barvil in konzervansov<\/li>\n<li>Z izvle\u010dkom arti\u010doke in origana<\/li>\n<li>S pi\u0161\u010dan\u010djim mesom in ri\u017eem<\/li>\n<li>Popolna hrana za pse<\/li>\n<li><strong>Z glukozaminom in hondroitinom<\/strong><\/li>\n<li>Omega \u2013 3 in Omega 6 za zdravo ko\u017eo in dlako<\/li>\n<li>Te\u017ea 15kg<\/li>\n<\/ul>","protected":false},"excerpt":{"rendered":"<p>Monge Natural Superpremium Active s pi\u0161\u010dancem je popolna hrana za aktivne\u00a0odrasle pse vseh pasem. Za aktivne odrasle pse vseh pasem Monoproteinska \u2013 samo ena vrsta mesa Za zdrav imunski sistem Brez umetnih barvil in konzervansov Z izvle\u010dkom arti\u010doke in origana S pi\u0161\u010dan\u010djim mesom in ri\u017eem Popolna hrana za pse Z glukozaminom in hondroitinom Omega \u2013 [&hellip;]<\/p>\n","protected":false},"featured_media":8679,"template":"","meta":{"_seopress_robots_primary_cat":"none","_seopress_titles_title":"","_seopress_titles_desc":"","_seopress_robots_index":""},"product_brand":[249],"product_cat":[169,185],"product_tag":[],"class_list":{"0":"post-8676","1":"product","2":"type-product","3":"status-publish","4":"has-post-thumbnail","6":"product_brand-monge","7":"product_cat-hrana-in-prehranski-dodatki-za-pse","8":"product_cat-suha-hrana-za-pse","10":"first","11":"instock","12":"taxable","13":"shipping-taxable","14":"purchasable","15":"product-type-simple"},"_links":{"self":[{"href":"https:\/\/www.mojcuci.si\/en\/wp-json\/wp\/v2\/product\/8676","targetHints":{"allow":["GET"]}}],"collection":[{"href":"https:\/\/www.mojcuci.si\/en\/wp-json\/wp\/v2\/product"}],"about":[{"href":"https:\/\/www.mojcuci.si\/en\/wp-json\/wp\/v2\/types\/product"}],"version-history":[{"count":0,"href":"https:\/\/www.mojcuci.si\/en\/wp-json\/wp\/v2\/product\/8676\/revisions"}],"wp:featuredmedia":[{"embeddable":true,"href":"https:\/\/www.mojcuci.si\/en\/wp-json\/wp\/v2\/media\/8679"}],"wp:attachment":[{"href":"https:\/\/www.mojcuci.si\/en\/wp-json\/wp\/v2\/media?parent=8676"}],"wp:term":[{"taxonomy":"product_brand","embeddable":true,"href":"https:\/\/www.mojcuci.si\/en\/wp-json\/wp\/v2\/product_brand?post=8676"},{"taxonomy":"product_cat","embeddable":true,"href":"https:\/\/www.mojcuci.si\/en\/wp-json\/wp\/v2\/product_cat?post=8676"},{"taxonomy":"product_tag","embeddable":true,"href":"https:\/\/www.mojcuci.si\/en\/wp-json\/wp\/v2\/product_tag?post=8676"}],"curies":[{"name":"wp","href":"https:\/\/api.w.org\/{rel}","templated":true}]}}