{"id":8689,"date":"2025-03-20T23:57:46","date_gmt":"2025-03-20T23:57:46","guid":{"rendered":"https:\/\/www.ivh44.si\/Ponudbe\/cuciprehod\/?post_type=product&#038;p=8689"},"modified":"2025-10-16T18:52:14","modified_gmt":"2025-10-16T18:52:14","slug":"mong-monoproteinska-hrana-s-postrvjo-za-odrasle-pse-vseh-pasem","status":"publish","type":"product","link":"https:\/\/www.mojcuci.si\/en\/product\/mong-monoproteinska-hrana-s-postrvjo-za-odrasle-pse-vseh-pasem\/","title":{"rendered":"Mong &#8211; MONOPROTEINSKA hrana s postrvjo za odrasle pse vseh pasem"},"content":{"rendered":"<p>Monge Natural Superpremium Adult All Breeds z postrvjo, ri\u017eem in krompirjem je popolna\u00a0<strong>monoproteinska hrana<\/strong>\u00a0za odrasle pse vseh pasem.<\/p>\n<ul>\n<li>Brez dodanih barvil in umetnih konzervansov<\/li>\n<li>Vsebuje glukozamin in\u00a0hondroitin sulfat \u2013 podpora sklepom in kostem<\/li>\n<li>postrv je ZELO redek vir beljakovin \u2013 psi ga dobro prena\u0161ajo<\/li>\n<li>ZELO dobro prebavljiva<\/li>\n<li>Z dodanimi prebiotiki<\/li>\n<li>Z izvle\u010dkom arti\u010doke in origana<\/li>\n<\/ul>","protected":false},"excerpt":{"rendered":"<p>Monge Natural Superpremium Adult All Breeds z postrvjo, ri\u017eem in krompirjem je popolna\u00a0monoproteinska hrana\u00a0za odrasle pse vseh pasem. Brez dodanih barvil in umetnih konzervansov Vsebuje glukozamin in\u00a0hondroitin sulfat \u2013 podpora sklepom in kostem postrv je ZELO redek vir beljakovin \u2013 psi ga dobro prena\u0161ajo ZELO dobro prebavljiva Z dodanimi prebiotiki Z izvle\u010dkom arti\u010doke in origana<\/p>","protected":false},"featured_media":8692,"template":"","meta":{"_seopress_robots_primary_cat":"none","_seopress_titles_title":"","_seopress_titles_desc":"","_seopress_robots_index":""},"product_brand":[249],"product_cat":[169,185],"product_tag":[],"class_list":{"0":"post-8689","1":"product","2":"type-product","3":"status-publish","4":"has-post-thumbnail","6":"product_brand-monge","7":"product_cat-hrana-in-prehranski-dodatki-za-pse","8":"product_cat-suha-hrana-za-pse","10":"first","11":"instock","12":"taxable","13":"shipping-taxable","14":"purchasable","15":"product-type-variable"},"_links":{"self":[{"href":"https:\/\/www.mojcuci.si\/en\/wp-json\/wp\/v2\/product\/8689","targetHints":{"allow":["GET"]}}],"collection":[{"href":"https:\/\/www.mojcuci.si\/en\/wp-json\/wp\/v2\/product"}],"about":[{"href":"https:\/\/www.mojcuci.si\/en\/wp-json\/wp\/v2\/types\/product"}],"version-history":[{"count":0,"href":"https:\/\/www.mojcuci.si\/en\/wp-json\/wp\/v2\/product\/8689\/revisions"}],"wp:featuredmedia":[{"embeddable":true,"href":"https:\/\/www.mojcuci.si\/en\/wp-json\/wp\/v2\/media\/8692"}],"wp:attachment":[{"href":"https:\/\/www.mojcuci.si\/en\/wp-json\/wp\/v2\/media?parent=8689"}],"wp:term":[{"taxonomy":"product_brand","embeddable":true,"href":"https:\/\/www.mojcuci.si\/en\/wp-json\/wp\/v2\/product_brand?post=8689"},{"taxonomy":"product_cat","embeddable":true,"href":"https:\/\/www.mojcuci.si\/en\/wp-json\/wp\/v2\/product_cat?post=8689"},{"taxonomy":"product_tag","embeddable":true,"href":"https:\/\/www.mojcuci.si\/en\/wp-json\/wp\/v2\/product_tag?post=8689"}],"curies":[{"name":"wp","href":"https:\/\/api.w.org\/{rel}","templated":true}]}}