{"id":8696,"date":"2025-03-21T00:06:06","date_gmt":"2025-03-21T00:06:06","guid":{"rendered":"https:\/\/www.ivh44.si\/Ponudbe\/cuciprehod\/?post_type=product&#038;p=8696"},"modified":"2025-10-16T18:52:02","modified_gmt":"2025-10-16T18:52:02","slug":"monge-starter-s-piscancem-za-pasje-mladice-breje-in-dojece-psice-malih-pasem","status":"publish","type":"product","link":"https:\/\/www.mojcuci.si\/en\/product\/monge-starter-s-piscancem-za-pasje-mladice-breje-in-dojece-psice-malih-pasem\/","title":{"rendered":"Monge &#8211; STARTER s pi\u0161\u010dancem za pasje mladi\u010de, breje in doje\u010de psice malih pasem"},"content":{"rendered":"<p>Popolna hrana za mladi\u010de ter breje in doje\u010de psice malih pasem.<\/p>\n<ul>\n<li><strong>Mladi\u010di, breje in doje\u010de psice<\/strong><\/li>\n<li>Popolna hrana za mladi\u010de malih pasem<\/li>\n<li>S pi\u0161\u010dan\u010djim mesom in ri\u017eem<\/li>\n<li>Z glukozaminom in hondroitinom \u2013 zdravi sklepi in mi\u0161ice<\/li>\n<li>Optimalno razmerje kalcija in fosforja<\/li>\n<li><strong>Lahko prebavljiva<\/strong><\/li>\n<li>Brez umetnih barvil in konzervansov<\/li>\n<\/ul>","protected":false},"excerpt":{"rendered":"<p>Popolna hrana za mladi\u010de ter breje in doje\u010de psice malih pasem. Mladi\u010di, breje in doje\u010de psice Popolna hrana za mladi\u010de malih pasem S pi\u0161\u010dan\u010djim mesom in ri\u017eem Z glukozaminom in hondroitinom \u2013 zdravi sklepi in mi\u0161ice Optimalno razmerje kalcija in fosforja Lahko prebavljiva Brez umetnih barvil in konzervansov<\/p>","protected":false},"featured_media":8699,"template":"","meta":{"_seopress_robots_primary_cat":"none","_seopress_titles_title":"","_seopress_titles_desc":"","_seopress_robots_index":""},"product_brand":[249],"product_cat":[169,185],"product_tag":[],"class_list":{"0":"post-8696","1":"product","2":"type-product","3":"status-publish","4":"has-post-thumbnail","6":"product_brand-monge","7":"product_cat-hrana-in-prehranski-dodatki-za-pse","8":"product_cat-suha-hrana-za-pse","10":"first","11":"instock","12":"taxable","13":"shipping-taxable","14":"purchasable","15":"product-type-variable"},"_links":{"self":[{"href":"https:\/\/www.mojcuci.si\/en\/wp-json\/wp\/v2\/product\/8696","targetHints":{"allow":["GET"]}}],"collection":[{"href":"https:\/\/www.mojcuci.si\/en\/wp-json\/wp\/v2\/product"}],"about":[{"href":"https:\/\/www.mojcuci.si\/en\/wp-json\/wp\/v2\/types\/product"}],"version-history":[{"count":0,"href":"https:\/\/www.mojcuci.si\/en\/wp-json\/wp\/v2\/product\/8696\/revisions"}],"wp:featuredmedia":[{"embeddable":true,"href":"https:\/\/www.mojcuci.si\/en\/wp-json\/wp\/v2\/media\/8699"}],"wp:attachment":[{"href":"https:\/\/www.mojcuci.si\/en\/wp-json\/wp\/v2\/media?parent=8696"}],"wp:term":[{"taxonomy":"product_brand","embeddable":true,"href":"https:\/\/www.mojcuci.si\/en\/wp-json\/wp\/v2\/product_brand?post=8696"},{"taxonomy":"product_cat","embeddable":true,"href":"https:\/\/www.mojcuci.si\/en\/wp-json\/wp\/v2\/product_cat?post=8696"},{"taxonomy":"product_tag","embeddable":true,"href":"https:\/\/www.mojcuci.si\/en\/wp-json\/wp\/v2\/product_tag?post=8696"}],"curies":[{"name":"wp","href":"https:\/\/api.w.org\/{rel}","templated":true}]}}