{"id":8708,"date":"2025-03-21T17:15:38","date_gmt":"2025-03-21T17:15:38","guid":{"rendered":"https:\/\/www.ivh44.si\/Ponudbe\/cuciprehod\/?post_type=product&#038;p=8708"},"modified":"2026-01-06T10:55:50","modified_gmt":"2026-01-06T10:55:50","slug":"photonic-lights-fotonska-svetloba-highpad-4","status":"publish","type":"product","link":"https:\/\/www.mojcuci.si\/en\/product\/photonic-lights-fotonska-svetloba-highpad-4\/","title":{"rendered":"Photonic Lights &#8211; Fotonska svetloba highPAD 4 &#8211; Svetlobna terapija"},"content":{"rendered":"","protected":false},"excerpt":{"rendered":"<p><strong>Photonic Lights highPAD 4<\/strong><br \/>\n<em>Napredna Terapevtska svetlobna terapija za bole\u010dino in za bolj\u0161e udobje<\/em><\/p>\n<p><strong>Photonic Lights highPAD 4\u00a0<\/strong>je prilagodljiv in u\u010dinkovit popolnoma nov sistem PAD za svetlobno terapijo, ki uporablja skoraj infrarde\u010do in rde\u010do svetlobo za hitro laj\u0161anje bole\u010din, okorelosti in mi\u0161i\u010dnih kr\u010dev.<\/p>\n<p>HighPAD 4 je zasnovan za zdravljenje vratnega in ramenskega predela in se lahko namesti na velike dele hrbtenice. Z obdelavo telesa od tik pod lobanjo in navzdol vzdol\u017e dolge hrbtenice lahko dostavimo fotone na \u0161tevilne pomembne to\u010dke in \u017eivce.<\/p>\n<p>&nbsp;<\/p>","protected":false},"featured_media":8711,"template":"","meta":{"_seopress_robots_primary_cat":"none","_seopress_titles_title":"","_seopress_titles_desc":"","_seopress_robots_index":""},"product_brand":[219],"product_cat":[220,151],"product_tag":[],"class_list":{"0":"post-8708","1":"product","2":"type-product","3":"status-publish","4":"has-post-thumbnail","6":"product_brand-photonic-lights","7":"product_cat-photonic-lights","8":"product_cat-led-svetlobna-terapija-za-ljudi","10":"first","11":"onbackorder","12":"taxable","13":"shipping-taxable","14":"purchasable","15":"product-type-simple"},"_links":{"self":[{"href":"https:\/\/www.mojcuci.si\/en\/wp-json\/wp\/v2\/product\/8708","targetHints":{"allow":["GET"]}}],"collection":[{"href":"https:\/\/www.mojcuci.si\/en\/wp-json\/wp\/v2\/product"}],"about":[{"href":"https:\/\/www.mojcuci.si\/en\/wp-json\/wp\/v2\/types\/product"}],"version-history":[{"count":0,"href":"https:\/\/www.mojcuci.si\/en\/wp-json\/wp\/v2\/product\/8708\/revisions"}],"wp:featuredmedia":[{"embeddable":true,"href":"https:\/\/www.mojcuci.si\/en\/wp-json\/wp\/v2\/media\/8711"}],"wp:attachment":[{"href":"https:\/\/www.mojcuci.si\/en\/wp-json\/wp\/v2\/media?parent=8708"}],"wp:term":[{"taxonomy":"product_brand","embeddable":true,"href":"https:\/\/www.mojcuci.si\/en\/wp-json\/wp\/v2\/product_brand?post=8708"},{"taxonomy":"product_cat","embeddable":true,"href":"https:\/\/www.mojcuci.si\/en\/wp-json\/wp\/v2\/product_cat?post=8708"},{"taxonomy":"product_tag","embeddable":true,"href":"https:\/\/www.mojcuci.si\/en\/wp-json\/wp\/v2\/product_tag?post=8708"}],"curies":[{"name":"wp","href":"https:\/\/api.w.org\/{rel}","templated":true}]}}