{"id":8735,"date":"2025-03-21T18:06:49","date_gmt":"2025-03-21T18:06:49","guid":{"rendered":"https:\/\/www.ivh44.si\/Ponudbe\/cuciprehod\/?post_type=product&#038;p=8735"},"modified":"2026-01-06T12:16:46","modified_gmt":"2026-01-06T12:16:46","slug":"photonic-lights-fotonska-svetloba-highpad-3","status":"publish","type":"product","link":"https:\/\/www.mojcuci.si\/en\/product\/photonic-lights-fotonska-svetloba-highpad-3\/","title":{"rendered":"Photonic Lights &#8211; Fotonska svetloba highPAD 3 &#8211; Svetlobna terapija"},"content":{"rendered":"","protected":false},"excerpt":{"rendered":"<p><strong>Photonic Lights HighPAD 3<\/strong> je nova visokozmogljiva blazinica z rde\u010dimi in skoraj infrarde\u010dimi valovnimi dol\u017einami. Izbrano zaradi intenzivnosti in u\u010dinka, ki ustreza \u0161tevilnim pogojem in izzivom.<\/p>\n<p><strong>Photonic Lights HighPAD 3<\/strong> je opremljen s 4 programi,\u00a0izbranimi protokoli in na\u010dinom \u010dasovnika v razponu od 5 do 20 minut. Programi in protokoli so izbrani glede na u\u010dinek, ki ga imajo na pogoje, kot so:<\/p>\n<p><strong>Splo\u0161no<\/strong> : Bole\u010dina zaradi artritisa, burzitis, modrice, opekline, edemi, te\u017eave z globokimi mi\u0161icami, hematomi, vnetja, zategnjene ali bole\u010de mi\u0161ice in oku\u017ebe.\u00a0Abscesi, kostni trni, vnetja, navikularna kost, obro\u010dasta kost in laminitis.<\/p>\n<p><strong>Noge in telo<\/strong>\u00a0: Te\u017eave z gle\u017enji, kostnimi trni, te\u017eavami s stegenskimi mi\u0161icami, vnetji, bole\u010dinami v ligamentih, te\u017eavami s tetivami, bole\u010dim hrbtom, opornicami golenice, nategi, te\u017eavami z du\u0161enjem, zvini, oteklinami, bole\u010dinami v ramenih, kolkih, bole\u010dim hrbtom, bole\u010dim vratom, te\u017eavami s slinavkami, ranami, urezninami, odrgninami in za stimulacijo spro\u017eilnih in akupunkturnih to\u010dk.<\/p>\n<p><strong>Protokoli<\/strong><br \/>\n1. Sve\u017ee rane, ekcemi<br \/>\n2. Rane in vnetja<br \/>\n3. Obtok, mi\u0161ice in kosti<br \/>\n4. Kroni\u010dna stanja, dobro po\u010dutje in zmanj\u0161anje stresa.<\/p>","protected":false},"featured_media":8740,"template":"","meta":{"_seopress_robots_primary_cat":"none","_seopress_titles_title":"","_seopress_titles_desc":"","_seopress_robots_index":""},"product_brand":[219],"product_cat":[259,152],"product_tag":[],"class_list":{"0":"post-8735","1":"product","2":"type-product","3":"status-publish","4":"has-post-thumbnail","6":"product_brand-photonic-lights","7":"product_cat-photonic-lights-led-svetlobna-terapija-za-zivali","8":"product_cat-led-svetlobna-terapija-za-zivali","10":"first","11":"onbackorder","12":"taxable","13":"shipping-taxable","14":"purchasable","15":"product-type-simple"},"_links":{"self":[{"href":"https:\/\/www.mojcuci.si\/en\/wp-json\/wp\/v2\/product\/8735","targetHints":{"allow":["GET"]}}],"collection":[{"href":"https:\/\/www.mojcuci.si\/en\/wp-json\/wp\/v2\/product"}],"about":[{"href":"https:\/\/www.mojcuci.si\/en\/wp-json\/wp\/v2\/types\/product"}],"version-history":[{"count":0,"href":"https:\/\/www.mojcuci.si\/en\/wp-json\/wp\/v2\/product\/8735\/revisions"}],"wp:featuredmedia":[{"embeddable":true,"href":"https:\/\/www.mojcuci.si\/en\/wp-json\/wp\/v2\/media\/8740"}],"wp:attachment":[{"href":"https:\/\/www.mojcuci.si\/en\/wp-json\/wp\/v2\/media?parent=8735"}],"wp:term":[{"taxonomy":"product_brand","embeddable":true,"href":"https:\/\/www.mojcuci.si\/en\/wp-json\/wp\/v2\/product_brand?post=8735"},{"taxonomy":"product_cat","embeddable":true,"href":"https:\/\/www.mojcuci.si\/en\/wp-json\/wp\/v2\/product_cat?post=8735"},{"taxonomy":"product_tag","embeddable":true,"href":"https:\/\/www.mojcuci.si\/en\/wp-json\/wp\/v2\/product_tag?post=8735"}],"curies":[{"name":"wp","href":"https:\/\/api.w.org\/{rel}","templated":true}]}}