{"id":8850,"date":"2025-04-09T08:44:30","date_gmt":"2025-04-09T08:44:30","guid":{"rendered":"https:\/\/www.ivh44.si\/Ponudbe\/cuciprehod\/?post_type=product&#038;p=8850"},"modified":"2025-10-16T18:45:28","modified_gmt":"2025-10-16T18:45:28","slug":"gemon-s-piscancem-in-rizem-za-pasje-mladice-srednje-velikih-pasem","status":"publish","type":"product","link":"https:\/\/www.mojcuci.si\/en\/product\/gemon-s-piscancem-in-rizem-za-pasje-mladice-srednje-velikih-pasem\/","title":{"rendered":"Gemon s pi\u0161\u010dancem in ri\u017eem za pasje mladi\u010de srednje velikih pasem"},"content":{"rendered":"","protected":false},"excerpt":{"rendered":"<p>Popolna hrana s pi\u0161\u010dancem in ri\u017eem za mladi\u010de in odra\u0161\u010dajo\u010de pse.<\/p>\n<ul>\n<li><strong>Ustreza energijskim potrebam mladi\u010dkov<\/strong><\/li>\n<li><strong>Do 12. meseca starosti<\/strong><\/li>\n<li>Za mo\u010dno in zdravo rast<\/li>\n<li>S prebavljivim pi\u0161\u010dancem<\/li>\n<\/ul>","protected":false},"featured_media":8853,"comment_status":"closed","ping_status":"closed","template":"","meta":{"_seopress_robots_primary_cat":"none","_seopress_titles_title":"","_seopress_titles_desc":"","_seopress_robots_index":""},"product_brand":[247],"product_cat":[169,185],"product_tag":[],"class_list":{"0":"post-8850","1":"product","2":"type-product","3":"status-publish","4":"has-post-thumbnail","6":"product_brand-gemon","7":"product_cat-hrana-in-prehranski-dodatki-za-pse","8":"product_cat-suha-hrana-za-pse","10":"first","11":"instock","12":"taxable","13":"shipping-taxable","14":"purchasable","15":"product-type-variable"},"_links":{"self":[{"href":"https:\/\/www.mojcuci.si\/en\/wp-json\/wp\/v2\/product\/8850","targetHints":{"allow":["GET"]}}],"collection":[{"href":"https:\/\/www.mojcuci.si\/en\/wp-json\/wp\/v2\/product"}],"about":[{"href":"https:\/\/www.mojcuci.si\/en\/wp-json\/wp\/v2\/types\/product"}],"replies":[{"embeddable":true,"href":"https:\/\/www.mojcuci.si\/en\/wp-json\/wp\/v2\/comments?post=8850"}],"version-history":[{"count":0,"href":"https:\/\/www.mojcuci.si\/en\/wp-json\/wp\/v2\/product\/8850\/revisions"}],"wp:featuredmedia":[{"embeddable":true,"href":"https:\/\/www.mojcuci.si\/en\/wp-json\/wp\/v2\/media\/8853"}],"wp:attachment":[{"href":"https:\/\/www.mojcuci.si\/en\/wp-json\/wp\/v2\/media?parent=8850"}],"wp:term":[{"taxonomy":"product_brand","embeddable":true,"href":"https:\/\/www.mojcuci.si\/en\/wp-json\/wp\/v2\/product_brand?post=8850"},{"taxonomy":"product_cat","embeddable":true,"href":"https:\/\/www.mojcuci.si\/en\/wp-json\/wp\/v2\/product_cat?post=8850"},{"taxonomy":"product_tag","embeddable":true,"href":"https:\/\/www.mojcuci.si\/en\/wp-json\/wp\/v2\/product_tag?post=8850"}],"curies":[{"name":"wp","href":"https:\/\/api.w.org\/{rel}","templated":true}]}}