{"id":8859,"date":"2025-04-09T09:25:33","date_gmt":"2025-04-09T09:25:33","guid":{"rendered":"https:\/\/www.ivh44.si\/Ponudbe\/cuciprehod\/?post_type=product&#038;p=8859"},"modified":"2025-10-16T18:49:08","modified_gmt":"2025-10-16T18:49:08","slug":"gemon-super-energy-za-odrasle-pse-vseh-pasem-20kg","status":"publish","type":"product","link":"https:\/\/www.mojcuci.si\/en\/product\/gemon-super-energy-za-odrasle-pse-vseh-pasem-20kg\/","title":{"rendered":"Gemon super ENERGY za odrasle pse vseh pasem 20kg"},"content":{"rendered":"","protected":false},"excerpt":{"rendered":"<ul>\n<li><strong>VE\u010c beljakovin<\/strong><\/li>\n<li><strong>VE\u010c ma\u0161\u010dob<\/strong><\/li>\n<li><strong>PRILAGOJENA za hladne zimske dni<\/strong><\/li>\n<li><strong>HigePremium kakovost<\/strong><\/li>\n<li>Najbolj\u0161e razmerje med\u00a0<strong>kakovostjo in ceno<\/strong>!<\/li>\n<li>Pakirano\u00a0<strong>20kg<\/strong><\/li>\n<\/ul>","protected":false},"featured_media":8862,"template":"","meta":{"_seopress_robots_primary_cat":"none","_seopress_titles_title":"","_seopress_titles_desc":"","_seopress_robots_index":""},"product_brand":[247],"product_cat":[169,185],"product_tag":[],"class_list":{"0":"post-8859","1":"product","2":"type-product","3":"status-publish","4":"has-post-thumbnail","6":"product_brand-gemon","7":"product_cat-hrana-in-prehranski-dodatki-za-pse","8":"product_cat-suha-hrana-za-pse","10":"first","11":"instock","12":"taxable","13":"shipping-taxable","14":"purchasable","15":"product-type-simple"},"_links":{"self":[{"href":"https:\/\/www.mojcuci.si\/en\/wp-json\/wp\/v2\/product\/8859","targetHints":{"allow":["GET"]}}],"collection":[{"href":"https:\/\/www.mojcuci.si\/en\/wp-json\/wp\/v2\/product"}],"about":[{"href":"https:\/\/www.mojcuci.si\/en\/wp-json\/wp\/v2\/types\/product"}],"version-history":[{"count":0,"href":"https:\/\/www.mojcuci.si\/en\/wp-json\/wp\/v2\/product\/8859\/revisions"}],"wp:featuredmedia":[{"embeddable":true,"href":"https:\/\/www.mojcuci.si\/en\/wp-json\/wp\/v2\/media\/8862"}],"wp:attachment":[{"href":"https:\/\/www.mojcuci.si\/en\/wp-json\/wp\/v2\/media?parent=8859"}],"wp:term":[{"taxonomy":"product_brand","embeddable":true,"href":"https:\/\/www.mojcuci.si\/en\/wp-json\/wp\/v2\/product_brand?post=8859"},{"taxonomy":"product_cat","embeddable":true,"href":"https:\/\/www.mojcuci.si\/en\/wp-json\/wp\/v2\/product_cat?post=8859"},{"taxonomy":"product_tag","embeddable":true,"href":"https:\/\/www.mojcuci.si\/en\/wp-json\/wp\/v2\/product_tag?post=8859"}],"curies":[{"name":"wp","href":"https:\/\/api.w.org\/{rel}","templated":true}]}}