{"id":8897,"date":"2025-04-09T10:37:27","date_gmt":"2025-04-09T10:37:27","guid":{"rendered":"https:\/\/www.ivh44.si\/Ponudbe\/cuciprehod\/?post_type=product&#038;p=8897"},"modified":"2025-10-16T18:44:15","modified_gmt":"2025-10-16T18:44:15","slug":"barking-heads-z-lososom-popolna-hrana-za-odrasle-pse","status":"publish","type":"product","link":"https:\/\/www.mojcuci.si\/en\/product\/barking-heads-z-lososom-popolna-hrana-za-odrasle-pse\/","title":{"rendered":"Barking Heads z lososom popolna hrana za odrasle pse"},"content":{"rendered":"","protected":false},"excerpt":{"rendered":"<p>Popolna hrana za odrasle pse. Najbolj\u0161e kar lahko privo\u0161\u010dite va\u0161emu prijatelju<\/p>\n<ul>\n<li><strong>GRAIN FREE \u2013 brez \u017eitaric<\/strong><\/li>\n<li><strong>prepre\u010duje alergijo<\/strong><\/li>\n<li>odpravi ko\u017ene te\u017eave<\/li>\n<li><strong>za neje\u0161\u010de pse \u2013 zelo okusna<\/strong><\/li>\n<li>100% naravna, 50%lososa<\/li>\n<li>brez konzervansov, barvil in arom<\/li>\n<li>brez GSO in E-jev<\/li>\n<\/ul>","protected":false},"featured_media":8900,"template":"","meta":{"_seopress_robots_primary_cat":"none","_seopress_titles_title":"","_seopress_titles_desc":"","_seopress_robots_index":""},"product_brand":[246],"product_cat":[169,185],"product_tag":[],"class_list":{"0":"post-8897","1":"product","2":"type-product","3":"status-publish","4":"has-post-thumbnail","6":"product_brand-barking-heads","7":"product_cat-hrana-in-prehranski-dodatki-za-pse","8":"product_cat-suha-hrana-za-pse","10":"first","11":"instock","12":"taxable","13":"shipping-taxable","14":"purchasable","15":"product-type-variable"},"_links":{"self":[{"href":"https:\/\/www.mojcuci.si\/en\/wp-json\/wp\/v2\/product\/8897","targetHints":{"allow":["GET"]}}],"collection":[{"href":"https:\/\/www.mojcuci.si\/en\/wp-json\/wp\/v2\/product"}],"about":[{"href":"https:\/\/www.mojcuci.si\/en\/wp-json\/wp\/v2\/types\/product"}],"version-history":[{"count":0,"href":"https:\/\/www.mojcuci.si\/en\/wp-json\/wp\/v2\/product\/8897\/revisions"}],"wp:featuredmedia":[{"embeddable":true,"href":"https:\/\/www.mojcuci.si\/en\/wp-json\/wp\/v2\/media\/8900"}],"wp:attachment":[{"href":"https:\/\/www.mojcuci.si\/en\/wp-json\/wp\/v2\/media?parent=8897"}],"wp:term":[{"taxonomy":"product_brand","embeddable":true,"href":"https:\/\/www.mojcuci.si\/en\/wp-json\/wp\/v2\/product_brand?post=8897"},{"taxonomy":"product_cat","embeddable":true,"href":"https:\/\/www.mojcuci.si\/en\/wp-json\/wp\/v2\/product_cat?post=8897"},{"taxonomy":"product_tag","embeddable":true,"href":"https:\/\/www.mojcuci.si\/en\/wp-json\/wp\/v2\/product_tag?post=8897"}],"curies":[{"name":"wp","href":"https:\/\/api.w.org\/{rel}","templated":true}]}}