{"id":8907,"date":"2025-04-09T10:49:03","date_gmt":"2025-04-09T10:49:03","guid":{"rendered":"https:\/\/www.ivh44.si\/Ponudbe\/cuciprehod\/?post_type=product&#038;p=8907"},"modified":"2025-10-16T18:44:13","modified_gmt":"2025-10-16T18:44:13","slug":"barking-heads-z-jagnetino-za-pse-ki-imajo-tezave-s-kozo-in-dlako","status":"publish","type":"product","link":"https:\/\/www.mojcuci.si\/en\/product\/barking-heads-z-jagnetino-za-pse-ki-imajo-tezave-s-kozo-in-dlako\/","title":{"rendered":"Barking Heads z jagnetino za pse, ki imajo te\u017eave s ko\u017eo in dlako"},"content":{"rendered":"","protected":false},"excerpt":{"rendered":"<p>Hrana za odrsale pse, ki izbolj\u0161uje zdravje ko\u017ee in lesk dlake.<\/p>\n<ul>\n<li><strong>100% naravno<\/strong><\/li>\n<li>50% jagnjetine<\/li>\n<li>brez umetnih barvil, arom in okusov<\/li>\n<li><strong>zdrava ko\u017ea in lesk dlak<\/strong>e<\/li>\n<li><strong>oja\u010da imunski sistem<\/strong><\/li>\n<li>priporo\u010deno s strani veterinarjev<\/li>\n<\/ul>","protected":false},"featured_media":8910,"template":"","meta":{"_seopress_robots_primary_cat":"none","_seopress_titles_title":"","_seopress_titles_desc":"","_seopress_robots_index":""},"product_brand":[246],"product_cat":[169,185],"product_tag":[],"class_list":{"0":"post-8907","1":"product","2":"type-product","3":"status-publish","4":"has-post-thumbnail","6":"product_brand-barking-heads","7":"product_cat-hrana-in-prehranski-dodatki-za-pse","8":"product_cat-suha-hrana-za-pse","10":"first","11":"instock","12":"taxable","13":"shipping-taxable","14":"purchasable","15":"product-type-variable"},"_links":{"self":[{"href":"https:\/\/www.mojcuci.si\/en\/wp-json\/wp\/v2\/product\/8907","targetHints":{"allow":["GET"]}}],"collection":[{"href":"https:\/\/www.mojcuci.si\/en\/wp-json\/wp\/v2\/product"}],"about":[{"href":"https:\/\/www.mojcuci.si\/en\/wp-json\/wp\/v2\/types\/product"}],"version-history":[{"count":0,"href":"https:\/\/www.mojcuci.si\/en\/wp-json\/wp\/v2\/product\/8907\/revisions"}],"wp:featuredmedia":[{"embeddable":true,"href":"https:\/\/www.mojcuci.si\/en\/wp-json\/wp\/v2\/media\/8910"}],"wp:attachment":[{"href":"https:\/\/www.mojcuci.si\/en\/wp-json\/wp\/v2\/media?parent=8907"}],"wp:term":[{"taxonomy":"product_brand","embeddable":true,"href":"https:\/\/www.mojcuci.si\/en\/wp-json\/wp\/v2\/product_brand?post=8907"},{"taxonomy":"product_cat","embeddable":true,"href":"https:\/\/www.mojcuci.si\/en\/wp-json\/wp\/v2\/product_cat?post=8907"},{"taxonomy":"product_tag","embeddable":true,"href":"https:\/\/www.mojcuci.si\/en\/wp-json\/wp\/v2\/product_tag?post=8907"}],"curies":[{"name":"wp","href":"https:\/\/api.w.org\/{rel}","templated":true}]}}