{"id":8934,"date":"2025-04-09T11:21:15","date_gmt":"2025-04-09T11:21:15","guid":{"rendered":"https:\/\/www.ivh44.si\/Ponudbe\/cuciprehod\/?post_type=product&#038;p=8934"},"modified":"2025-10-16T18:44:05","modified_gmt":"2025-10-16T18:44:05","slug":"barking-heads-puppy-days-popolna-hrana-za-pasje-mladice","status":"publish","type":"product","link":"https:\/\/www.mojcuci.si\/en\/product\/barking-heads-puppy-days-popolna-hrana-za-pasje-mladice\/","title":{"rendered":"Barking Heads Puppy Days popolna hrana za pasje mladi\u010de"},"content":{"rendered":"","protected":false},"excerpt":{"rendered":"<p>Popolna hrana za mladi\u010de in odra\u0161\u010dajo\u010de pse.\u00a0<strong>Vsebuje 60% puran.<\/strong><\/p>\n<ul>\n<li><strong>krepi zobe in kosti<\/strong><\/li>\n<li><strong>pomaga pri razvoju mo\u017eganov<\/strong><\/li>\n<li><strong>krepi imunski sistem<\/strong><\/li>\n<li>100% naravna<\/li>\n<li><strong>GRAI FREE \u2013 ne vsebuje \u017eit<\/strong><\/li>\n<li>BREZ konzervansov, barvil in arom<\/li>\n<li>BREZ GSO in E-jev<\/li>\n<\/ul>","protected":false},"featured_media":8937,"template":"","meta":{"_seopress_robots_primary_cat":"none","_seopress_titles_title":"","_seopress_titles_desc":"","_seopress_robots_index":""},"product_brand":[246],"product_cat":[169,185],"product_tag":[],"class_list":{"0":"post-8934","1":"product","2":"type-product","3":"status-publish","4":"has-post-thumbnail","6":"product_brand-barking-heads","7":"product_cat-hrana-in-prehranski-dodatki-za-pse","8":"product_cat-suha-hrana-za-pse","10":"first","11":"instock","12":"taxable","13":"shipping-taxable","14":"purchasable","15":"product-type-variable"},"_links":{"self":[{"href":"https:\/\/www.mojcuci.si\/en\/wp-json\/wp\/v2\/product\/8934","targetHints":{"allow":["GET"]}}],"collection":[{"href":"https:\/\/www.mojcuci.si\/en\/wp-json\/wp\/v2\/product"}],"about":[{"href":"https:\/\/www.mojcuci.si\/en\/wp-json\/wp\/v2\/types\/product"}],"version-history":[{"count":0,"href":"https:\/\/www.mojcuci.si\/en\/wp-json\/wp\/v2\/product\/8934\/revisions"}],"wp:featuredmedia":[{"embeddable":true,"href":"https:\/\/www.mojcuci.si\/en\/wp-json\/wp\/v2\/media\/8937"}],"wp:attachment":[{"href":"https:\/\/www.mojcuci.si\/en\/wp-json\/wp\/v2\/media?parent=8934"}],"wp:term":[{"taxonomy":"product_brand","embeddable":true,"href":"https:\/\/www.mojcuci.si\/en\/wp-json\/wp\/v2\/product_brand?post=8934"},{"taxonomy":"product_cat","embeddable":true,"href":"https:\/\/www.mojcuci.si\/en\/wp-json\/wp\/v2\/product_cat?post=8934"},{"taxonomy":"product_tag","embeddable":true,"href":"https:\/\/www.mojcuci.si\/en\/wp-json\/wp\/v2\/product_tag?post=8934"}],"curies":[{"name":"wp","href":"https:\/\/api.w.org\/{rel}","templated":true}]}}