{"id":9587,"date":"2025-06-04T14:29:15","date_gmt":"2025-06-04T14:29:15","guid":{"rendered":"https:\/\/www.ivh44.si\/Ponudbe\/cuciprehod\/?post_type=product&#038;p=9587"},"modified":"2026-01-05T00:55:35","modified_gmt":"2026-01-05T00:55:35","slug":"ic-light-tr90-terapevtska-odeja-za-konje","status":"publish","type":"product","link":"https:\/\/www.mojcuci.si\/en\/product\/ic-light-tr90-terapevtska-odeja-za-konje\/","title":{"rendered":"IC Light TR90 Horse rug &#8211; Terapevtska odeja za konje"},"content":{"rendered":"","protected":false},"excerpt":{"rendered":"<p>Predstavljamo\u00a0<strong>IC LIGHT-TR90\u00ae<\/strong> \u2013 va\u0161o idealno re\u0161itev za prilagojeno nego konj. Ta prilagodljiva zasnova je primerna za konje vseh velikosti in zagotavlja prilagojeno zdravljenje za specifi\u010dne te\u017eave.<\/p>\n<h3 data-start=\"193\" data-end=\"292\">IC Light TR90 konjska odeja \u2013 ciljno svetlobno zdravljenje za celostno podporo konjskega telesa<\/h3>\n<p data-start=\"294\" data-end=\"608\">IC Light TR90 odeja je vrhunska terapevtska odeja, zasnovana posebej za konje. Z uporabo napredne svetlobne tehnologije (fotobiomodulacije) pomaga pri pospe\u0161evanju regeneracije, laj\u0161anju bole\u010din in podpori celotnemu gibalnemu sistemu. Uporablja se lahko preventivno ali kot podporna terapija pri razli\u010dnih te\u017eavah.<\/p>\n<h4 data-start=\"610\" data-end=\"642\">S to odejo lahko tretirate:<\/h4>\n<ul data-start=\"643\" data-end=\"1218\">\n<li data-start=\"643\" data-end=\"733\">\n<p data-start=\"645\" data-end=\"733\"><strong data-start=\"645\" data-end=\"680\">Mi\u0161i\u010dne napetosti in utrujenost<\/strong> \u2013 po treningu, tekmovanjih ali pri starej\u0161ih konjih.<\/p>\n<\/li>\n<li data-start=\"734\" data-end=\"800\">\n<p data-start=\"736\" data-end=\"800\"><strong data-start=\"736\" data-end=\"756\">Bole\u010dine v hrbtu<\/strong> \u2013 idealna za sprostitev mi\u0161ic ob hrbtenici.<\/p>\n<\/li>\n<li data-start=\"801\" data-end=\"882\">\n<p data-start=\"803\" data-end=\"882\"><strong data-start=\"803\" data-end=\"834\">Te\u017eave s kri\u017eem in medenico<\/strong> \u2013 pomaga izbolj\u0161ati prekrvavitev in gibljivost.<\/p>\n<\/li>\n<li data-start=\"883\" data-end=\"971\">\n<p data-start=\"885\" data-end=\"971\"><strong data-start=\"885\" data-end=\"927\">Zategnjene mi\u0161ice ple\u010d ali zadnjih nog<\/strong> \u2013 za bolj\u0161o simetrijo in ravnote\u017eje telesa.<\/p>\n<\/li>\n<li data-start=\"972\" data-end=\"1059\">\n<p data-start=\"974\" data-end=\"1059\"><strong data-start=\"974\" data-end=\"1011\">Zagretost pred delom ali terapijo<\/strong> \u2013 omogo\u010da hitrej\u0161e ogrevanje mi\u0161ic brez stresa.<\/p>\n<\/li>\n<li data-start=\"1060\" data-end=\"1138\">\n<p data-start=\"1062\" data-end=\"1138\"><strong data-start=\"1062\" data-end=\"1103\">Okrevanje po po\u0161kodbah ali operacijah<\/strong> \u2013 svetloba spodbuja celjenje tkiv.<\/p>\n<\/li>\n<li data-start=\"1139\" data-end=\"1218\">\n<p data-start=\"1141\" data-end=\"1218\"><strong data-start=\"1141\" data-end=\"1169\">Stres in splo\u0161no po\u010dutje<\/strong> \u2013 blagodejno deluje na \u017eiv\u010dni sistem in pomirja.<\/p>\n<\/li>\n<\/ul>\n<h4 data-start=\"1220\" data-end=\"1253\">Zakaj izbrati IC Light TR90?<\/h4>\n<ul data-start=\"1254\" data-end=\"1450\">\n<li data-start=\"1254\" data-end=\"1298\">\n<p data-start=\"1256\" data-end=\"1298\">Lahka, fleksibilna in enostavna za uporabo<\/p>\n<\/li>\n<li data-start=\"1299\" data-end=\"1349\">\n<p data-start=\"1301\" data-end=\"1349\">Pokrije celoten hrbet in klju\u010dne mi\u0161i\u010dne skupine<\/p>\n<\/li>\n<li data-start=\"1350\" data-end=\"1401\">\n<p data-start=\"1352\" data-end=\"1401\">Varna in nebole\u010da terapija brez stranskih u\u010dinkov<\/p>\n<\/li>\n<li data-start=\"1402\" data-end=\"1450\">\n<p data-start=\"1404\" data-end=\"1450\">Primerna za profesionalne in rekreativne konje<\/p>\n<\/li>\n<li data-start=\"1402\" data-end=\"1450\">Primerna za konje vseh velikosti.<\/li>\n<\/ul>\n<p>&nbsp;<\/p>\n<p>&nbsp;<\/p>\n<p>&nbsp;<\/p>","protected":false},"featured_media":9590,"template":"","meta":{"_seopress_robots_primary_cat":"none","_seopress_titles_title":"","_seopress_titles_desc":"","_seopress_robots_index":""},"product_brand":[219],"product_cat":[259,152],"product_tag":[],"class_list":{"0":"post-9587","1":"product","2":"type-product","3":"status-publish","4":"has-post-thumbnail","6":"product_brand-photonic-lights","7":"product_cat-photonic-lights-led-svetlobna-terapija-za-zivali","8":"product_cat-led-svetlobna-terapija-za-zivali","10":"first","11":"onbackorder","12":"taxable","13":"shipping-taxable","14":"purchasable","15":"product-type-simple"},"_links":{"self":[{"href":"https:\/\/www.mojcuci.si\/en\/wp-json\/wp\/v2\/product\/9587","targetHints":{"allow":["GET"]}}],"collection":[{"href":"https:\/\/www.mojcuci.si\/en\/wp-json\/wp\/v2\/product"}],"about":[{"href":"https:\/\/www.mojcuci.si\/en\/wp-json\/wp\/v2\/types\/product"}],"version-history":[{"count":0,"href":"https:\/\/www.mojcuci.si\/en\/wp-json\/wp\/v2\/product\/9587\/revisions"}],"wp:featuredmedia":[{"embeddable":true,"href":"https:\/\/www.mojcuci.si\/en\/wp-json\/wp\/v2\/media\/9590"}],"wp:attachment":[{"href":"https:\/\/www.mojcuci.si\/en\/wp-json\/wp\/v2\/media?parent=9587"}],"wp:term":[{"taxonomy":"product_brand","embeddable":true,"href":"https:\/\/www.mojcuci.si\/en\/wp-json\/wp\/v2\/product_brand?post=9587"},{"taxonomy":"product_cat","embeddable":true,"href":"https:\/\/www.mojcuci.si\/en\/wp-json\/wp\/v2\/product_cat?post=9587"},{"taxonomy":"product_tag","embeddable":true,"href":"https:\/\/www.mojcuci.si\/en\/wp-json\/wp\/v2\/product_tag?post=9587"}],"curies":[{"name":"wp","href":"https:\/\/api.w.org\/{rel}","templated":true}]}}