{"id":9625,"date":"2025-06-05T12:02:56","date_gmt":"2025-06-05T12:02:56","guid":{"rendered":"https:\/\/www.ivh44.si\/Ponudbe\/cuciprehod\/?post_type=product&#038;p=9625"},"modified":"2026-01-06T12:16:04","modified_gmt":"2026-01-06T12:16:04","slug":"photonic-lights-leglight-s2-pro-fotonska-terapevtska-svetloba-za-konjske-noge","status":"publish","type":"product","link":"https:\/\/www.mojcuci.si\/en\/product\/photonic-lights-leglight-s2-pro-fotonska-terapevtska-svetloba-za-konjske-noge\/","title":{"rendered":"Photonic Lights legLIGHT S2 PRO &#8211; Fotonska terapevtska svetloba za konje"},"content":{"rendered":"","protected":false},"excerpt":{"rendered":"<h3 data-start=\"519\" data-end=\"548\"><strong data-start=\"524\" data-end=\"548\">Se lahko uporablja za:<\/strong><\/h3>\n<ul data-start=\"549\" data-end=\"1120\">\n<li data-start=\"549\" data-end=\"650\">\n<p data-start=\"551\" data-end=\"650\"><strong data-start=\"553\" data-end=\"588\">Zdravljenje po\u0161kodb kit in vezi<\/strong> (npr. superficial digital flexor tendon, suspensory ligament)<\/p>\n<\/li>\n<li data-start=\"651\" data-end=\"729\">\n<p data-start=\"653\" data-end=\"729\"><strong data-start=\"655\" data-end=\"677\">Vnetja in otekanje<\/strong> \u2013 zmanj\u0161uje zatekanje in spodbuja odvajanje teko\u010din<\/p>\n<\/li>\n<li data-start=\"730\" data-end=\"824\">\n<p data-start=\"732\" data-end=\"824\"><strong data-start=\"734\" data-end=\"754\">Po\u0161kodbe sklepov<\/strong> \u2013 laj\u0161a bole\u010dine in spodbuja regeneracijo (sko\u010dni sklep, koleno itd.)<\/p>\n<\/li>\n<li data-start=\"825\" data-end=\"882\">\n<p data-start=\"827\" data-end=\"882\"><strong data-start=\"829\" data-end=\"882\">Podpora pri okrevanju po operacijah ali po\u0161kodbah<\/strong><\/p>\n<\/li>\n<li data-start=\"883\" data-end=\"968\">\n<p data-start=\"885\" data-end=\"968\"><strong data-start=\"887\" data-end=\"906\">Kroni\u010dne te\u017eave<\/strong> \u2013 artritis, degenerativne spremembe, ponavljajo\u010de se po\u0161kodbe<\/p>\n<\/li>\n<li data-start=\"969\" data-end=\"1038\">\n<p data-start=\"971\" data-end=\"1038\"><strong data-start=\"973\" data-end=\"1038\">Ogrevanje mi\u0161ic in vezivnega tkiva pred vadbo ali tekmovanjem<\/strong><\/p>\n<\/li>\n<li data-start=\"1039\" data-end=\"1120\">\n<p data-start=\"1041\" data-end=\"1120\"><strong data-start=\"1043\" data-end=\"1071\">Regeneracija po treningu<\/strong> \u2013 zmanj\u0161a zakasnele mi\u0161i\u010dne bole\u010dine in napetost<\/p>\n<\/li>\n<\/ul>\n<p>Pakirano: v paru (2 kosa)<\/p>","protected":false},"featured_media":9629,"template":"","meta":{"_seopress_robots_primary_cat":"none","_seopress_titles_title":"","_seopress_titles_desc":"","_seopress_robots_index":""},"product_brand":[219],"product_cat":[259,152],"product_tag":[],"class_list":{"0":"post-9625","1":"product","2":"type-product","3":"status-publish","4":"has-post-thumbnail","6":"product_brand-photonic-lights","7":"product_cat-photonic-lights-led-svetlobna-terapija-za-zivali","8":"product_cat-led-svetlobna-terapija-za-zivali","10":"first","11":"onbackorder","12":"taxable","13":"shipping-taxable","14":"purchasable","15":"product-type-simple"},"_links":{"self":[{"href":"https:\/\/www.mojcuci.si\/en\/wp-json\/wp\/v2\/product\/9625","targetHints":{"allow":["GET"]}}],"collection":[{"href":"https:\/\/www.mojcuci.si\/en\/wp-json\/wp\/v2\/product"}],"about":[{"href":"https:\/\/www.mojcuci.si\/en\/wp-json\/wp\/v2\/types\/product"}],"version-history":[{"count":0,"href":"https:\/\/www.mojcuci.si\/en\/wp-json\/wp\/v2\/product\/9625\/revisions"}],"wp:featuredmedia":[{"embeddable":true,"href":"https:\/\/www.mojcuci.si\/en\/wp-json\/wp\/v2\/media\/9629"}],"wp:attachment":[{"href":"https:\/\/www.mojcuci.si\/en\/wp-json\/wp\/v2\/media?parent=9625"}],"wp:term":[{"taxonomy":"product_brand","embeddable":true,"href":"https:\/\/www.mojcuci.si\/en\/wp-json\/wp\/v2\/product_brand?post=9625"},{"taxonomy":"product_cat","embeddable":true,"href":"https:\/\/www.mojcuci.si\/en\/wp-json\/wp\/v2\/product_cat?post=9625"},{"taxonomy":"product_tag","embeddable":true,"href":"https:\/\/www.mojcuci.si\/en\/wp-json\/wp\/v2\/product_tag?post=9625"}],"curies":[{"name":"wp","href":"https:\/\/api.w.org\/{rel}","templated":true}]}}