{"id":9649,"date":"2025-06-11T09:42:50","date_gmt":"2025-06-11T09:42:50","guid":{"rendered":"https:\/\/www.ivh44.si\/Ponudbe\/cuciprehod\/?post_type=product&#038;p=9649"},"modified":"2026-04-12T14:22:52","modified_gmt":"2026-04-12T14:22:52","slug":"zascitna-torbica-za-vas-photizo","status":"publish","type":"product","link":"https:\/\/www.mojcuci.si\/en\/product\/zascitna-torbica-za-vas-photizo\/","title":{"rendered":"Za\u0161\u010ditna torbica &#8211; za va\u0161 Photizo"},"content":{"rendered":"","protected":false},"excerpt":{"rendered":"<p>Ta torbica zagotavlja za\u0161\u010dito, enostaven transport in u\u010dinkovito uporabo naprave Vetcare med potovanjem.<br \/>\n<strong>Torbica ima ve\u010d funkcij za za\u0161\u010dito naprave Photizo Vetcare, kot so:<\/strong><\/p>\n<p>\u2022 Prozoren plasti\u010dni zavihek, ki se prepogne \u010dez le\u010do, omogo\u010da u\u010dinkovito uporabo naprave Photizo, medtem ko je \u0161e vedno v torbici, in zagotavlja enako u\u010dinkovite rezultate, ne da bi jo motile debele za\u0161\u010ditne plasti.<br \/>\n\u2022 Pritrditev z je\u017ekom na zavihku zagotavlja, da je naprava vedno varna in za\u0161\u010ditena, kar olaj\u0161a varno prena\u0161anje in za\u0161\u010dito naprave med uporabo.<br \/>\n\u2022 Elasti\u010dne stranice zagotavljajo varno prileganje naprave in omogo\u010dajo hitro in enostavno vstavljanje in izvla\u010denje naprave iz torbice.<br \/>\n\u2022 Polnilna odprtina re\u0161uje potrebo po ve\u010dkratnem odstranjevanju naprave za polnjenje, namesto tega pa uporabniku omogo\u010da polnjenje naprave, medtem ko je \u0161e vedno v torbici.<br \/>\n\u2022 Zapestni trak na hrbtni strani torbice varno dr\u017ei napravo Vetcare in prepre\u010duje, da bi jo uporabnik spustil in po\u0161kodoval. \u0160e posebej uporabno pri uporabi na konjih in velikih \u017eivinih, \u010de se naprava uporablja na visoki vi\u0161ini in obstaja tveganje nepri\u010dakovanih premikov, zaradi katerih bi lahko uporabnik nenadoma spustil napravo.<br \/>\n\u2022 Torbica je izdelana iz mo\u010dnega platna, posebej zasnovanega za visoko vzdr\u017eljivost. To zagotavlja dodatno za\u0161\u010dito pred praskami, prahom in umazanijo.<\/p>","protected":false},"featured_media":9653,"template":"","meta":{"_seopress_robots_primary_cat":"none","_seopress_titles_title":"","_seopress_titles_desc":"","_seopress_robots_index":""},"product_brand":[248],"product_cat":[258,257,151,152],"product_tag":[],"class_list":{"0":"post-9649","1":"product","2":"type-product","3":"status-publish","4":"has-post-thumbnail","6":"product_brand-photizo","7":"product_cat-photizo-led-svetlobna-terapija-za-zivali","8":"product_cat-photizo","9":"product_cat-led-svetlobna-terapija-za-ljudi","10":"product_cat-led-svetlobna-terapija-za-zivali","12":"first","13":"instock","14":"taxable","15":"shipping-taxable","16":"purchasable","17":"product-type-simple"},"_links":{"self":[{"href":"https:\/\/www.mojcuci.si\/en\/wp-json\/wp\/v2\/product\/9649","targetHints":{"allow":["GET"]}}],"collection":[{"href":"https:\/\/www.mojcuci.si\/en\/wp-json\/wp\/v2\/product"}],"about":[{"href":"https:\/\/www.mojcuci.si\/en\/wp-json\/wp\/v2\/types\/product"}],"version-history":[{"count":0,"href":"https:\/\/www.mojcuci.si\/en\/wp-json\/wp\/v2\/product\/9649\/revisions"}],"wp:featuredmedia":[{"embeddable":true,"href":"https:\/\/www.mojcuci.si\/en\/wp-json\/wp\/v2\/media\/9653"}],"wp:attachment":[{"href":"https:\/\/www.mojcuci.si\/en\/wp-json\/wp\/v2\/media?parent=9649"}],"wp:term":[{"taxonomy":"product_brand","embeddable":true,"href":"https:\/\/www.mojcuci.si\/en\/wp-json\/wp\/v2\/product_brand?post=9649"},{"taxonomy":"product_cat","embeddable":true,"href":"https:\/\/www.mojcuci.si\/en\/wp-json\/wp\/v2\/product_cat?post=9649"},{"taxonomy":"product_tag","embeddable":true,"href":"https:\/\/www.mojcuci.si\/en\/wp-json\/wp\/v2\/product_tag?post=9649"}],"curies":[{"name":"wp","href":"https:\/\/api.w.org\/{rel}","templated":true}]}}