{"id":9681,"date":"2025-06-11T11:21:41","date_gmt":"2025-06-11T11:21:41","guid":{"rendered":"https:\/\/www.ivh44.si\/Ponudbe\/cuciprehod\/?post_type=product&#038;p=9681"},"modified":"2026-04-12T14:22:51","modified_gmt":"2026-04-12T14:22:51","slug":"photonic-lights-photopuncture-pen-green-fotonsko-svetlobno-pero-za-fotopunkturo-zelen","status":"publish","type":"product","link":"https:\/\/www.mojcuci.si\/en\/product\/photonic-lights-photopuncture-pen-green-fotonsko-svetlobno-pero-za-fotopunkturo-zelen\/","title":{"rendered":"Photonic Lights Photopuncture Pen GREEN- Fotonsko svetlobno pero za fotopunkturo, ZELEN"},"content":{"rendered":"","protected":false},"excerpt":{"rendered":"<p><strong>Fotonsko svetlobno fotopunkturno pero zelene barve <\/strong>hitrej\u0161a pot do bolj\u0161e energije.<\/p>\n<p><strong>Fotopunktura z zeleno<\/strong>\u00a0svetlobo je neinvazivna in naravna terapija, ki izkori\u0161\u010da mo\u010d svetlobe za laj\u0161anje razli\u010dnih zdravstvenih stanj.<\/p>\n<p>&nbsp;<\/p>\n<p><strong>Laj\u0161a migrene<\/strong> (zmanj\u0161anje intenzivnost\u00a0in\u00a0pogostost migren)<\/p>\n<p>Pomirjujo\u010d u\u010dinek na <strong>\u017eiv\u010dni sistem<\/strong><\/p>\n<p>Spodbuja sprostitev in laj\u0161a napetost v predelu <strong>glave in vratu<\/strong><\/p>\n<p>Obetavni rezultati pri zdravljenju <strong>tinitusa<\/strong> (<strong>zvonjenje ali bren\u010danje<\/strong> v u\u0161esih)<\/p>\n<p>Pomaga izbolj\u0161ati <strong>\u00a0prekrvavitev<\/strong>\u00a0in\u00a0<strong>optimizirati delovanje \u017eivcev<\/strong><\/p>\n<p>Koristna za razli\u010dna <strong>ko\u017ena stanja<\/strong> (<strong>akne, ekcemi, rozacea<\/strong> ali druge dermatolo\u0161ke te\u017eave)<\/p>\n<p>&nbsp;<\/p>","protected":false},"featured_media":9702,"template":"","meta":{"_seopress_robots_primary_cat":"none","_seopress_titles_title":"","_seopress_titles_desc":"","_seopress_robots_index":""},"product_brand":[219],"product_cat":[259,220,151,152],"product_tag":[],"class_list":{"0":"post-9681","1":"product","2":"type-product","3":"status-publish","4":"has-post-thumbnail","6":"product_brand-photonic-lights","7":"product_cat-photonic-lights-led-svetlobna-terapija-za-zivali","8":"product_cat-photonic-lights","9":"product_cat-led-svetlobna-terapija-za-ljudi","10":"product_cat-led-svetlobna-terapija-za-zivali","12":"first","13":"instock","14":"taxable","15":"shipping-taxable","16":"purchasable","17":"product-type-simple"},"_links":{"self":[{"href":"https:\/\/www.mojcuci.si\/en\/wp-json\/wp\/v2\/product\/9681","targetHints":{"allow":["GET"]}}],"collection":[{"href":"https:\/\/www.mojcuci.si\/en\/wp-json\/wp\/v2\/product"}],"about":[{"href":"https:\/\/www.mojcuci.si\/en\/wp-json\/wp\/v2\/types\/product"}],"version-history":[{"count":0,"href":"https:\/\/www.mojcuci.si\/en\/wp-json\/wp\/v2\/product\/9681\/revisions"}],"wp:featuredmedia":[{"embeddable":true,"href":"https:\/\/www.mojcuci.si\/en\/wp-json\/wp\/v2\/media\/9702"}],"wp:attachment":[{"href":"https:\/\/www.mojcuci.si\/en\/wp-json\/wp\/v2\/media?parent=9681"}],"wp:term":[{"taxonomy":"product_brand","embeddable":true,"href":"https:\/\/www.mojcuci.si\/en\/wp-json\/wp\/v2\/product_brand?post=9681"},{"taxonomy":"product_cat","embeddable":true,"href":"https:\/\/www.mojcuci.si\/en\/wp-json\/wp\/v2\/product_cat?post=9681"},{"taxonomy":"product_tag","embeddable":true,"href":"https:\/\/www.mojcuci.si\/en\/wp-json\/wp\/v2\/product_tag?post=9681"}],"curies":[{"name":"wp","href":"https:\/\/api.w.org\/{rel}","templated":true}]}}